{"id":10331,"date":"2025-10-24T14:27:48","date_gmt":"2025-10-24T12:27:48","guid":{"rendered":"https:\/\/www.biokari.sk\/produkt\/love-diet-parajdska-sol-1000g\/"},"modified":"2026-03-10T18:00:56","modified_gmt":"2026-03-10T17:00:56","slug":"love-diet-parajdska-sol-1000g","status":"publish","type":"product","link":"https:\/\/www.biokari.sk\/ro\/produs\/love-diet-parajdska-sol-1000g\/","title":{"rendered":"Love diet Parajdsk\u00e1 so\u013e 1000g"},"content":{"rendered":"<p>T\u00e1to <strong>\u010dist\u00e1, 100 % pr\u00edrodn\u00e1 so\u013e<\/strong> poch\u00e1dza z jednej z najsl\u00e1vnej\u0161\u00edch so\u013en\u00fdch ban\u00ed v Erd\u00e9lyi (Sedmohradsku). Neobsahuje \u017eiadne <strong>chemick\u00e9 pr\u00edsady, farbiv\u00e1 ani konzerva\u010dn\u00e9 l\u00e1tky<\/strong>, v\u010faka \u010domu zachov\u00e1va svoju <strong>prirodzen\u00fa chu\u0165 a miner\u00e1lne zlo\u017eenie<\/strong>. Ide\u00e1lna na ka\u017edodenn\u00e9 pou\u017eitie v kuchyni aj na zdrav\u00fd \u017eivotn\u00fd \u0161t\u00fdl.<\/p>\n\n\n\n<p><strong>Compozi\u021bie:<\/strong> 100 % so\u013e<\/p>\n\n\n\n<p><strong>Valori nutri\u021bionale medii per 100 g de produs:<\/strong><br>Energia: 0 kJ \/ 0 kcal<br>Tuky: 0 g<br>\u2013 z toho nas\u00fdten\u00e9 mastn\u00e9 kyseliny: 0 g<br>Sacharidy: 0 g<br>\u2013 z toho cukry: 0 g<br>Bielkoviny: 0 g<br>Vl\u00e1knina: 0 g<br>So\u013e: 100 g<\/p>","protected":false},"excerpt":{"rendered":"<p>&#8230; <a class=\"more-link\" href=\"#tab-description\">Cite\u0219te mai mult<\/a><\/p>","protected":false},"featured_media":10333,"comment_status":"open","ping_status":"closed","template":"","meta":{"inline_featured_image":false},"product_brand":[],"product_cat":[71,169],"product_tag":[312],"class_list":{"0":"post-10331","1":"product","2":"type-product","3":"status-publish","4":"has-post-thumbnail","6":"product_cat-potraviny","7":"product_cat-sol","8":"product_tag-top-potraviny","10":"first","11":"instock","12":"taxable","13":"shipping-taxable","14":"purchasable","15":"product-type-simple"},"aioseo_notices":[],"_links":{"self":[{"href":"https:\/\/www.biokari.sk\/ro\/wp-json\/wp\/v2\/product\/10331","targetHints":{"allow":["GET"]}}],"collection":[{"href":"https:\/\/www.biokari.sk\/ro\/wp-json\/wp\/v2\/product"}],"about":[{"href":"https:\/\/www.biokari.sk\/ro\/wp-json\/wp\/v2\/types\/product"}],"replies":[{"embeddable":true,"href":"https:\/\/www.biokari.sk\/ro\/wp-json\/wp\/v2\/comments?post=10331"}],"wp:featuredmedia":[{"embeddable":true,"href":"https:\/\/www.biokari.sk\/ro\/wp-json\/wp\/v2\/media\/10333"}],"wp:attachment":[{"href":"https:\/\/www.biokari.sk\/ro\/wp-json\/wp\/v2\/media?parent=10331"}],"wp:term":[{"taxonomy":"product_brand","embeddable":true,"href":"https:\/\/www.biokari.sk\/ro\/wp-json\/wp\/v2\/product_brand?post=10331"},{"taxonomy":"product_cat","embeddable":true,"href":"https:\/\/www.biokari.sk\/ro\/wp-json\/wp\/v2\/product_cat?post=10331"},{"taxonomy":"product_tag","embeddable":true,"href":"https:\/\/www.biokari.sk\/ro\/wp-json\/wp\/v2\/product_tag?post=10331"}],"curies":[{"name":"wp","href":"https:\/\/api.w.org\/{rel}","templated":true}]}}