{"id":10339,"date":"2025-10-24T15:15:54","date_gmt":"2025-10-24T13:15:54","guid":{"rendered":"https:\/\/www.biokari.sk\/produkt\/nacl-cista-sol-1000g\/"},"modified":"2026-04-30T19:01:22","modified_gmt":"2026-04-30T17:01:22","slug":"nacl-cista-sol-1000g","status":"publish","type":"product","link":"https:\/\/www.biokari.sk\/ro\/produs\/nacl-cista-sol-1000g\/","title":{"rendered":"NACL \u010cist\u00e1 so\u013e 1000g"},"content":{"rendered":"<p data-start=\"0\" data-end=\"74\"><strong data-start=\"0\" data-end=\"72\">\u00c1GI \u010dist\u00e1 so\u013e \u2013 bez pr\u00eddavn\u00fdch l\u00e1tok, bez drasl\u00edka, zdrav\u00e1 \u010dist\u00e1 so\u013e<\/strong><\/p>\n<p data-start=\"76\" data-end=\"291\">Pre ka\u017ed\u00e9ho je d\u00f4le\u017eit\u00e9, aby pri stravovan\u00ed pou\u017e\u00edval <strong data-start=\"129\" data-end=\"157\">\u010dist\u00fa kuchynsk\u00fa so\u013e NaCl<\/strong>. T\u00e1to <strong data-start=\"164\" data-end=\"188\">pr\u00edrodn\u00e1, adit\u00edv bez<\/strong> kuchynsk\u00e1 so\u013e je <strong data-start=\"206\" data-end=\"243\">dvojn\u00e1sobne kontrolovan\u00e1 kvalitou<\/strong> a obsahuje <strong data-start=\"255\" data-end=\"288\">minim\u00e1lne 99,5 % \u010dist\u00e9ho NaCl<\/strong>.<\/p>\n<p data-start=\"293\" data-end=\"378\"><strong data-start=\"293\" data-end=\"306\">Compozi\u021bie:<\/strong> \u010dist\u00fd chlorid sodn\u00fd (NaCl)<br data-start=\"333\" data-end=\"336\" \/><strong data-start=\"336\" data-end=\"376\">Bez pr\u00eddavn\u00fdch l\u00e1tok a bez drasl\u00edka.<\/strong><\/p>\n<p data-start=\"380\" data-end=\"400\" data-is-last-node=\"\" data-is-only-node=\"\"><strong data-start=\"380\" data-end=\"393\">Greutate:<\/strong> 1000 g<\/p>","protected":false},"excerpt":{"rendered":"<p>Je ve\u013emi d\u00f4le\u017eit\u00e9, aby ka\u017ed\u00fd \u010dlovek jedol po\u010das jedla \u010dist\u00fa kuchynsk\u00fa so\u013e NaCl. Niektor\u00e9 z komer\u010dne dostupn\u00fdch sol\u00ed obsahuj\u00fa nezn\u00e1me mno\u017estvo draselnej soli, aj ke\u010f je to ve\u013emi nebezpe\u010dn\u00e9. Ka\u017ed\u00e1 kuchynsk\u00e1 so\u013e mus\u00ed obsahova\u0165 minim\u00e1lne 97% kuchynskej soli NaCl, ale draseln\u00e1 so\u013e KCl nie je zahrnut\u00e1 do &#8230; <a class=\"more-link\" href=\"#tab-description\">Cite\u0219te mai mult<\/a><\/p>","protected":false},"featured_media":10341,"comment_status":"open","ping_status":"closed","template":"","meta":{"inline_featured_image":false},"product_brand":[],"product_cat":[266,71,169],"product_tag":[312],"class_list":{"0":"post-10339","1":"product","2":"type-product","3":"status-publish","4":"has-post-thumbnail","6":"product_cat-soly","7":"product_cat-potraviny","8":"product_cat-sol","9":"product_tag-top-potraviny","11":"first","12":"instock","13":"taxable","14":"shipping-taxable","15":"purchasable","16":"product-type-simple"},"aioseo_notices":[],"_links":{"self":[{"href":"https:\/\/www.biokari.sk\/ro\/wp-json\/wp\/v2\/product\/10339","targetHints":{"allow":["GET"]}}],"collection":[{"href":"https:\/\/www.biokari.sk\/ro\/wp-json\/wp\/v2\/product"}],"about":[{"href":"https:\/\/www.biokari.sk\/ro\/wp-json\/wp\/v2\/types\/product"}],"replies":[{"embeddable":true,"href":"https:\/\/www.biokari.sk\/ro\/wp-json\/wp\/v2\/comments?post=10339"}],"wp:featuredmedia":[{"embeddable":true,"href":"https:\/\/www.biokari.sk\/ro\/wp-json\/wp\/v2\/media\/10341"}],"wp:attachment":[{"href":"https:\/\/www.biokari.sk\/ro\/wp-json\/wp\/v2\/media?parent=10339"}],"wp:term":[{"taxonomy":"product_brand","embeddable":true,"href":"https:\/\/www.biokari.sk\/ro\/wp-json\/wp\/v2\/product_brand?post=10339"},{"taxonomy":"product_cat","embeddable":true,"href":"https:\/\/www.biokari.sk\/ro\/wp-json\/wp\/v2\/product_cat?post=10339"},{"taxonomy":"product_tag","embeddable":true,"href":"https:\/\/www.biokari.sk\/ro\/wp-json\/wp\/v2\/product_tag?post=10339"}],"curies":[{"name":"wp","href":"https:\/\/api.w.org\/{rel}","templated":true}]}}