{"id":10347,"date":"2025-10-24T17:18:19","date_gmt":"2025-10-24T15:18:19","guid":{"rendered":"https:\/\/www.biokari.sk\/produkt\/wtn-kapsuly-na-nervy-60ks\/"},"modified":"2026-04-24T22:01:09","modified_gmt":"2026-04-24T20:01:09","slug":"wtn-kapsuly-na-nervy-60ks","status":"publish","type":"product","link":"https:\/\/www.biokari.sk\/ro\/produs\/wtn-kapsuly-na-nervy-60ks\/","title":{"rendered":"WTN Kapsuly na nervy 60ks"},"content":{"rendered":"<p>Spr\u00e1vne fungovanie nervov\u00e9ho syst\u00e9mu je <strong>zlo\u017eit\u00fd fyziologick\u00fd proces<\/strong>, ktor\u00fd si vy\u017eaduje dostato\u010dn\u00fa hladinu <strong>vitam\u00ednov a miner\u00e1lnych l\u00e1tok<\/strong>. Vitam\u00edny skupiny B zohr\u00e1vaj\u00fa mimoriadne d\u00f4le\u017eit\u00fa \u00falohu v <strong>energetickom metabolizme<\/strong> a pri <strong>udr\u017eiavan\u00ed zdravej \u010dinnosti nervovej s\u00fastavy<\/strong>. Ako s\u00fa\u010das\u0165 vyv\u00e1\u017eenej stravy m\u00f4\u017eu prispieva\u0165 k <strong>celkovej pohode organizmu<\/strong>, <strong>zn\u00ed\u017eeniu \u00fanavy a vy\u010derpania<\/strong>, ako aj k <strong>spr\u00e1vnemu fungovaniu psychick\u00fdch funkci\u00ed<\/strong>.<\/p>\n\n\n\n<p><strong>WTN Idegbar\u00e1t<\/strong> obsahuje vitam\u00edny skupiny B v <strong>biologicky akt\u00edvnej (koenz\u00fdmovej) forme<\/strong>, ktor\u00fa organizmus dok\u00e1\u017ee <strong>efekt\u00edvne vyu\u017ei\u0165<\/strong>.<\/p>\n\n\n\n<p><strong>Kedy je vhodn\u00e9 pou\u017e\u00edva\u0165?<\/strong><br>Pravideln\u00e9 u\u017e\u00edvanie pr\u00edpravku m\u00f4\u017ee podporova\u0165:<br>- <strong>norm\u00e1lne fungovanie nervov\u00e9ho syst\u00e9mu<\/strong> (vitam\u00edny B1, B6, B12),<br>- <strong>udr\u017eiavanie psychick\u00fdch funkci\u00ed<\/strong> (vitam\u00edny B6, B9, B12),<br>- <strong>zn\u00ed\u017eenie \u00fanavy a vy\u010derpania<\/strong> (vitam\u00edny B6, B9, B12),<br>- <strong>spr\u00e1vny metabolizmus homocyste\u00ednu<\/strong>, ktor\u00fd je d\u00f4le\u017eit\u00fd pre bunkov\u00e9 a nervov\u00e9 procesy (vitam\u00edny B6, B9, B12).<\/p>\n\n\n\n<p>Pr\u00edpravok m\u00f4\u017ee by\u0165 u\u017eito\u010dn\u00fd pri <strong>zv\u00fd\u0161enej psychickej z\u00e1\u0165a\u017ei, strese, jednostrannej strave alebo zv\u00fd\u0161enej potrebe \u017eiv\u00edn<\/strong>.<\/p>\n\n\n\n<p><strong>Compozi\u021bie:<\/strong> organick\u00e1 guma arabsk\u00e1, tiam\u00edn-pyrofosf\u00e1t-chlorid, \u017eelat\u00edna (obal kapsuly), pyridox\u00e1l-5\u2019-fosf\u00e1t, askorbyl-palmit\u00e1t, glukozam\u00edn-fol\u00e1tov\u00e1 so\u013e (L-5-MTHF), adenozylkobalam\u00edn.<\/p>\n\n\n\n<p><strong>Obsah akt\u00edvnych l\u00e1tok v 1 kapsule:<\/strong><br>- <strong>Vitam\u00edn B1 (tiam\u00edn-pyrofosf\u00e1t-chlorid): 150 mg \u2013 13636 % NRV<\/strong><br>- <strong>Vitam\u00edn B6 (pyridox\u00e1l-5\u2019-fosf\u00e1t [P5P]): 12 mg \u2013 857 % NRV<\/strong><br>- <strong>Vitam\u00edn B12 (adenozylkobalam\u00edn): 15 \u00b5g \u2013 600 % NRV<\/strong><\/p>\n\n\n\n<p><em>NRV \u2013 referen\u010dn\u00e1 hodnota pr\u00edjmu pre dospel\u00fdch.<\/em><\/p>\n\n\n\n<p><strong>Balenie:<\/strong> 60 kaps\u00fal<\/p>","protected":false},"excerpt":{"rendered":"<p>Spr\u00e1vne fungovanie nervov\u00e9ho syst\u00e9mu je zlo\u017eit\u00fd fyziologick\u00fd proces, ktor\u00fd si vy\u017eaduje dostato\u010dn\u00fa hladinu vitam\u00ednov a miner\u00e1lnych l\u00e1tok&#8230; <a class=\"more-link\" href=\"#tab-description\">Cite\u0219te mai mult<\/a><\/p>","protected":false},"featured_media":10348,"comment_status":"open","ping_status":"closed","template":"","meta":{"inline_featured_image":false},"product_brand":[289],"product_cat":[394,69],"product_tag":[311],"class_list":{"0":"post-10347","1":"product","2":"type-product","3":"status-publish","4":"has-post-thumbnail","6":"product_brand-wtn","7":"product_cat-na-nervy","8":"product_cat-vyzivove-doplnky","9":"product_tag-top-vyzivove-doplnky","11":"first","12":"instock","13":"taxable","14":"shipping-taxable","15":"purchasable","16":"product-type-simple"},"aioseo_notices":[],"_links":{"self":[{"href":"https:\/\/www.biokari.sk\/ro\/wp-json\/wp\/v2\/product\/10347","targetHints":{"allow":["GET"]}}],"collection":[{"href":"https:\/\/www.biokari.sk\/ro\/wp-json\/wp\/v2\/product"}],"about":[{"href":"https:\/\/www.biokari.sk\/ro\/wp-json\/wp\/v2\/types\/product"}],"replies":[{"embeddable":true,"href":"https:\/\/www.biokari.sk\/ro\/wp-json\/wp\/v2\/comments?post=10347"}],"wp:featuredmedia":[{"embeddable":true,"href":"https:\/\/www.biokari.sk\/ro\/wp-json\/wp\/v2\/media\/10348"}],"wp:attachment":[{"href":"https:\/\/www.biokari.sk\/ro\/wp-json\/wp\/v2\/media?parent=10347"}],"wp:term":[{"taxonomy":"product_brand","embeddable":true,"href":"https:\/\/www.biokari.sk\/ro\/wp-json\/wp\/v2\/product_brand?post=10347"},{"taxonomy":"product_cat","embeddable":true,"href":"https:\/\/www.biokari.sk\/ro\/wp-json\/wp\/v2\/product_cat?post=10347"},{"taxonomy":"product_tag","embeddable":true,"href":"https:\/\/www.biokari.sk\/ro\/wp-json\/wp\/v2\/product_tag?post=10347"}],"curies":[{"name":"wp","href":"https:\/\/api.w.org\/{rel}","templated":true}]}}