{"id":10368,"date":"2025-10-25T10:12:51","date_gmt":"2025-10-25T08:12:51","guid":{"rendered":"https:\/\/www.biokari.sk\/produkt\/wtn-probiotikum-kapsuly-30ks\/"},"modified":"2026-03-12T18:00:48","modified_gmt":"2026-03-12T17:00:48","slug":"wtn-probiotikum-kapsuly-30ks","status":"publish","type":"product","link":"https:\/\/www.biokari.sk\/ro\/produs\/wtn-probiotikum-kapsuly-30ks\/","title":{"rendered":"WTN Probiotikum kapsuly 30ks"},"content":{"rendered":"<p>V \u013eudskom \u010dreve \u017eij\u00fa <strong>miliardy prospe\u0161n\u00fdch mikroorganizmov<\/strong>, ktor\u00e9 v\u00fdznamne prispievaj\u00fa k tr\u00e1veniu, imunite a celkov\u00e9mu pocitu vitality. Ke\u010f sa rovnov\u00e1ha \u010drevnej mikrofl\u00f3ry naru\u0161\u00ed, m\u00f4\u017ee to ovplyvni\u0165 prirodzen\u00e9 procesy v tele. WTN B\u00e9lfl\u00f3rabar\u00e1t je <strong>komplexn\u00fd doplnok v\u00fd\u017eivy<\/strong>, ktor\u00fd pom\u00e1ha udr\u017eiava\u0165 <strong>zdrav\u00fa rovnov\u00e1hu \u010drevnej mikrobioty<\/strong> a podporuje ka\u017edodenn\u00e9 tr\u00e1venie.<\/p>\n\n\n\n<p>Produkt obsahuje <strong>tri vedecky sk\u00faman\u00e9 sp\u00f3rotvorn\u00e9 bakteri\u00e1lne kmene<\/strong>: <strong>Bacillus clausii, Bacillus subtilis a Bacillus coagulans<\/strong>, ktor\u00e9 s\u00fa prirodzene <strong>odoln\u00e9 vo\u010di \u017eal\u00fado\u010dnej kyseline<\/strong> a dok\u00e1\u017eu sa v <strong>\u017eivom stave dosta\u0165 do \u010driev<\/strong>. V\u010faka tomu <strong>nevy\u017eaduje chladenie<\/strong>, tak\u017ee je pohodln\u00fd na skladovanie aj po\u010das cestovania.<\/p>\n\n\n\n<p>Kapsula je <strong>odoln\u00e1 vo\u010di \u017eal\u00fado\u010dnej kyseline<\/strong>, \u010d\u00edm zabezpe\u010duje ochranu \u017eiv\u00fdch mikroorganizmov. Zlo\u017eenie je doplnen\u00e9 o <strong>extrakt z kore\u0148a slezu lek\u00e1rskeho<\/strong>, ktor\u00fd <strong>prirodzene upokojuje tr\u00e1viaci trakt<\/strong> a prispieva k jeho komfortu, a o <strong>kvercet\u00edn<\/strong>, ktor\u00fd p\u00f4sob\u00ed ako <strong>antioxidant a podpora bunkovej ochrany<\/strong>. Produkt m\u00e1 <strong>\u010dist\u00fa formulu<\/strong>, bez umel\u00fdch farb\u00edv a konzervantov.<\/p>\n\n\n\n<p>U\u017e\u00edvanie sa odpor\u00fa\u010da pri <strong>zmene stravovania<\/strong>, <strong>\u0161peci\u00e1lnych di\u00e9tach<\/strong>, <strong>po\u010das cestovania<\/strong>, pri <strong>strese<\/strong> alebo ke\u010f chceme cielene podpori\u0165 <strong>spr\u00e1vne tr\u00e1venie a funkciu \u010driev<\/strong>. Je vhodn\u00fd aj ako s\u00fa\u010das\u0165 <strong>vedomej starostlivosti o tr\u00e1viaci syst\u00e9m<\/strong>.<\/p>\n\n\n\n<p>Jedna kapsula obsahuje <strong>4,15 miliardy CFU<\/strong> \u017eiv\u00fdch prospe\u0161n\u00fdch bakt\u00e9ri\u00ed (Bacillus clausii, Bacillus subtilis, Bacillus coagulans) a <strong>455 mg rastlinn\u00e9ho komplexu<\/strong>, ktor\u00fd tvor\u00ed organick\u00e1 guma arabsk\u00e1, koncentr\u00e1t kore\u0148a slezu lek\u00e1rskeho a kvercet\u00edn. Kapsula je <strong>zo \u017eelat\u00edny<\/strong>. Balenie obsahuje <strong>30 kaps\u00fal<\/strong>.<\/p>\n\n\n\n<p>Ozna\u010denie <strong>CFU<\/strong> znamen\u00e1 <strong>jednotky tvoriace kol\u00f3nie<\/strong>, \u010do ud\u00e1va mno\u017estvo akt\u00edvnych mikroorganizmov schopn\u00fdch rozmno\u017eovania sa v tr\u00e1viacom trakte. <\/p>\n\n\n\n<p><strong>Cantitate:<\/strong> 30pcs<\/p>\n\n\n\n<p><\/p>","protected":false},"excerpt":{"rendered":"<p>&#8230; <a class=\"more-link\" href=\"#tab-description\">Cite\u0219te mai mult<\/a><\/p>","protected":false},"featured_media":10369,"comment_status":"open","ping_status":"closed","template":"","meta":{"inline_featured_image":false},"product_brand":[289],"product_cat":[69,143],"product_tag":[],"class_list":{"0":"post-10368","1":"product","2":"type-product","3":"status-publish","4":"has-post-thumbnail","6":"product_brand-wtn","7":"product_cat-vyzivove-doplnky","8":"product_cat-zaludok-a-crevna-cinnost","10":"first","11":"onbackorder","12":"taxable","13":"shipping-taxable","14":"purchasable","15":"product-type-simple"},"aioseo_notices":[],"_links":{"self":[{"href":"https:\/\/www.biokari.sk\/ro\/wp-json\/wp\/v2\/product\/10368","targetHints":{"allow":["GET"]}}],"collection":[{"href":"https:\/\/www.biokari.sk\/ro\/wp-json\/wp\/v2\/product"}],"about":[{"href":"https:\/\/www.biokari.sk\/ro\/wp-json\/wp\/v2\/types\/product"}],"replies":[{"embeddable":true,"href":"https:\/\/www.biokari.sk\/ro\/wp-json\/wp\/v2\/comments?post=10368"}],"wp:featuredmedia":[{"embeddable":true,"href":"https:\/\/www.biokari.sk\/ro\/wp-json\/wp\/v2\/media\/10369"}],"wp:attachment":[{"href":"https:\/\/www.biokari.sk\/ro\/wp-json\/wp\/v2\/media?parent=10368"}],"wp:term":[{"taxonomy":"product_brand","embeddable":true,"href":"https:\/\/www.biokari.sk\/ro\/wp-json\/wp\/v2\/product_brand?post=10368"},{"taxonomy":"product_cat","embeddable":true,"href":"https:\/\/www.biokari.sk\/ro\/wp-json\/wp\/v2\/product_cat?post=10368"},{"taxonomy":"product_tag","embeddable":true,"href":"https:\/\/www.biokari.sk\/ro\/wp-json\/wp\/v2\/product_tag?post=10368"}],"curies":[{"name":"wp","href":"https:\/\/api.w.org\/{rel}","templated":true}]}}