{"id":10383,"date":"2025-10-25T11:34:22","date_gmt":"2025-10-25T09:34:22","guid":{"rendered":"https:\/\/www.biokari.sk\/produkt\/wtn-kapsuly-na-vlasy-60davok\/"},"modified":"2026-04-27T19:02:09","modified_gmt":"2026-04-27T17:02:09","slug":"wtn-kapsuly-na-vlasy-60davok","status":"publish","type":"product","link":"https:\/\/www.biokari.sk\/ro\/produs\/wtn-kapsuly-na-vlasy-60davok\/","title":{"rendered":"WTN Kapsuly na vlasy 60d\u00e1vok"},"content":{"rendered":"<p data-start=\"280\" data-end=\"699\">Tento produkt obsahuje <strong data-start=\"303\" data-end=\"338\">dve kapsuly s odli\u0161n\u00fdm zlo\u017een\u00edm<\/strong>, ktor\u00e9 podporuj\u00fa <strong data-start=\"356\" data-end=\"403\">rovnomernej\u0161ie vstreb\u00e1vanie mikronutrientov<\/strong> po\u010das d\u0148a. Biot\u00edn, zinok a sel\u00e9n <strong data-start=\"437\" data-end=\"497\">prispievaj\u00fa k udr\u017eaniu norm\u00e1lneho stavu vlasov a nechtov<\/strong>. Vitam\u00edny C a E <strong data-start=\"514\" data-end=\"542\">p\u00f4sobia ako antioxidanty<\/strong> a chr\u00e1nia bunky pred oxidat\u00edvnym stresom. Vitam\u00edny skupiny B <strong data-start=\"604\" data-end=\"642\">podporuj\u00fa energetick\u00fd metabolizmus<\/strong>, \u010d\u00edm prispievaj\u00fa k spr\u00e1vnemu vyu\u017e\u00edvaniu \u017eiv\u00edn v bunk\u00e1ch.<\/p>\n<p data-start=\"701\" data-end=\"971\">Denn\u00e1 d\u00e1vka je rozdelen\u00e1 na dve \u010dasti, aby sa zoh\u013eadnili mo\u017en\u00e9 interakcie medzi l\u00e1tkami a zabezpe\u010dil sa plynulej\u0161\u00ed pr\u00edjem t\u00fdchto \u017eiv\u00edn po\u010das cel\u00e9ho d\u0148a. Tak\u00fdto sp\u00f4sob u\u017e\u00edvania je z\u00e1rove\u0148 \u0161etrnej\u0161\u00ed k tr\u00e1viacemu syst\u00e9mu a umo\u017e\u0148uje lep\u0161iu toleranciu aj pri vy\u0161\u0161\u00edch d\u00e1vkach.<\/p>\n<p data-start=\"973\" data-end=\"1681\">Produkt obsahuje <strong data-start=\"990\" data-end=\"1017\">akt\u00edvne formy vitam\u00ednov<\/strong>, ktor\u00e9 sa v tele prirodzene vyskytuj\u00fa a s\u00fa <strong data-start=\"1061\" data-end=\"1084\">okam\u017eite vyu\u017eite\u013en\u00e9<\/strong>. Ide napr\u00edklad o <strong data-start=\"1102\" data-end=\"1137\">B9 vitam\u00edn vo forme metylfol\u00e1tu<\/strong> namiesto kyseliny listovej a <strong data-start=\"1167\" data-end=\"1210\">B12 vitam\u00edn vo forme hydroxo-kobalam\u00ednu<\/strong> namiesto syntetick\u00e9ho kyanokobalam\u00ednu. Biot\u00edn prispieva k udr\u017eaniu zdrav\u00fdch vlasov a poko\u017eky. Vitam\u00edn C sa nach\u00e1dza v <strong data-start=\"1329\" data-end=\"1373\">tukorozpustnej forme (askorbyl-palmit\u00e1t)<\/strong>, ktor\u00e1 podporuje tvorbu kolag\u00e9nu d\u00f4le\u017eit\u00e9ho pre poko\u017eku, vlasy a nechty, navy\u0161e chr\u00e1ni bunky pred oxidat\u00edvnym stresom. Vitam\u00edn E poch\u00e1dza z <strong data-start=\"1514\" data-end=\"1551\">pr\u00edrodn\u00fdch zmie\u0161an\u00fdch tokoferolov<\/strong>, ktor\u00e9 posil\u0148uj\u00fa antioxida\u010dn\u00fa ochranu buniek. Vitam\u00edn D3 zohr\u00e1va \u00falohu v procesoch bunkov\u00e9ho delenia a podporuje imunitn\u00fd syst\u00e9m.<\/p>\n<p data-start=\"1683\" data-end=\"2090\">Acesta con\u021bine, de asemenea <strong data-start=\"1695\" data-end=\"1730\">organicky viazan\u00e9 stopov\u00e9 prvky<\/strong>. Zinok vo forme zino\u010dnat\u00e9ho glycin\u00e1tu prispieva k zdraviu vlasov, poko\u017eky a nechtov. Me\u010f vo forme bisglycin\u00e1tu je d\u00f4le\u017eit\u00e1 pre norm\u00e1lnu pigment\u00e1ciu vlasov a ko\u017ee. Sel\u00e9n vo forme selenometion\u00ednu podporuje zdrav\u00fd stav vlasov a nechtov a m\u00e1 antioxida\u010dn\u00e9 \u00fa\u010dinky. <strong data-start=\"1990\" data-end=\"2000\">Krem\u00edk<\/strong> poch\u00e1dza z <strong data-start=\"2012\" data-end=\"2032\">prasli\u010dky ro\u013enej<\/strong>, tradi\u010dne pou\u017e\u00edvanej pri starostlivosti o vlasy a nechty.<\/p>\n<p data-start=\"2092\" data-end=\"2521\">Formula je doplnen\u00e1 o <strong data-start=\"2114\" data-end=\"2136\">rastlinn\u00e9 extrakty<\/strong>, ktor\u00e9 prirodzene podporuj\u00fa \u00fa\u010dinnos\u0165 produktu. Polyfenoly z hroznov\u00fdch semien a extrakt z kore\u0148a bazalky pom\u00e1haj\u00fa chr\u00e1ni\u0165 bunky pred oxida\u010dn\u00fdm stresom. Extrakt z \u010dierneho korenia podporuje vstreb\u00e1vanie \u017eiv\u00edn. Pr\u00edtomn\u00fd je aj <strong data-start=\"2361\" data-end=\"2391\">koncentr\u00e1t z prosa zlat\u00e9ho<\/strong> a <strong data-start=\"2394\" data-end=\"2434\">koncentr\u00e1t kl\u00ed\u010dkov z\u00e1hradn\u00e9ho hrachu<\/strong>, ktor\u00e9 spolu s krem\u00edkom z prasli\u010dky prispievaj\u00fa k norm\u00e1lnemu stavu spojivov\u00fdch tkan\u00edv.<\/p>\n<p data-start=\"2523\" data-end=\"2935\">Zlo\u017eenie nat\u00far kapsuly: extrakt z prasli\u010dky ro\u013enej, aminokyselina L-cyste\u00edn, \u017eelat\u00edna (obal kapsuly), extrakt z hroznov\u00fdch semien (95 % OPC), acetyl-L-karnit\u00edn, zmie\u0161an\u00e9 tokoferoly, kolekalciferol (vitam\u00edn D3), askorbyl-palmit\u00e1t (vitam\u00edn C), pantet\u00edn, D-biot\u00edn, extrakt z \u010dierneho korenia (95 % piper\u00edn), me\u010f-bisglycin\u00e1t, riboflav\u00edn-5\u2019-fosf\u00e1t sodn\u00fd, L-5-MTHF glukosam\u00ednov\u00e1 so\u013e, hydroxo-kobalam\u00edn, selenometion\u00edn.<\/p>\n<p data-start=\"167\" data-end=\"225\"><strong data-start=\"167\" data-end=\"225\">Obsah vitam\u00ednov a miner\u00e1lov v dennej d\u00e1vke (2 kapsuly)<\/strong><\/p>\n<div class=\"_tableContainer_1rjym_1\">\n<div class=\"group _tableWrapper_1rjym_13 flex w-fit flex-col-reverse\">\n<table class=\"w-fit min-w-(--thread-content-width)\" data-start=\"227\" data-end=\"1111\">\n<thead data-start=\"227\" data-end=\"272\">\n<tr data-start=\"227\" data-end=\"272\">\n<th data-start=\"227\" data-end=\"236\" data-col-size=\"md\">Zlo\u017eka<\/th>\n<th data-start=\"236\" data-end=\"262\" data-col-size=\"sm\">Mno\u017estvo v dennej d\u00e1vke<\/th>\n<th data-start=\"262\" data-end=\"272\" data-col-size=\"sm\">% NRV*<\/th>\n<\/tr>\n<\/thead>\n<tbody data-start=\"318\" data-end=\"1111\">\n<tr data-start=\"318\" data-end=\"366\">\n<td data-start=\"318\" data-end=\"340\" data-col-size=\"md\">Vitam\u00edn B1 (tiam\u00edn)<\/td>\n<td data-col-size=\"sm\" data-start=\"340\" data-end=\"353\"><strong data-start=\"342\" data-end=\"352\">1,5 mg<\/strong><\/td>\n<td data-col-size=\"sm\" data-start=\"353\" data-end=\"366\"><strong data-start=\"355\" data-end=\"364\">137 %<\/strong><\/td>\n<\/tr>\n<tr data-start=\"367\" data-end=\"416\">\n<td data-start=\"367\" data-end=\"393\" data-col-size=\"md\">Vitam\u00edn B2 (riboflav\u00edn)<\/td>\n<td data-col-size=\"sm\" data-start=\"393\" data-end=\"404\"><strong data-start=\"395\" data-end=\"403\">1 mg<\/strong><\/td>\n<td data-col-size=\"sm\" data-start=\"404\" data-end=\"416\"><strong data-start=\"406\" data-end=\"414\">71 %<\/strong><\/td>\n<\/tr>\n<tr data-start=\"417\" data-end=\"487\">\n<td data-start=\"417\" data-end=\"463\" data-col-size=\"md\">Vitam\u00edn B3 (niac\u00edn, inozitol-hexanikotin\u00e1t)<\/td>\n<td data-col-size=\"sm\" data-start=\"463\" data-end=\"475\"><strong data-start=\"465\" data-end=\"474\">15 mg<\/strong><\/td>\n<td data-col-size=\"sm\" data-start=\"475\" data-end=\"487\"><strong data-start=\"477\" data-end=\"485\">94 %<\/strong><\/td>\n<\/tr>\n<tr data-start=\"488\" data-end=\"536\">\n<td data-start=\"488\" data-end=\"512\" data-col-size=\"md\">Vitam\u00edn B5 (pantet\u00edn)<\/td>\n<td data-col-size=\"sm\" data-start=\"512\" data-end=\"523\"><strong data-start=\"514\" data-end=\"522\">7 mg<\/strong><\/td>\n<td data-col-size=\"sm\" data-start=\"523\" data-end=\"536\"><strong data-start=\"525\" data-end=\"534\">117 %<\/strong><\/td>\n<\/tr>\n<tr data-start=\"537\" data-end=\"584\">\n<td data-start=\"537\" data-end=\"558\" data-col-size=\"md\">Vitam\u00edn B6 (P-5-P)<\/td>\n<td data-col-size=\"sm\" data-start=\"558\" data-end=\"571\"><strong data-start=\"560\" data-end=\"570\">7,5 mg<\/strong><\/td>\n<td data-col-size=\"sm\" data-start=\"571\" data-end=\"584\"><strong data-start=\"573\" data-end=\"582\">536 %<\/strong><\/td>\n<\/tr>\n<tr data-start=\"585\" data-end=\"635\">\n<td data-start=\"585\" data-end=\"607\" data-col-size=\"md\">Vitam\u00edn B7 (biot\u00edn)<\/td>\n<td data-col-size=\"sm\" data-start=\"607\" data-end=\"621\"><strong data-start=\"609\" data-end=\"620\">3000 \u00b5g<\/strong><\/td>\n<td data-col-size=\"sm\" data-start=\"621\" data-end=\"635\"><strong data-start=\"623\" data-end=\"633\">6000 %<\/strong><\/td>\n<\/tr>\n<tr data-start=\"636\" data-end=\"688\">\n<td data-start=\"636\" data-end=\"662\" data-col-size=\"md\">Vitam\u00edn B9 (L-5-MTHF)**<\/td>\n<td data-col-size=\"sm\" data-start=\"662\" data-end=\"675\"><strong data-start=\"664\" data-end=\"674\">450 \u00b5g<\/strong><\/td>\n<td data-col-size=\"sm\" data-start=\"675\" data-end=\"688\"><strong data-start=\"677\" data-end=\"686\">225 %<\/strong><\/td>\n<\/tr>\n<tr data-start=\"689\" data-end=\"752\">\n<td data-start=\"689\" data-end=\"725\" data-col-size=\"md\">Vitam\u00edn B12 (hydroxo-kobalam\u00edn)**<\/td>\n<td data-col-size=\"sm\" data-start=\"725\" data-end=\"738\"><strong data-start=\"727\" data-end=\"737\">150 \u00b5g<\/strong><\/td>\n<td data-col-size=\"sm\" data-start=\"738\" data-end=\"752\"><strong data-start=\"740\" data-end=\"750\">6000 %<\/strong><\/td>\n<\/tr>\n<tr data-start=\"753\" data-end=\"809\">\n<td data-start=\"753\" data-end=\"785\" data-col-size=\"md\">Vitam\u00edn C (askorbyl-palmit\u00e1t)<\/td>\n<td data-col-size=\"sm\" data-start=\"785\" data-end=\"797\"><strong data-start=\"787\" data-end=\"796\">40 mg<\/strong><\/td>\n<td data-col-size=\"sm\" data-start=\"797\" data-end=\"809\"><strong data-start=\"799\" data-end=\"807\">50 %<\/strong><\/td>\n<\/tr>\n<tr data-start=\"810\" data-end=\"851\">\n<td data-start=\"810\" data-end=\"823\" data-col-size=\"md\">Vitam\u00edn D3<\/td>\n<td data-col-size=\"sm\" data-start=\"823\" data-end=\"837\"><strong data-start=\"825\" data-end=\"836\">2000 IU<\/strong><\/td>\n<td data-col-size=\"sm\" data-start=\"837\" data-end=\"851\"><strong data-start=\"839\" data-end=\"849\">1000 %<\/strong><\/td>\n<\/tr>\n<tr data-start=\"852\" data-end=\"909\">\n<td data-start=\"852\" data-end=\"886\" data-col-size=\"md\">Vitam\u00edn E (zmie\u0161an\u00e9 tokoferoly)<\/td>\n<td data-col-size=\"sm\" data-start=\"886\" data-end=\"897\"><strong data-start=\"888\" data-end=\"896\">9 mg<\/strong><\/td>\n<td data-col-size=\"sm\" data-start=\"897\" data-end=\"909\"><strong data-start=\"899\" data-end=\"907\">15 %<\/strong><\/td>\n<\/tr>\n<tr data-start=\"910\" data-end=\"960\">\n<td data-start=\"910\" data-end=\"937\" data-col-size=\"md\">Zinok (zinok-glycin\u00e1t)**<\/td>\n<td data-col-size=\"sm\" data-start=\"937\" data-end=\"948\"><strong data-start=\"939\" data-end=\"947\">4 mg<\/strong><\/td>\n<td data-col-size=\"sm\" data-start=\"948\" data-end=\"960\"><strong data-start=\"950\" data-end=\"958\">40 %<\/strong><\/td>\n<\/tr>\n<tr data-start=\"961\" data-end=\"1013\">\n<td data-start=\"961\" data-end=\"987\" data-col-size=\"md\">Me\u010f (me\u010f-bisglycin\u00e1t)**<\/td>\n<td data-col-size=\"sm\" data-start=\"987\" data-end=\"1001\"><strong data-start=\"989\" data-end=\"1000\">0,15 mg<\/strong><\/td>\n<td data-col-size=\"sm\" data-start=\"1001\" data-end=\"1013\"><strong data-start=\"1003\" data-end=\"1011\">15 %<\/strong><\/td>\n<\/tr>\n<tr data-start=\"1014\" data-end=\"1063\">\n<td data-start=\"1014\" data-end=\"1039\" data-col-size=\"md\">Sel\u00e9n (selenometion\u00edn)<\/td>\n<td data-col-size=\"sm\" data-start=\"1039\" data-end=\"1051\"><strong data-start=\"1041\" data-end=\"1050\">45 \u00b5g<\/strong><\/td>\n<td data-col-size=\"sm\" data-start=\"1051\" data-end=\"1063\"><strong data-start=\"1053\" data-end=\"1061\">82 %<\/strong><\/td>\n<\/tr>\n<tr data-start=\"1064\" data-end=\"1111\">\n<td data-start=\"1064\" data-end=\"1094\" data-col-size=\"md\">Krem\u00edk (z prasli\u010dky ro\u013enej)<\/td>\n<td data-col-size=\"sm\" data-start=\"1094\" data-end=\"1106\"><strong data-start=\"1096\" data-end=\"1105\">10 mg<\/strong><\/td>\n<td data-col-size=\"sm\" data-start=\"1106\" data-end=\"1111\">-<\/td>\n<\/tr>\n<\/tbody>\n<\/table>\n<\/div>\n<\/div>\n<p data-start=\"2937\" data-end=\"3248\">Zlo\u017eenie zelenej kapsuly: koncentr\u00e1t z prosa zlat\u00e9ho, koncentr\u00e1t kl\u00ed\u010dkov z\u00e1hradn\u00e9ho hrachu, \u017eelat\u00edna (obal kapsuly), extrakt z kore\u0148a bazalky, askorbyl-palmit\u00e1t, zinok-glycin\u00e1t, inozitol-hexanikotin\u00e1t, pyridox\u00e1l-5-fosf\u00e1t, extrakt z \u010dierneho korenia (95 % piper\u00edn), tiam\u00edn-pyrofosf\u00e1tchlorid, chlorofyl (farbivo).<\/p>\n<p data-start=\"3250\" data-end=\"3370\">Odpor\u00fa\u010dan\u00e9 d\u00e1vkovanie: 2 kapsuly denne, 1 nat\u00far kapsula r\u00e1no a 1 zelen\u00e1 kapsula ve\u010der, zapi\u0165 dostato\u010dn\u00fdm mno\u017estvom vody.<\/p>\n<p data-start=\"3372\" data-end=\"3593\">Upozornenia: Nevhodn\u00e9 pre deti do 12 rokov. Tehotn\u00e9 a doj\u010diace \u017eeny by mali u\u017e\u00edvanie konzultova\u0165 s lek\u00e1rom. Neprekra\u010dujte odpor\u00fa\u010dan\u00fa denn\u00fa d\u00e1vku. V\u00fd\u017eivov\u00fd doplnok sa nesmie pou\u017e\u00edva\u0165 ako n\u00e1hrada pestrej a vyv\u00e1\u017eenej stravy.<\/p>\n<p data-start=\"3595\" data-end=\"3708\">Skladovanie: Uchov\u00e1vajte v suchu pri izbovej teplote, mimo dosahu mal\u00fdch det\u00ed, chr\u00e1nen\u00e9 pred svetlom a vlhkos\u0165ou.<\/p>\n<p data-start=\"3710\" data-end=\"3730\">Balenie: 120 kaps\u00fal.<\/p>\n<hr data-start=\"3732\" data-end=\"3735\" \/>","protected":false},"excerpt":{"rendered":"<p>Samozrejme, tu je stru\u010dn\u00fd popis, zlo\u017eenie a d\u00e1vkovanie v\u00fd\u017eivov\u00e9ho doplnku Wise Tree Naturals Vitam\u00edn na vlasy a nechty (60 kaps\u00fal) v sloven\u010dine:<\/p>\n<p>Scurt\u0103 descriere:<\/p>\n<p>WTN Vitam\u00edn na vlasy a nechty je pr\u00edrodn\u00fd v\u00fd\u017eivov\u00fd doplnok navrhnut\u00fd na podporu rastu a zdravia vlasov a nechtov. Obsahuje akt\u00edvne formy vi&#8230; <a class=\"more-link\" href=\"#tab-description\">Cite\u0219te mai mult<\/a><\/p>","protected":false},"featured_media":10386,"comment_status":"open","ping_status":"closed","template":"","meta":{"inline_featured_image":false},"product_brand":[289],"product_cat":[69,145],"product_tag":[309],"class_list":{"0":"post-10383","1":"product","2":"type-product","3":"status-publish","4":"has-post-thumbnail","6":"product_brand-wtn","7":"product_cat-vyzivove-doplnky","8":"product_cat-krasa","9":"product_tag-novinky","11":"first","12":"instock","13":"taxable","14":"shipping-taxable","15":"purchasable","16":"product-type-simple"},"aioseo_notices":[],"_links":{"self":[{"href":"https:\/\/www.biokari.sk\/ro\/wp-json\/wp\/v2\/product\/10383","targetHints":{"allow":["GET"]}}],"collection":[{"href":"https:\/\/www.biokari.sk\/ro\/wp-json\/wp\/v2\/product"}],"about":[{"href":"https:\/\/www.biokari.sk\/ro\/wp-json\/wp\/v2\/types\/product"}],"replies":[{"embeddable":true,"href":"https:\/\/www.biokari.sk\/ro\/wp-json\/wp\/v2\/comments?post=10383"}],"wp:featuredmedia":[{"embeddable":true,"href":"https:\/\/www.biokari.sk\/ro\/wp-json\/wp\/v2\/media\/10386"}],"wp:attachment":[{"href":"https:\/\/www.biokari.sk\/ro\/wp-json\/wp\/v2\/media?parent=10383"}],"wp:term":[{"taxonomy":"product_brand","embeddable":true,"href":"https:\/\/www.biokari.sk\/ro\/wp-json\/wp\/v2\/product_brand?post=10383"},{"taxonomy":"product_cat","embeddable":true,"href":"https:\/\/www.biokari.sk\/ro\/wp-json\/wp\/v2\/product_cat?post=10383"},{"taxonomy":"product_tag","embeddable":true,"href":"https:\/\/www.biokari.sk\/ro\/wp-json\/wp\/v2\/product_tag?post=10383"}],"curies":[{"name":"wp","href":"https:\/\/api.w.org\/{rel}","templated":true}]}}