{"id":10488,"date":"2025-10-26T16:08:07","date_gmt":"2025-10-26T15:08:07","guid":{"rendered":"https:\/\/www.biokari.sk\/produkt\/eleskamra-zmes-muky-na-palaciniek-175g\/"},"modified":"2026-03-26T18:01:23","modified_gmt":"2026-03-26T17:01:23","slug":"eleskamra-zmes-muky-na-palaciniek-175g","status":"publish","type":"product","link":"https:\/\/www.biokari.sk\/ro\/produs\/eleskamra-zmes-muky-na-palaciniek-175g\/","title":{"rendered":"\u00c9l\u00e9skamra Zmes m\u00faky na palaciniek 175g"},"content":{"rendered":"<p>So <strong>zni\u017een\u00fdm obsahom sacharidov (-30 %)<\/strong><\/p>\n\n\n\n<p>Predstavujeme palacinkov\u00fa zmes, ktor\u00e1 umo\u017en\u00ed op\u00e4\u0165 si vychutna\u0165 m\u00e4kk\u00e9, lahodn\u00e9 palacinky, no s modern\u00fdmi surovinami a bez pridan\u00e9ho cukru. Jednoduch\u00e1 a r\u00fdchla pr\u00edprava, neutr\u00e1lna chu\u0165 a jemn\u00e1 konzistencia ju predur\u010duj\u00fa na sladk\u00e9 aj slan\u00e9 palacinky.<\/p>\n\n\n\n<p><strong>Compozi\u021bie:<\/strong><br>tapiokov\u00fd \u0161krob, mand\u013eov\u00e1 m\u00faka (odtu\u010dnen\u00e1), bambusov\u00e1 vl\u00e1knina<\/p>\n\n\n\n<p><strong>Priemern\u00e9 v\u00fd\u017eivov\u00e9 hodnoty na 100 g zmesi:<\/strong><br>Energia: <strong>1388,1 kJ \/ 335,9 kcal<\/strong><br>Tuky: <strong>3,9 g<\/strong><br>z toho nas\u00fdten\u00e9 mastn\u00e9 kyseliny: <strong>0,3 g<\/strong><br>Sacharidy: <strong>56,4 g<\/strong><br>z toho cukry: <strong>0,4 g<\/strong><br>z toho vyu\u017eite\u013en\u00e9 sacharidy: <strong>56,4 g<\/strong><br>Polyoly: <strong>0 g<\/strong><br>Bielkoviny: <strong>12,4 g<\/strong><br>So\u013e: <strong>0 g<\/strong><br>Vl\u00e1knina: <strong>11,6 g<\/strong><\/p>\n\n\n\n<p>V\u00fdrobok obsahuje <strong>iba prirodzene sa vyskytuj\u00face cukry a vl\u00e1kninu<\/strong>.<\/p>\n\n\n\n<p><strong>Pou\u017eitie<\/strong><br>Vhodn\u00e1 na pr\u00edpravu m\u00e4kk\u00fdch palaciniek pod\u013ea vlastnej chuti a fant\u00e1zie.<\/p>\n\n\n\n<p><strong>Balenie:<\/strong> 175 g<\/p>","protected":false},"excerpt":{"rendered":"<p>&#8230; <a class=\"more-link\" href=\"#tab-description\">Cite\u0219te mai mult<\/a><\/p>","protected":false},"featured_media":10490,"comment_status":"open","ping_status":"closed","template":"","meta":{"inline_featured_image":false},"product_brand":[],"product_cat":[71,166],"product_tag":[309],"class_list":{"0":"post-10488","1":"product","2":"type-product","3":"status-publish","4":"has-post-thumbnail","6":"product_cat-potraviny","7":"product_cat-muky","8":"product_tag-novinky","10":"first","11":"instock","12":"taxable","13":"shipping-taxable","14":"purchasable","15":"product-type-simple"},"aioseo_notices":[],"_links":{"self":[{"href":"https:\/\/www.biokari.sk\/ro\/wp-json\/wp\/v2\/product\/10488","targetHints":{"allow":["GET"]}}],"collection":[{"href":"https:\/\/www.biokari.sk\/ro\/wp-json\/wp\/v2\/product"}],"about":[{"href":"https:\/\/www.biokari.sk\/ro\/wp-json\/wp\/v2\/types\/product"}],"replies":[{"embeddable":true,"href":"https:\/\/www.biokari.sk\/ro\/wp-json\/wp\/v2\/comments?post=10488"}],"wp:featuredmedia":[{"embeddable":true,"href":"https:\/\/www.biokari.sk\/ro\/wp-json\/wp\/v2\/media\/10490"}],"wp:attachment":[{"href":"https:\/\/www.biokari.sk\/ro\/wp-json\/wp\/v2\/media?parent=10488"}],"wp:term":[{"taxonomy":"product_brand","embeddable":true,"href":"https:\/\/www.biokari.sk\/ro\/wp-json\/wp\/v2\/product_brand?post=10488"},{"taxonomy":"product_cat","embeddable":true,"href":"https:\/\/www.biokari.sk\/ro\/wp-json\/wp\/v2\/product_cat?post=10488"},{"taxonomy":"product_tag","embeddable":true,"href":"https:\/\/www.biokari.sk\/ro\/wp-json\/wp\/v2\/product_tag?post=10488"}],"curies":[{"name":"wp","href":"https:\/\/api.w.org\/{rel}","templated":true}]}}