{"id":10491,"date":"2025-10-26T16:14:50","date_gmt":"2025-10-26T15:14:50","guid":{"rendered":"https:\/\/www.biokari.sk\/produkt\/esi-echinacea-kvapky-bez-alkoholu-50ml\/"},"modified":"2026-02-16T18:00:52","modified_gmt":"2026-02-16T17:00:52","slug":"esi-echinacea-kvapky-bez-alkoholu-50ml","status":"publish","type":"product","link":"https:\/\/www.biokari.sk\/ro\/produs\/esi-echinacea-kvapky-bez-alkoholu-50ml\/","title":{"rendered":"Esi Echinacea kvapky &#8211; Bez alkoholu 50ml"},"content":{"rendered":"<p><strong>Compozi\u021bie:<\/strong> glycer\u00edn, \u010disten\u00e1 voda, such\u00fd extrakt z Echinacea purpurea, ar\u00f3ma, sorban draseln\u00fd<\/p>\n\n\n\n<p><strong>Obsah \u00fa\u010dinn\u00fdch l\u00e1tok v dennej d\u00e1vke<\/strong><br>15 kvapiek: <strong>68,2 mg<\/strong> extraktu z Echinacea purpurea<br>30 kvapiek: <strong>136,4 mg<\/strong> extraktu z Echinacea purpurea<br><em>z \u010derstv\u00e9ho rastlinn\u00e9ho materi\u00e1lu<\/em><\/p>\n\n\n\n<p><strong>Odpor\u00fa\u010dan\u00e9 d\u00e1vkovanie<\/strong><br>15\u201330 kvapiek <strong>1\u20133\u00d7 denne<\/strong>, samostatne alebo rozrieden\u00e9 v poh\u00e1ri vody.<\/p>\n\n\n\n<p>V\u00fdrobok obsahuje <strong>\u0161tandardizovan\u00fd extrakt<\/strong> z Echinacea purpurea.<br>Jemn\u00e1 ovocn\u00e1 chu\u0165, vhodn\u00e9 pre <strong>deti aj dospel\u00fdch<\/strong>.<\/p>\n\n\n\n<p><strong>Aviz<\/strong><br>Neprekra\u010dujte odpor\u00fa\u010dan\u00fa denn\u00fa d\u00e1vku. V\u00fd\u017eivov\u00fd doplnok <strong>nenahr\u00e1dza pestr\u00fa a vyv\u00e1\u017een\u00fa stravu<\/strong> ani zdrav\u00fd \u017eivotn\u00fd \u0161t\u00fdl. Uchov\u00e1va\u0165 <strong>la \u00eendem\u00e2na copiilor<\/strong>.<\/p>\n\n\n\n<p><strong>Balenie:<\/strong> 50 ml <\/p>","protected":false},"excerpt":{"rendered":"<p>&#8230; <a class=\"more-link\" href=\"#tab-description\">Cite\u0219te mai mult<\/a><\/p>","protected":false},"featured_media":10493,"comment_status":"open","ping_status":"closed","template":"","meta":{"inline_featured_image":false},"product_brand":[306],"product_cat":[69,140],"product_tag":[],"class_list":{"0":"post-10491","1":"product","2":"type-product","3":"status-publish","4":"has-post-thumbnail","6":"product_brand-natur-tanya","7":"product_cat-vyzivove-doplnky","8":"product_cat-posilnenie-imunity","10":"first","11":"onbackorder","12":"taxable","13":"shipping-taxable","14":"purchasable","15":"product-type-simple"},"aioseo_notices":[],"_links":{"self":[{"href":"https:\/\/www.biokari.sk\/ro\/wp-json\/wp\/v2\/product\/10491","targetHints":{"allow":["GET"]}}],"collection":[{"href":"https:\/\/www.biokari.sk\/ro\/wp-json\/wp\/v2\/product"}],"about":[{"href":"https:\/\/www.biokari.sk\/ro\/wp-json\/wp\/v2\/types\/product"}],"replies":[{"embeddable":true,"href":"https:\/\/www.biokari.sk\/ro\/wp-json\/wp\/v2\/comments?post=10491"}],"wp:featuredmedia":[{"embeddable":true,"href":"https:\/\/www.biokari.sk\/ro\/wp-json\/wp\/v2\/media\/10493"}],"wp:attachment":[{"href":"https:\/\/www.biokari.sk\/ro\/wp-json\/wp\/v2\/media?parent=10491"}],"wp:term":[{"taxonomy":"product_brand","embeddable":true,"href":"https:\/\/www.biokari.sk\/ro\/wp-json\/wp\/v2\/product_brand?post=10491"},{"taxonomy":"product_cat","embeddable":true,"href":"https:\/\/www.biokari.sk\/ro\/wp-json\/wp\/v2\/product_cat?post=10491"},{"taxonomy":"product_tag","embeddable":true,"href":"https:\/\/www.biokari.sk\/ro\/wp-json\/wp\/v2\/product_tag?post=10491"}],"curies":[{"name":"wp","href":"https:\/\/api.w.org\/{rel}","templated":true}]}}