{"id":10499,"date":"2025-10-26T16:45:00","date_gmt":"2025-10-26T15:45:00","guid":{"rendered":"https:\/\/www.biokari.sk\/produkt\/natur-tanya-vitamin-c-tabletky-1500mg-60ks\/"},"modified":"2026-01-27T08:41:52","modified_gmt":"2026-01-27T07:41:52","slug":"natur-tanya-vitamin-c-tabletky-1500mg-60ks","status":"publish","type":"product","link":"https:\/\/www.biokari.sk\/ro\/produs\/natur-tanya-vitamin-c-tabletky-1500mg-60ks\/","title":{"rendered":"Natur tanya Vitam\u00edn C tabletky 1500mg 60ks"},"content":{"rendered":"<p data-start=\"460\" data-end=\"645\">Produkt je vyvinut\u00fd tak, aby sa <strong data-start=\"552\" data-end=\"584\">vitam\u00edn C uvo\u013e\u0148oval postupne<\/strong> po dobu a\u017e <strong data-start=\"596\" data-end=\"607\">6 hod\u00edn<\/strong>, na z\u00e1klade <strong data-start=\"620\" data-end=\"644\">laborat\u00f3rnych testov<\/strong>.<\/p>\n<p data-start=\"647\" data-end=\"956\"><strong data-start=\"647\" data-end=\"659\">Compozi\u021bie<\/strong><br data-start=\"659\" data-end=\"662\" \/>L-askorbov\u00e1 kyselina, plnidlo (hydroxypropylmetylcelul\u00f3za, mikrokry\u0161talick\u00e1 celul\u00f3za), bezfarebn\u00fd povlak [le\u0161tiace l\u00e1tky (polyvinylalkohol, polyetyl\u00e9nglykol), mastenec], extrakt zo \u0161\u00edpok (Rosa canina L.), le\u0161tiaca l\u00e1tka (mastn\u00e9 kyseliny), protihrudkuj\u00faca l\u00e1tka (hore\u010dnat\u00e9 soli mastn\u00fdch kysel\u00edn)<\/p>\n<p data-start=\"958\" data-end=\"1055\"><strong data-start=\"958\" data-end=\"983\">Odpor\u00fa\u010dan\u00e9 d\u00e1vkovanie<\/strong><br data-start=\"983\" data-end=\"986\" \/>1 comprimat filmat pe zi, cu suficient lichid.<\/p>\n<p data-start=\"1057\" data-end=\"1093\"><strong data-start=\"1057\" data-end=\"1090\">Po\u010det denn\u00fdch d\u00e1vok v balen\u00ed:<\/strong> 60<\/p>\n<p data-start=\"1095\" data-end=\"1239\"><strong data-start=\"1095\" data-end=\"1124\">Akt\u00edvne l\u00e1tky v 1 tablete<\/strong><br data-start=\"1124\" data-end=\"1127\" \/>Vitam\u00edn C: 1500 mg (<strong data-start=\"1147\" data-end=\"1161\">1875 % NRV<\/strong>)<br data-start=\"1162\" data-end=\"1165\" \/>Extrakt zo \u0161\u00edpok: 20 mg<br data-start=\"1188\" data-end=\"1191\" \/><em data-start=\"1191\" data-end=\"1239\">NRV: Referen\u010dn\u00e1 v\u00fd\u017eivov\u00e1 hodnota pre dospel\u00fdch<\/em><\/p>\n<p data-start=\"1241\" data-end=\"1407\"><strong data-start=\"1241\" data-end=\"1259\">Komu je ur\u010den\u00fd<\/strong><br data-start=\"1259\" data-end=\"1262\" \/>\u2022 v\u0161etk\u00fdm, ktor\u00ed chc\u00fa doplni\u0165 be\u017en\u00fa stravu<br data-start=\"1304\" data-end=\"1307\" \/>\u2022 \u0161portovcom<br data-start=\"1319\" data-end=\"1322\" \/>\u2022 pri zv\u00fd\u0161enej potrebe vitam\u00ednu C<br data-start=\"1355\" data-end=\"1358\" \/>\u2022 pri faj\u010den\u00ed<br data-start=\"1371\" data-end=\"1374\" \/>\u2022 po obdob\u00ed oslabenia organizmu<\/p>\n<p data-start=\"1409\" data-end=\"1572\"><strong data-start=\"1409\" data-end=\"1430\">\u010eal\u0161ie inform\u00e1cie<\/strong><br data-start=\"1430\" data-end=\"1433\" \/>V\u00fdrobok je <strong data-start=\"1444\" data-end=\"1465\">vhodn\u00fd od 6 rokov<\/strong><br data-start=\"1465\" data-end=\"1468\" \/>M\u00f4\u017ee sa pou\u017e\u00edva\u0165 <strong data-start=\"1485\" data-end=\"1532\">pri cukrovke, v tehotenstve, po\u010das doj\u010denia<\/strong> a aj pri liekoch na <strong data-start=\"1553\" data-end=\"1570\">riedenie krvi<\/strong><\/p>\n<p data-start=\"1574\" data-end=\"1743\"><strong data-start=\"1574\" data-end=\"1589\">Aviz<\/strong><br data-start=\"1589\" data-end=\"1592\" \/>Neprekra\u010dova\u0165 odpor\u00fa\u010dan\u00fa denn\u00fa d\u00e1vku. V\u00fd\u017eivov\u00fd doplnok <strong data-start=\"1647\" data-end=\"1686\">nenahr\u00e1dza pestr\u00fa a vyv\u00e1\u017een\u00fa stravu<\/strong> ani zdrav\u00fd \u017eivotn\u00fd \u0161t\u00fdl. Uchov\u00e1va\u0165 <strong data-start=\"1722\" data-end=\"1742\">la \u00eendem\u00e2na copiilor<\/strong>.<\/p>\n<p data-start=\"1745\" data-end=\"1791\"><strong data-start=\"1745\" data-end=\"1760\">Depozitare<\/strong><br data-start=\"1760\" data-end=\"1763\" \/>Na suchom a chladnom mieste.<\/p>\n<p data-start=\"1793\" data-end=\"1827\"><strong data-start=\"1793\" data-end=\"1806\">Greutate:<\/strong> 113,4 g (60 tabliet)<\/p>","protected":false},"excerpt":{"rendered":"<p>Scurt\u0103 descriere:<br \/>\nVyv\u00e1\u017een\u00fd doplnok stravy s vysokou d\u00e1vkou vitam\u00ednu?C (1?500?mg) v retardovanej forme, obohaten\u00fd o pr\u00edrodn\u00fd extrakt z ru\u017ei\u010dkov\u00fdch \u0161\u00edpok. Navrhnut\u00fd na podporu imunity, nervovej s\u00fastavy, energetick\u00e9ho metabolizmu a dlhodob\u00fa ochranu proti oxida\u010dn\u00e9mu stresu.<\/p>\n<p>Zlo\u017eenie (1 filmom obalen\u00e1 table&#8230; <a class=\"more-link\" href=\"#tab-description\">Cite\u0219te mai mult<\/a><\/p>","protected":false},"featured_media":10500,"comment_status":"open","ping_status":"closed","template":"","meta":{"inline_featured_image":false},"product_brand":[306],"product_cat":[69,140],"product_tag":[311],"class_list":{"0":"post-10499","1":"product","2":"type-product","3":"status-publish","4":"has-post-thumbnail","6":"product_brand-natur-tanya","7":"product_cat-vyzivove-doplnky","8":"product_cat-posilnenie-imunity","9":"product_tag-top-vyzivove-doplnky","11":"first","12":"instock","13":"taxable","14":"shipping-taxable","15":"purchasable","16":"product-type-simple"},"aioseo_notices":[],"_links":{"self":[{"href":"https:\/\/www.biokari.sk\/ro\/wp-json\/wp\/v2\/product\/10499","targetHints":{"allow":["GET"]}}],"collection":[{"href":"https:\/\/www.biokari.sk\/ro\/wp-json\/wp\/v2\/product"}],"about":[{"href":"https:\/\/www.biokari.sk\/ro\/wp-json\/wp\/v2\/types\/product"}],"replies":[{"embeddable":true,"href":"https:\/\/www.biokari.sk\/ro\/wp-json\/wp\/v2\/comments?post=10499"}],"wp:featuredmedia":[{"embeddable":true,"href":"https:\/\/www.biokari.sk\/ro\/wp-json\/wp\/v2\/media\/10500"}],"wp:attachment":[{"href":"https:\/\/www.biokari.sk\/ro\/wp-json\/wp\/v2\/media?parent=10499"}],"wp:term":[{"taxonomy":"product_brand","embeddable":true,"href":"https:\/\/www.biokari.sk\/ro\/wp-json\/wp\/v2\/product_brand?post=10499"},{"taxonomy":"product_cat","embeddable":true,"href":"https:\/\/www.biokari.sk\/ro\/wp-json\/wp\/v2\/product_cat?post=10499"},{"taxonomy":"product_tag","embeddable":true,"href":"https:\/\/www.biokari.sk\/ro\/wp-json\/wp\/v2\/product_tag?post=10499"}],"curies":[{"name":"wp","href":"https:\/\/api.w.org\/{rel}","templated":true}]}}