{"id":10519,"date":"2025-10-26T19:13:31","date_gmt":"2025-10-26T18:13:31","guid":{"rendered":"https:\/\/www.biokari.sk\/produkt\/bio-menu-olej-z-ciernych-rasce-100ml\/"},"modified":"2026-05-01T19:01:08","modified_gmt":"2026-05-01T17:01:08","slug":"bio-menu-olej-z-ciernych-rasce-100ml","status":"publish","type":"product","link":"https:\/\/www.biokari.sk\/ro\/produs\/bio-menu-olej-z-ciernych-rasce-100ml\/","title":{"rendered":"Bio Men\u00fc Olej z \u010diern\u00fdch rasce 100ml"},"content":{"rendered":"<p><strong>Compozi\u021bie<\/strong><br>100 % bio olej z \u010diernej rasce (Nigella sativa)<\/p>\n\n\n\n<p><strong>Charakteristika produktu<\/strong><br>\u2022 Bio<br>\u2022 Vegan<br>\u2022 Bez GMO<br>\u2022 Bez pridan\u00fdch cukrov<br>\u2022 Bez umel\u00fdch ar\u00f3m a farb\u00edv<br>\u2022 Bez konzervantov<br>\u2022 \u010cisto pr\u00edrodn\u00e9 zlo\u017eenie<\/p>\n\n\n\n<p><strong>V\u00fd\u017eivov\u00e9 hodnoty v 100 g<\/strong><br>Energia: 3663 kJ \/ 875 kcal<br>Tuky: 99,5 g<br>\u2013 z toho nas\u00fdten\u00e9 mastn\u00e9 kyseliny: 16 g<br>\u2013 z toho mononenas\u00fdten\u00e9 MK: 25,5 g<br>\u2013 z toho polynenas\u00fdten\u00e9 MK: 57,5 g<br>Sacharidy: 0 g<br>z toho cukry: 0 g<br>Bielkoviny: 0 g<br>Vl\u00e1knina: 0 g<br>So\u013e: 0 g<\/p>\n\n\n\n<p>Con\u021bine <strong>prirodzene sa vyskytuj\u00face antioxidanty<\/strong> a je vhodn\u00fd aj na <strong>vonkaj\u0161ie pou\u017eitie<\/strong> pri starostlivosti o poko\u017eku a vlasy.<\/p>\n\n\n\n<p><strong>Pou\u017eitie<\/strong><br>Komer\u010dne vyu\u017eite\u013en\u00fd <strong>ako s\u00fa\u010das\u0165 be\u017enej stravy<\/strong> sau <strong>na kozmetick\u00e9 \u00fa\u010dely<\/strong> pod\u013ea potreby.<\/p>\n\n\n\n<p><strong>Aviz<\/strong><br>V\u00fd\u017eivov\u00fd doplnok nenahr\u00e1dza pestr\u00fa a vyv\u00e1\u017een\u00fa stravu ani zdrav\u00fd \u017eivotn\u00fd \u0161t\u00fdl.<br>Neprekra\u010dova\u0165 odpor\u00fa\u010dan\u00fa denn\u00fa d\u00e1vku.<br>Uchov\u00e1va\u0165 mimo dosahu det\u00ed.<\/p>\n\n\n\n<p><strong>Depozitare<\/strong><br>V suchu, chlade, dobre uzavret\u00e9, mimo priameho slnka.<\/p>\n\n\n\n<p><strong>Balenie:<\/strong> 100 ml<\/p>\n\n\n\n<p><\/p>","protected":false},"excerpt":{"rendered":"<p>Obsahuje prirodzene sa vyskytuj\u00face antioxidanty a je vhodn\u00fd aj na vonkaj\u0161ie pou\u017eitie pri starostlivosti o poko\u017eku a vlasy. <\/p>\n<p>&#8230; <a class=\"more-link\" href=\"#tab-description\">Cite\u0219te mai mult<\/a><\/p>","protected":false},"featured_media":10521,"comment_status":"open","ping_status":"closed","template":"","meta":{"inline_featured_image":false},"product_brand":[],"product_cat":[71,165],"product_tag":[],"class_list":{"0":"post-10519","1":"product","2":"type-product","3":"status-publish","4":"has-post-thumbnail","6":"product_cat-potraviny","7":"product_cat-oleje","9":"first","10":"onbackorder","11":"taxable","12":"shipping-taxable","13":"purchasable","14":"product-type-simple"},"aioseo_notices":[],"_links":{"self":[{"href":"https:\/\/www.biokari.sk\/ro\/wp-json\/wp\/v2\/product\/10519","targetHints":{"allow":["GET"]}}],"collection":[{"href":"https:\/\/www.biokari.sk\/ro\/wp-json\/wp\/v2\/product"}],"about":[{"href":"https:\/\/www.biokari.sk\/ro\/wp-json\/wp\/v2\/types\/product"}],"replies":[{"embeddable":true,"href":"https:\/\/www.biokari.sk\/ro\/wp-json\/wp\/v2\/comments?post=10519"}],"wp:featuredmedia":[{"embeddable":true,"href":"https:\/\/www.biokari.sk\/ro\/wp-json\/wp\/v2\/media\/10521"}],"wp:attachment":[{"href":"https:\/\/www.biokari.sk\/ro\/wp-json\/wp\/v2\/media?parent=10519"}],"wp:term":[{"taxonomy":"product_brand","embeddable":true,"href":"https:\/\/www.biokari.sk\/ro\/wp-json\/wp\/v2\/product_brand?post=10519"},{"taxonomy":"product_cat","embeddable":true,"href":"https:\/\/www.biokari.sk\/ro\/wp-json\/wp\/v2\/product_cat?post=10519"},{"taxonomy":"product_tag","embeddable":true,"href":"https:\/\/www.biokari.sk\/ro\/wp-json\/wp\/v2\/product_tag?post=10519"}],"curies":[{"name":"wp","href":"https:\/\/api.w.org\/{rel}","templated":true}]}}