{"id":10617,"date":"2025-11-09T09:31:13","date_gmt":"2025-11-09T08:31:13","guid":{"rendered":"https:\/\/www.biokari.sk\/produkt\/naturland-spraj-na-nohy-proti-poteniu-100ml\/"},"modified":"2026-04-17T19:01:47","modified_gmt":"2026-04-17T17:01:47","slug":"naturland-spraj-na-nohy-proti-poteniu-100ml","status":"publish","type":"product","link":"https:\/\/www.biokari.sk\/ro\/produs\/naturland-spraj-na-nohy-proti-poteniu-100ml\/","title":{"rendered":"Naturland Spraj na nohy proti poteniu 100ml"},"content":{"rendered":"<p><strong>\u00da\u010dinn\u00e9 l\u00e1tky pr\u00edpravku \u00fa\u010dinne obmedzuj\u00fa potenie n\u00f4h<\/strong>, udr\u017eiavaj\u00fa poko\u017eku <strong>such\u00fa a svie\u017eu<\/strong> po\u010das cel\u00e9ho d\u0148a. Pravideln\u00fdm pou\u017e\u00edvan\u00edm sa <strong>predch\u00e1dza vzniku nepr\u00edjemn\u00e9ho z\u00e1pachu n\u00f4h<\/strong>. Pr\u00edpravok <strong>nezanech\u00e1va \u0161kvrny<\/strong> na pono\u017ek\u00e1ch ani pan\u010duch\u00e1ch a zabezpe\u010duje <strong>maxim\u00e1lny pocit komfortu<\/strong>.<\/p>\n\n\n\n<p><strong>Zlo\u017eenie \/ Ingredients:<\/strong><br>Alcohol, Aluminum Chlorohydrate, Aqua, Menthol, Propylene Glycol, <em>Ruscus Aculeatus<\/em> Root Extract, <em>Aesculus Hippocastanum<\/em> Seed Extract, <em>Vitis Vinifera<\/em> Leaf Extract, <em>Hamamelis Virginiana<\/em> Leaf Extract, Phenoxyethanol, Methylparaben, Butylparaben, Ethylparaben, Isobutylparaben, Propylparaben<\/p>\n\n\n\n<p><strong>Objem balenia:<\/strong> 100 ml<\/p>","protected":false},"excerpt":{"rendered":"<p>\u00da\u010dinn\u00e9 l\u00e1tky pr\u00edpravku \u00fa\u010dinne obmedzuj\u00fa potenie n\u00f4h, udr\u017eiavaj\u00fa poko\u017eku such\u00fa a svie\u017eu po\u010das cel\u00e9ho d\u0148a. Pravideln\u00fdm pou\u017e\u00edvan\u00edm sa predch\u00e1dza vzniku nepr\u00edjemn\u00e9ho z\u00e1pachu n\u00f4h&#8230;. <a href=\"#tab-description\" class=\"more-link\">Cite\u0219te mai mult<\/a><\/p>","protected":false},"featured_media":10619,"comment_status":"open","ping_status":"closed","template":"","meta":{"inline_featured_image":false},"product_brand":[],"product_cat":[19],"product_tag":[313],"class_list":{"0":"post-10617","1":"product","2":"type-product","3":"status-publish","4":"has-post-thumbnail","6":"product_cat-ostatne","7":"product_tag-top-ostatne","9":"first","10":"instock","11":"taxable","12":"shipping-taxable","13":"purchasable","14":"product-type-simple"},"aioseo_notices":[],"_links":{"self":[{"href":"https:\/\/www.biokari.sk\/ro\/wp-json\/wp\/v2\/product\/10617","targetHints":{"allow":["GET"]}}],"collection":[{"href":"https:\/\/www.biokari.sk\/ro\/wp-json\/wp\/v2\/product"}],"about":[{"href":"https:\/\/www.biokari.sk\/ro\/wp-json\/wp\/v2\/types\/product"}],"replies":[{"embeddable":true,"href":"https:\/\/www.biokari.sk\/ro\/wp-json\/wp\/v2\/comments?post=10617"}],"wp:featuredmedia":[{"embeddable":true,"href":"https:\/\/www.biokari.sk\/ro\/wp-json\/wp\/v2\/media\/10619"}],"wp:attachment":[{"href":"https:\/\/www.biokari.sk\/ro\/wp-json\/wp\/v2\/media?parent=10617"}],"wp:term":[{"taxonomy":"product_brand","embeddable":true,"href":"https:\/\/www.biokari.sk\/ro\/wp-json\/wp\/v2\/product_brand?post=10617"},{"taxonomy":"product_cat","embeddable":true,"href":"https:\/\/www.biokari.sk\/ro\/wp-json\/wp\/v2\/product_cat?post=10617"},{"taxonomy":"product_tag","embeddable":true,"href":"https:\/\/www.biokari.sk\/ro\/wp-json\/wp\/v2\/product_tag?post=10617"}],"curies":[{"name":"wp","href":"https:\/\/api.w.org\/{rel}","templated":true}]}}