{"id":10623,"date":"2025-11-09T10:20:51","date_gmt":"2025-11-09T09:20:51","guid":{"rendered":"https:\/\/www.biokari.sk\/produkt\/veganchef-hrahova-bielkovina-granulat-100g\/"},"modified":"2026-04-10T19:02:47","modified_gmt":"2026-04-10T17:02:47","slug":"veganchef-hrahova-bielkovina-granulat-100g","status":"publish","type":"product","link":"https:\/\/www.biokari.sk\/ro\/produs\/veganchef-hrahova-bielkovina-granulat-100g\/","title":{"rendered":"Veganchef Hrahov\u00e1 bielkovina &#8211; Granul\u00e1t 100g"},"content":{"rendered":"<p><strong>Compozi\u021bie:<\/strong> hrachov\u00fd prote\u00edn zo \u017elt\u00e9ho hrachu<\/p>\n\n\n\n<p><strong>Cerere:<\/strong> Sl\u00fa\u017ei ako <strong>n\u00e1hrada mlet\u00e9ho m\u00e4sa<\/strong>. V\u00fdborne sa hod\u00ed na pr\u00edpravu <strong>zape\u010den\u00fdch a plnen\u00fdch jed\u00e1l, fa\u0161\u00edrok, bolognese om\u00e1\u010dky<\/strong> \u010di vegetari\u00e1nskych jed\u00e1l. Pred pou\u017eit\u00edm sa <strong>nam\u00e1\u010da do vody<\/strong>, potom sa <strong>voda zleje a hmotu jemne vytla\u010d\u00edme<\/strong>.<\/p>\n\n\n\n<p><strong>Depozitare:<\/strong> Uchov\u00e1vajte v <strong>suchu a chlade<\/strong>.<br><strong>\u021aara de origine:<\/strong> uveden\u00e1 na obale.<\/p>\n\n\n\n<p><strong>Priemern\u00e9 v\u00fd\u017eivov\u00e9 hodnoty v 100 g:<\/strong><br>Energia \u2013 1545 kJ \/ 369 kcal<br>Tuky \u2013 5 g<br>\u2013 z toho nas\u00fdten\u00e9 mastn\u00e9 kyseliny \u2013 0,9 g<br>Sacharidy \u2013 17 g<br>\u2013 z toho cukry \u2013 3,5 g<br>Bielkoviny \u2013 55 g<br>So\u013e \u2013 0,02 g<\/p>\n\n\n\n<p><strong>Bez lepku:<\/strong> \u00c1no<br><strong>Bio:<\/strong> Nie<br><strong>Greutate:<\/strong> 100 g<\/p>","protected":false},"excerpt":{"rendered":"<p>Sl\u00fa\u017ei ako n\u00e1hrada mlet\u00e9ho m\u00e4sa&#8230; <a href=\"#tab-description\" class=\"more-link\">Cite\u0219te mai mult<\/a><\/p>","protected":false},"featured_media":10625,"comment_status":"open","ping_status":"closed","template":"","meta":{"inline_featured_image":false},"product_brand":[283],"product_cat":[71],"product_tag":[],"class_list":{"0":"post-10623","1":"product","2":"type-product","3":"status-publish","4":"has-post-thumbnail","6":"product_brand-biorganik-naturmind","7":"product_cat-potraviny","9":"first","10":"instock","11":"taxable","12":"shipping-taxable","13":"purchasable","14":"product-type-simple"},"aioseo_notices":[],"_links":{"self":[{"href":"https:\/\/www.biokari.sk\/ro\/wp-json\/wp\/v2\/product\/10623","targetHints":{"allow":["GET"]}}],"collection":[{"href":"https:\/\/www.biokari.sk\/ro\/wp-json\/wp\/v2\/product"}],"about":[{"href":"https:\/\/www.biokari.sk\/ro\/wp-json\/wp\/v2\/types\/product"}],"replies":[{"embeddable":true,"href":"https:\/\/www.biokari.sk\/ro\/wp-json\/wp\/v2\/comments?post=10623"}],"wp:featuredmedia":[{"embeddable":true,"href":"https:\/\/www.biokari.sk\/ro\/wp-json\/wp\/v2\/media\/10625"}],"wp:attachment":[{"href":"https:\/\/www.biokari.sk\/ro\/wp-json\/wp\/v2\/media?parent=10623"}],"wp:term":[{"taxonomy":"product_brand","embeddable":true,"href":"https:\/\/www.biokari.sk\/ro\/wp-json\/wp\/v2\/product_brand?post=10623"},{"taxonomy":"product_cat","embeddable":true,"href":"https:\/\/www.biokari.sk\/ro\/wp-json\/wp\/v2\/product_cat?post=10623"},{"taxonomy":"product_tag","embeddable":true,"href":"https:\/\/www.biokari.sk\/ro\/wp-json\/wp\/v2\/product_tag?post=10623"}],"curies":[{"name":"wp","href":"https:\/\/api.w.org\/{rel}","templated":true}]}}