{"id":10636,"date":"2025-11-09T12:20:06","date_gmt":"2025-11-09T11:20:06","guid":{"rendered":"https:\/\/www.biokari.sk\/produkt\/ben-ginger-bio-zazvorovy-koncventrat-citron-limetka-500ml\/"},"modified":"2026-04-30T19:01:26","modified_gmt":"2026-04-30T17:01:26","slug":"ben-ginger-bio-zazvorovy-koncventrat-citron-limetka-500ml","status":"publish","type":"product","link":"https:\/\/www.biokari.sk\/ro\/produs\/ben-ginger-bio-zazvorovy-koncventrat-citron-limetka-500ml\/","title":{"rendered":"Ben Ginger Bio Z\u00e1zvorov\u00fd koncventr\u00e1t &#8211; Citr\u00f3n-limetka 500ml"},"content":{"rendered":"<p>Dopraj svojmu zdraviu a \u017eivotn\u00e9mu \u0161t\u00fdlu <strong>extra d\u00e1vku energie<\/strong> s na\u0161\u00edm <strong>bio z\u00e1zvorov\u00fdm koncentr\u00e1tom \u201eCitr\u00f3n \u2013 Limetka\u201c bez pridan\u00e9ho cukru.<\/strong><\/p>\n\n\n\n<p><strong>Pr\u00edrodn\u00fd \u2013 V\u00fd\u017eivn\u00fd \u2013 Intenz\u00edvny \u2013 Bez cukru \u2013 Vyroben\u00fd z celej h\u013euzy<\/strong><\/p>\n\n\n\n<p>Tento <strong>bio z\u00e1zvorov\u00fd koncentr\u00e1t z celej h\u013euzy<\/strong> bez cukru je ide\u00e1lny ako <strong>z\u00e1zvorov\u00fd shot<\/strong>, osvie\u017euj\u00faci <strong>perliv\u00fd n\u00e1poj<\/strong>, na <strong>dochutenie jed\u00e1l<\/strong> alebo ako <strong>origin\u00e1lna pr\u00edsada do kokteilov<\/strong>. V\u010faka svojej \u010distej a svie\u017eej chuti je perfektnou vo\u013ebou pre ka\u017ed\u00e9ho, kto h\u013ead\u00e1 <strong>\u010dist\u00fd pr\u00edrodn\u00fd p\u00f4\u017eitok bez kompromisov.<\/strong><\/p>\n\n\n\n<p>Vysk\u00fa\u0161aj n\u00e1\u0161 z\u00e1zvorov\u00fd koncentr\u00e1t \u201eCitr\u00f3n \u2013 Limetka\u201c a sta\u0148 sa s\u00fa\u010das\u0165ou rodiny <strong>Ben\u2019s Ginger!<\/strong><\/p>\n\n\n\n<p><strong>Ben\u2019s Bio z\u00e1zvorov\u00fd koncentr\u00e1t \u201eCitr\u00f3n \u2013 Limetka\u201c v skratke:<\/strong><br>\u2022 Vyroben\u00fd z <strong>celej z\u00e1zvorovej h\u013euzy<\/strong><br>\u2022 Najjemnej\u0161\u00ed <strong>peru\u00e1nsky bio z\u00e1zvor (priamy dovoz)<\/strong><br>\u2022 <strong>Ru\u010dn\u00e1 v\u00fdroba<\/strong> v Holzkirchene pri Mn\u00edchove<br>\u2022 <strong>100 % pr\u00edrodn\u00e1 bio limetkov\u00e1 a citr\u00f3nov\u00e1 \u0161\u0165ava<\/strong><br>\u2022 <strong>Bez pridan\u00e9ho cukru<\/strong> \u2013 pre \u010dist\u00fd, prirodzen\u00fd z\u00e1\u017eitok<br>\u2022 <strong>\u0160etrn\u00e9 spracovanie<\/strong> pre zachovanie v\u0161etk\u00fdch \u017eiv\u00edn<br>\u2022 <strong>Podporuje imunitn\u00fd syst\u00e9m a prirodzen\u00fa obranyschopnos\u0165 organizmu<\/strong><br>\u2022 <strong>V\u0161estrann\u00e9 pou\u017eitie<\/strong> \u2013 do n\u00e1pojov (limon\u00e1d, \u010dajov), jed\u00e1l a koktailov<\/p>\n\n\n\n<p><strong>Compozi\u021bie:<\/strong> voda, 25 % z\u00e1zvor*, 7,5 % citr\u00f3nov\u00e1 \u0161\u0165ava*, 5,5 % limetkov\u00e1 \u0161\u0165ava*<br>*Zlo\u017eky z ekologick\u00e9ho po\u013enohospod\u00e1rstva<\/p>\n\n\n\n<p><strong>Pou\u017eitie a skladovanie:<\/strong><br>Po otvoren\u00ed <strong>uchov\u00e1vajte v chlade<\/strong>. Pred pou\u017eit\u00edm <strong>dobre pretrepte.<\/strong><\/p>\n\n\n\n<p><strong>V\u00fd\u017eivov\u00e9 hodnoty na 100 g:<\/strong><br>Energia \u2013 43 kJ \/ 10 kcal<br>Tuky \u2013 &lt;0,1 g<br>\u2013 z toho nas\u00fdten\u00e9 mastn\u00e9 kyseliny \u2013 &lt;0,1 g<br>Sacharidy \u2013 1,6 g<br>\u2013 z toho cukry \u2013 0,4 g<br>Bielkoviny \u2013 0,2 g<br>So\u013e \u2013 &lt;0,1 g<\/p>\n\n\n\n<p><strong>Volum:<\/strong> 500 ml<\/p>\n\n\n\n<p><strong>O v\u00fdrobe:<\/strong> Z\u00e1zvorov\u00fd koncentr\u00e1t vyr\u00e1ba <strong>Ben Kettels<\/strong> z \u010derstv\u00e9ho, vlastnoru\u010dne dov\u00e1\u017ean\u00e9ho <strong>bio peru\u00e1nskeho z\u00e1zvoru<\/strong> v meste <strong>Holzkirchen<\/strong> v Hornom Bavorsku. Z\u00e1zvorov\u00e9 h\u013euzy sa najprv ru\u010dne rozdelia, n\u00e1sledne d\u00f4kladne o\u010distia a jemne nasekaj\u00fa, aby si zachovali v\u0161etku svoju prirodzen\u00fa silu a ar\u00f3mu.<\/p>","protected":false},"excerpt":{"rendered":"<p>Dopraj svojmu zdraviu a \u017eivotn\u00e9mu \u0161t\u00fdlu extra d\u00e1vku energie s na\u0161\u00edm bio z\u00e1zvorov\u00fdm koncentr\u00e1tom \u201eCitr\u00f3n \u2013 Limetka\u201c bez pridan\u00e9ho cukru&#8230;. <a href=\"#tab-description\" class=\"more-link\">Cite\u0219te mai mult<\/a><\/p>","protected":false},"featured_media":10637,"comment_status":"open","ping_status":"closed","template":"","meta":{"inline_featured_image":false},"product_brand":[339],"product_cat":[69,140,71],"product_tag":[309,312,311],"class_list":{"0":"post-10636","1":"product","2":"type-product","3":"status-publish","4":"has-post-thumbnail","6":"product_brand-ben-gingers","7":"product_cat-vyzivove-doplnky","8":"product_cat-posilnenie-imunity","9":"product_cat-potraviny","10":"product_tag-novinky","11":"product_tag-top-potraviny","12":"product_tag-top-vyzivove-doplnky","14":"first","15":"instock","16":"taxable","17":"shipping-taxable","18":"purchasable","19":"product-type-simple"},"aioseo_notices":[],"_links":{"self":[{"href":"https:\/\/www.biokari.sk\/ro\/wp-json\/wp\/v2\/product\/10636","targetHints":{"allow":["GET"]}}],"collection":[{"href":"https:\/\/www.biokari.sk\/ro\/wp-json\/wp\/v2\/product"}],"about":[{"href":"https:\/\/www.biokari.sk\/ro\/wp-json\/wp\/v2\/types\/product"}],"replies":[{"embeddable":true,"href":"https:\/\/www.biokari.sk\/ro\/wp-json\/wp\/v2\/comments?post=10636"}],"wp:featuredmedia":[{"embeddable":true,"href":"https:\/\/www.biokari.sk\/ro\/wp-json\/wp\/v2\/media\/10637"}],"wp:attachment":[{"href":"https:\/\/www.biokari.sk\/ro\/wp-json\/wp\/v2\/media?parent=10636"}],"wp:term":[{"taxonomy":"product_brand","embeddable":true,"href":"https:\/\/www.biokari.sk\/ro\/wp-json\/wp\/v2\/product_brand?post=10636"},{"taxonomy":"product_cat","embeddable":true,"href":"https:\/\/www.biokari.sk\/ro\/wp-json\/wp\/v2\/product_cat?post=10636"},{"taxonomy":"product_tag","embeddable":true,"href":"https:\/\/www.biokari.sk\/ro\/wp-json\/wp\/v2\/product_tag?post=10636"}],"curies":[{"name":"wp","href":"https:\/\/api.w.org\/{rel}","templated":true}]}}