{"id":10639,"date":"2025-11-09T12:32:45","date_gmt":"2025-11-09T11:32:45","guid":{"rendered":"https:\/\/www.biokari.sk\/produkt\/modry-lukac-krem-30ml\/"},"modified":"2026-03-05T18:01:19","modified_gmt":"2026-03-05T17:01:19","slug":"modry-lukac-krem-30ml","status":"publish","type":"product","link":"https:\/\/www.biokari.sk\/ro\/produs\/modry-lukac-krem-30ml\/","title":{"rendered":"Modr\u00fd Luk\u00e1\u010d kr\u00e9m 30ml"},"content":{"rendered":"<p>V\u010faka svojmu jedine\u010dn\u00e9mu zlo\u017eeniu <strong>upokojuje nam\u00e1han\u00fa poko\u017eku<\/strong> a pom\u00e1ha jej <strong>obnovi\u0165 p\u00f4vodn\u00fd stav<\/strong>. Pravideln\u00fdm pou\u017e\u00edvan\u00edm poskytuje poko\u017eke <strong>ochranu pred negat\u00edvnymi vonkaj\u0161\u00edmi vplyvmi<\/strong>.<\/p>\n\n\n\n<p>Con\u021bine <strong>pr\u00edrodn\u00e9 rastlinn\u00e9 extrakty<\/strong> a <strong>lipidov\u00e9 zlo\u017eky podobn\u00e9 t\u00fdm, ktor\u00e9 sa prirodzene nach\u00e1dzaj\u00fa v poko\u017eke<\/strong>, \u010d\u00edm napom\u00e1ha regener\u00e1cii a zlep\u0161eniu stavu <strong>za\u010dervenanej, podr\u00e1\u017edenej a suchej poko\u017eky<\/strong>. Tieto \u00fa\u010dinn\u00e9 l\u00e1tky z\u00e1rove\u0148 <strong>hydratuj\u00fa poko\u017eku<\/strong> a prispievaj\u00fa k <strong>rovnov\u00e1he jej mikrofl\u00f3ry<\/strong>.<\/p>\n\n\n\n<p><strong>Mo\u017eno pou\u017ei\u0165 ako doplnkov\u00fa starostlivos\u0165 pri nasledovn\u00fdch probl\u00e9moch:<\/strong><br>prele\u017eaniny, vredy, pop\u00e1leniny, jazvy, strie (ich zmiernenie), hemoroidy, ekz\u00e9my, odreniny a drobn\u00e9 rany.<\/p>\n\n\n\n<p><strong>Hlavn\u00e9 vlastnosti:<\/strong><\/p>\n\n\n\n<ul class=\"wp-block-list\">\n<li>upokojuje a pom\u00e1ha obnovi\u0165 p\u00f4vodn\u00fd stav poko\u017eky<\/li>\n\n\n\n<li>obsahuje pr\u00edrodn\u00e9 rastlinn\u00e9 extrakty<\/li>\n\n\n\n<li>priaznivo p\u00f4sob\u00ed na za\u010dervenan\u00fa a podr\u00e1\u017eden\u00fa poko\u017eku<\/li>\n\n\n\n<li>o\u0161etruje a hydratuje such\u00fa poko\u017eku<\/li>\n\n\n\n<li>pom\u00e1ha obnovi\u0165 rovnov\u00e1hu mikrofl\u00f3ry poko\u017eky<\/li>\n\n\n\n<li>netestovan\u00e9 na zvierat\u00e1ch<\/li>\n<\/ul>\n\n\n\n<p><strong>Pou\u017eitie pod\u013ea odpor\u00fa\u010dania Dr. K\u00e1rolya Luk\u00e1csa:<\/strong><br>R\u00e1no a ve\u010der naneste na <strong>o\u010disten\u00fa, such\u00fa poko\u017eku<\/strong>. Jemne rozotrite a vmas\u00edrujte do o\u0161etrovanej oblasti. Pri pou\u017e\u00edvan\u00ed <strong>dvakr\u00e1t denne<\/strong> sa pod\u013ea sk\u00fasenost\u00ed dosahuj\u00fa <strong>r\u00fdchlej\u0161ie v\u00fdsledky<\/strong>.<\/p>\n\n\n\n<p><strong>Ingrediente (INCI):<\/strong> Petrolatum, Aqua, Zinc Oxide, Cera Alba, Lanolin Alcohol, Cetyl Palmitate, Cetearyl Alcohol, Polysorbate 60, <em>Achillea Millefolium<\/em> Oil, <em>Chamomilla Recutita<\/em> Flower Oil, Phytosphingosine HCl, Limonene<\/p>\n\n\n\n<p><strong>Volum:<\/strong> 30 ml<\/p>\n\n\n\n<p><strong>Depozitare:<\/strong> Uchov\u00e1vajte pri izbovej teplote <strong>(5\u201325 \u00b0C)<\/strong>, mimo dosahu slne\u010dn\u00e9ho \u017eiarenia a zdrojov tepla.<\/p>\n\n\n\n<p><strong>Avertisment:<\/strong> Len na <strong>vonkaj\u0161ie pou\u017eitie!<\/strong> Nepreh\u013ata\u0165! Uchov\u00e1vajte <strong>mimo dosahu det\u00ed!<\/strong> Nepou\u017e\u00edvajte na \u0161upinat\u00fa alebo podr\u00e1\u017eden\u00fa poko\u017eku! Zabr\u00e1\u0148te kontaktu s o\u010dami a sliznicami! Nepou\u017e\u00edvajte, ak ste <strong>alergick\u00ed na niektor\u00fa zo zlo\u017eiek<\/strong>. V pr\u00edpade v\u00fdskytu alergickej reakcie alebo precitlivenosti <strong>okam\u017eite odstr\u00e1\u0148te pr\u00edpravok teplou vodou<\/strong>, vyh\u013eadajte lek\u00e1ra a <strong>nepokra\u010dujte v pou\u017e\u00edvan\u00ed.<\/strong><\/p>","protected":false},"excerpt":{"rendered":"<p>V\u010faka svojmu jedine\u010dn\u00e9mu zlo\u017eeniu upokojuje nam\u00e1han\u00fa poko\u017eku a pom\u00e1ha jej obnovi\u0165 p\u00f4vodn\u00fd stav. Pravideln\u00fdm pou\u017e\u00edvan\u00edm poskytuje poko\u017eke ochranu pred negat\u00edvnymi vonkaj\u0161\u00edmi vplyvmi&#8230;. <a href=\"#tab-description\" class=\"more-link\">Cite\u0219te mai mult<\/a><\/p>","protected":false},"featured_media":10641,"comment_status":"open","ping_status":"closed","template":"","meta":{"inline_featured_image":false},"product_brand":[],"product_cat":[249,19],"product_tag":[],"class_list":{"0":"post-10639","1":"product","2":"type-product","3":"status-publish","4":"has-post-thumbnail","6":"product_cat-kozmeticke-vyrobky","7":"product_cat-ostatne","9":"first","10":"instock","11":"taxable","12":"shipping-taxable","13":"purchasable","14":"product-type-simple"},"aioseo_notices":[],"_links":{"self":[{"href":"https:\/\/www.biokari.sk\/ro\/wp-json\/wp\/v2\/product\/10639","targetHints":{"allow":["GET"]}}],"collection":[{"href":"https:\/\/www.biokari.sk\/ro\/wp-json\/wp\/v2\/product"}],"about":[{"href":"https:\/\/www.biokari.sk\/ro\/wp-json\/wp\/v2\/types\/product"}],"replies":[{"embeddable":true,"href":"https:\/\/www.biokari.sk\/ro\/wp-json\/wp\/v2\/comments?post=10639"}],"wp:featuredmedia":[{"embeddable":true,"href":"https:\/\/www.biokari.sk\/ro\/wp-json\/wp\/v2\/media\/10641"}],"wp:attachment":[{"href":"https:\/\/www.biokari.sk\/ro\/wp-json\/wp\/v2\/media?parent=10639"}],"wp:term":[{"taxonomy":"product_brand","embeddable":true,"href":"https:\/\/www.biokari.sk\/ro\/wp-json\/wp\/v2\/product_brand?post=10639"},{"taxonomy":"product_cat","embeddable":true,"href":"https:\/\/www.biokari.sk\/ro\/wp-json\/wp\/v2\/product_cat?post=10639"},{"taxonomy":"product_tag","embeddable":true,"href":"https:\/\/www.biokari.sk\/ro\/wp-json\/wp\/v2\/product_tag?post=10639"}],"curies":[{"name":"wp","href":"https:\/\/api.w.org\/{rel}","templated":true}]}}