{"id":10645,"date":"2025-11-09T13:37:03","date_gmt":"2025-11-09T12:37:03","guid":{"rendered":"https:\/\/www.biokari.sk\/produkt\/promesil-balzam-na-hrdlo-90ml\/"},"modified":"2026-04-30T19:01:26","modified_gmt":"2026-04-30T17:01:26","slug":"promesil-balzam-na-hrdlo-90ml","status":"publish","type":"product","link":"https:\/\/www.biokari.sk\/ro\/produs\/promesil-balzam-na-hrdlo-90ml\/","title":{"rendered":"Promesil Balzam na hrdlo 90ml"},"content":{"rendered":"<p><strong>Jedine\u010dn\u00e1 kombin\u00e1cia pr\u00edrodn\u00fdch zlo\u017eiek<\/strong> \u2013 medu, propolisu, mentolu a \u00e9terick\u00fdch olejov z citr\u00f3na, eukalyptu a \u010dajovn\u00edka \u2013 rob\u00ed tento balzam ide\u00e1lnym pomocn\u00edkom pri <strong>nachladnut\u00ed, bolesti hrdla<\/strong> \u010di <strong>pre\u0165a\u017een\u00fdch hlasivk\u00e1ch<\/strong>. Lie\u010div\u00e9 \u00fa\u010dinky <strong>propolisu a medu<\/strong> s\u00fa obohaten\u00e9 o <strong>osvie\u017euj\u00faci a \u010distiaci \u00fa\u010dinok m\u00e4ty a eukalyptu<\/strong>, ktor\u00e9 pom\u00e1haj\u00fa uvo\u013eni\u0165 d\u00fdchacie cesty a prin\u00e1\u0161aj\u00fa okam\u017eit\u00fa \u00fa\u013eavu.<\/p>\n\n\n\n<p><strong>Compozi\u021bie:<\/strong> propolis, mentol, \u00e9terick\u00e9 oleje (eukalyptus, citr\u00f3n, \u010dajovn\u00edk), kr\u00e9mov\u00fd med.<\/p>\n\n\n\n<p><strong>Doza recomandat\u0103:<\/strong><\/p>\n\n\n\n<ul class=\"wp-block-list\">\n<li><strong>Dospel\u00ed:<\/strong> 3 k\u00e1vov\u00e9 ly\u017ei\u010dky denne<\/li>\n\n\n\n<li><strong>T\u00edned\u017eeri:<\/strong> 2 k\u00e1vov\u00e9 ly\u017ei\u010dky denne<\/li>\n\n\n\n<li><strong>Deti:<\/strong> 1 k\u00e1vov\u00e1 ly\u017ei\u010dka denne<\/li>\n<\/ul>\n\n\n\n<p><strong>Contraindica\u021bii:<\/strong> Nevhodn\u00e9 pre osoby s <strong>alergiou na propolis<\/strong>. Po\u010das <strong>sarcina \u0219i al\u0103ptarea<\/strong> sa odpor\u00fa\u010da konzult\u00e1cia so \u0161pecialistom.<\/p>\n\n\n\n<p><strong>Depozitare:<\/strong> Uchov\u00e1vajte na <strong>suchom a chladnom mieste<\/strong>, chr\u00e1nen\u00e9 pred priamym slne\u010dn\u00fdm svetlom.<\/p>\n\n\n\n<p><strong>V\u00fdrobca:<\/strong> Pajor Tibor, v\u010del\u00e1r \u2013 <strong>Priamo od v\u00fdrobcu.<\/strong><\/p>\n\n\n\n<p><strong>Volum: <\/strong>90ml<\/p>","protected":false},"excerpt":{"rendered":"<p>Jedine\u010dn\u00e1 kombin\u00e1cia pr\u00edrodn\u00fdch zlo\u017eiek \u2013 medu, propolisu, mentolu a \u00e9terick\u00fdch olejov z citr\u00f3na, eukalyptu a \u010dajovn\u00edka \u2013 rob\u00ed tento balzam ide\u00e1lnym pomocn\u00edkom pri nachladnut\u00ed,&#8230; <a href=\"#tab-description\" class=\"more-link\">Cite\u0219te mai mult<\/a><\/p>","protected":false},"featured_media":10647,"comment_status":"open","ping_status":"closed","template":"","meta":{"inline_featured_image":false},"product_brand":[],"product_cat":[69,144,140,19],"product_tag":[309,311],"class_list":{"0":"post-10645","1":"product","2":"type-product","3":"status-publish","4":"has-post-thumbnail","6":"product_cat-vyzivove-doplnky","7":"product_cat-dychacie-cesty","8":"product_cat-posilnenie-imunity","9":"product_cat-ostatne","10":"product_tag-novinky","11":"product_tag-top-vyzivove-doplnky","13":"first","14":"instock","15":"taxable","16":"shipping-taxable","17":"purchasable","18":"product-type-simple"},"aioseo_notices":[],"_links":{"self":[{"href":"https:\/\/www.biokari.sk\/ro\/wp-json\/wp\/v2\/product\/10645","targetHints":{"allow":["GET"]}}],"collection":[{"href":"https:\/\/www.biokari.sk\/ro\/wp-json\/wp\/v2\/product"}],"about":[{"href":"https:\/\/www.biokari.sk\/ro\/wp-json\/wp\/v2\/types\/product"}],"replies":[{"embeddable":true,"href":"https:\/\/www.biokari.sk\/ro\/wp-json\/wp\/v2\/comments?post=10645"}],"wp:featuredmedia":[{"embeddable":true,"href":"https:\/\/www.biokari.sk\/ro\/wp-json\/wp\/v2\/media\/10647"}],"wp:attachment":[{"href":"https:\/\/www.biokari.sk\/ro\/wp-json\/wp\/v2\/media?parent=10645"}],"wp:term":[{"taxonomy":"product_brand","embeddable":true,"href":"https:\/\/www.biokari.sk\/ro\/wp-json\/wp\/v2\/product_brand?post=10645"},{"taxonomy":"product_cat","embeddable":true,"href":"https:\/\/www.biokari.sk\/ro\/wp-json\/wp\/v2\/product_cat?post=10645"},{"taxonomy":"product_tag","embeddable":true,"href":"https:\/\/www.biokari.sk\/ro\/wp-json\/wp\/v2\/product_tag?post=10645"}],"curies":[{"name":"wp","href":"https:\/\/api.w.org\/{rel}","templated":true}]}}