{"id":10656,"date":"2025-11-09T14:45:59","date_gmt":"2025-11-09T13:45:59","guid":{"rendered":"https:\/\/www.biokari.sk\/produkt\/caleido-zelena-kava-s-arabika-100g\/"},"modified":"2026-05-01T19:01:05","modified_gmt":"2026-05-01T17:01:05","slug":"caleido-zelena-kava-s-arabika-100g","status":"publish","type":"product","link":"https:\/\/www.biokari.sk\/ro\/produs\/caleido-zelena-kava-s-arabika-100g\/","title":{"rendered":"Caleido Zelen\u00e1 k\u00e1va s arabika 100g"},"content":{"rendered":"<p>Pr\u00e9miov\u00e1 instantn\u00e1 k\u00e1va z <strong>prvotriednej 100 % Arabicy<\/strong> poch\u00e1dzaj\u00facej z <strong>f\u00e9rov\u00e9ho obchodu (Fair Trade)<\/strong>, obohaten\u00e1 o <strong>20 % extraktu zo zelenej k\u00e1vy<\/strong> s <strong>50 % obsahom kyseliny chlorog\u00e9novej<\/strong>. Kombin\u00e1cia chut\u00ed a \u00fa\u010dinkov prin\u00e1\u0161a v\u00fdnimo\u010dn\u00fd z\u00e1\u017eitok \u2013 nielen pre milovn\u00edkov k\u00e1vy, ale aj pre t\u00fdch, ktor\u00ed dbaj\u00fa o zdrav\u00fd \u017eivotn\u00fd \u0161t\u00fdl.<\/p>\n\n\n\n<p><strong>Bioakt\u00edvne vlastnosti ceylonskej \u0161korice<\/strong> poskytuj\u00fa telu siln\u00fa antioxida\u010dn\u00fa ochranu, pom\u00e1haj\u00fa zlep\u0161ova\u0165 citlivos\u0165 na inzul\u00edn a prirodzene podporuj\u00fa regul\u00e1ciu hladiny cukru v krvi.<\/p>\n\n\n\n<p>K\u00e1va vynik\u00e1 nielen <strong>lahodnou chu\u0165ou<\/strong>, ale aj <strong>pozit\u00edvnym vplyvom na organizmus<\/strong> - <strong>antioxida\u010dn\u00fdmi \u00fa\u010dinkami, podporou spa\u013eovania tukov<\/strong> a <strong>zn\u00ed\u017een\u00edm pocitu hladu<\/strong>. V\u010faka svojmu \u0161pecifick\u00e9mu obsahu <strong>kofe\u00ednu zo zelenej k\u00e1vy<\/strong> p\u00f4sob\u00ed <strong>jemne povzbudzuj\u00faco, ale dlhodobo<\/strong>, bez nadmern\u00e9ho za\u0165a\u017eenia srdca.<\/p>\n\n\n\n<p><strong>Kyselina chlorog\u00e9nov\u00e1<\/strong>, ktor\u00e1 sa nach\u00e1dza len v zelenej, <strong>nepra\u017eenej k\u00e1ve<\/strong>, spoma\u013euje vstreb\u00e1vanie gluk\u00f3zy v \u010drev\u00e1ch a zni\u017euje ukladanie sacharidov vo forme tukov. Pravideln\u00e1 konzum\u00e1cia pom\u00e1ha telu <strong>efekt\u00edvnej\u0161ie vyu\u017e\u00edva\u0165 tukov\u00e9 z\u00e1soby<\/strong> ako zdroj energie.<\/p>\n\n\n\n<p><strong>Compozi\u021bie:<\/strong> 100 % instantn\u00e1 (rozpustn\u00e1) k\u00e1va z Arabicy, 20 % extraktu zo zelenej k\u00e1vy (50 % kyselina chlorog\u00e9nov\u00e1).<\/p>\n\n\n\n<p><strong>Odpor\u00fa\u010dan\u00e9 pou\u017eitie:<\/strong><br>Pod\u013ea chuti \u2013 nasypte po\u017eadovan\u00e9 mno\u017estvo do \u0161\u00e1lky, zalejte hor\u00facou vodou a premie\u0161ajte. M\u00f4\u017eete dochuti\u0165 pod\u013ea preferencie.<\/p>\n\n\n\n<p><strong>Avertisment:<\/strong> Obsahuje kofe\u00edn. <strong>Nevhodn\u00e9 pre deti, tehotn\u00e9 a doj\u010diace \u017eeny, osoby citliv\u00e9 na kofe\u00edn, kardiakov a osoby s vysok\u00fdm krvn\u00fdm tlakom.<\/strong><\/p>\n\n\n\n<p><strong>Priemern\u00e9 v\u00fd\u017eivov\u00e9 hodnoty v 100 g:<\/strong><br>Energia \u2013 1171 kJ \/ 280 kcal<br>Tuky \u2013 0,24 g<br>\u2013 z toho nas\u00fdten\u00e9 mastn\u00e9 kyseliny \u2013 0,16 g<br>Sacharidy \u2013 44 g<br>\u2013 z toho cukry \u2013 1,6 g<br>Vl\u00e1knina \u2013 16 g<br>Bielkoviny \u2013 17,32 g<br>So\u013e \u2013 0,64 g<\/p>\n\n\n\n<p><strong>Charakteristika produktu:<\/strong><br>\u2714 Z pr\u00edrodn\u00fdch surov\u00edn<br>\u2714 Bez umel\u00fdch ar\u00f3m, farb\u00edv a konzervantov<br>\u2714 Bez GMO<br>\u2714 Veg\u00e1nsky<br>\u2714 Bez pridan\u00e9ho cukru<br>\u2714 N\u00edzky obsah cukru a tuku<br>\u2714 Bohat\u00fd na vl\u00e1kninu<br>\u2714 Zdroj bielkov\u00edn<br>\u2714 Fair Trade p\u00f4vod<\/p>\n\n\n\n<p><strong>Depozitare:<\/strong> Uchov\u00e1vajte pri <strong>izbovej teplote<\/strong>, chr\u00e1nen\u00e9 pred <strong>vlhkos\u0165ou a priamym slne\u010dn\u00fdm \u017eiaren\u00edm.<\/strong><\/p>\n\n\n\n<p><strong>Greutate:<\/strong> 100 g<\/p>","protected":false},"excerpt":{"rendered":"<p>Pr\u00e9miov\u00e1 instantn\u00e1 k\u00e1va z prvotriednej 100 % Arabicy poch\u00e1dzaj\u00facej z f\u00e9rov\u00e9ho obchodu (Fair Trade), obohaten\u00e1 o 20 % extraktu zo zelenej k\u00e1vy s 50 % obsahom kyseliny chlorog\u00e9novej&#8230;. <a href=\"#tab-description\" class=\"more-link\">Cite\u0219te mai mult<\/a><\/p>","protected":false},"featured_media":10657,"comment_status":"open","ping_status":"closed","template":"","meta":{"inline_featured_image":false},"product_brand":[],"product_cat":[69,71,177],"product_tag":[],"class_list":{"0":"post-10656","1":"product","2":"type-product","3":"status-publish","4":"has-post-thumbnail","6":"product_cat-vyzivove-doplnky","7":"product_cat-potraviny","8":"product_cat-nahrada-kavy","10":"first","11":"onbackorder","12":"taxable","13":"shipping-taxable","14":"purchasable","15":"product-type-simple"},"aioseo_notices":[],"_links":{"self":[{"href":"https:\/\/www.biokari.sk\/ro\/wp-json\/wp\/v2\/product\/10656","targetHints":{"allow":["GET"]}}],"collection":[{"href":"https:\/\/www.biokari.sk\/ro\/wp-json\/wp\/v2\/product"}],"about":[{"href":"https:\/\/www.biokari.sk\/ro\/wp-json\/wp\/v2\/types\/product"}],"replies":[{"embeddable":true,"href":"https:\/\/www.biokari.sk\/ro\/wp-json\/wp\/v2\/comments?post=10656"}],"wp:featuredmedia":[{"embeddable":true,"href":"https:\/\/www.biokari.sk\/ro\/wp-json\/wp\/v2\/media\/10657"}],"wp:attachment":[{"href":"https:\/\/www.biokari.sk\/ro\/wp-json\/wp\/v2\/media?parent=10656"}],"wp:term":[{"taxonomy":"product_brand","embeddable":true,"href":"https:\/\/www.biokari.sk\/ro\/wp-json\/wp\/v2\/product_brand?post=10656"},{"taxonomy":"product_cat","embeddable":true,"href":"https:\/\/www.biokari.sk\/ro\/wp-json\/wp\/v2\/product_cat?post=10656"},{"taxonomy":"product_tag","embeddable":true,"href":"https:\/\/www.biokari.sk\/ro\/wp-json\/wp\/v2\/product_tag?post=10656"}],"curies":[{"name":"wp","href":"https:\/\/api.w.org\/{rel}","templated":true}]}}