{"id":10670,"date":"2025-11-21T14:53:09","date_gmt":"2025-11-21T13:53:09","guid":{"rendered":"https:\/\/www.biokari.sk\/produkt\/dr-immun-sampon-s-zensenu-a-propolisu-250ml\/"},"modified":"2026-05-01T19:01:07","modified_gmt":"2026-05-01T17:01:07","slug":"dr-immun-sampon-s-zensenu-a-propolisu-250ml","status":"publish","type":"product","link":"https:\/\/www.biokari.sk\/ro\/produs\/dr-immun-sampon-s-zensenu-a-propolisu-250ml\/","title":{"rendered":"Dr.Immun \u0160amp\u00f3n s \u017een\u0161enu a propolisu 250ml"},"content":{"rendered":"<p><strong>Odpor\u00fa\u010dan\u00e9 pou\u017eitie:<\/strong> pre norm\u00e1lnu a mastn\u00fa vlasov\u00fa poko\u017eku, pre \u017eeny aj mu\u017eov, s cie\u013eom intenz\u00edvnej regener\u00e1cie vlasov.<\/p>\n\n\n\n<p>\u017den\u0161en, zn\u00e1my aj ako \u201ekore\u0148 \u017eivota\u201c, patr\u00ed medzi naj\u00fa\u010dinnej\u0161ie regenera\u010dn\u00e9 a bunkov\u00fa \u010dinnos\u0165 podporuj\u00face lie\u010div\u00e9 rastliny. Propolis je vo\u0148av\u00e1, balzamov\u00e1 l\u00e1tka zbieran\u00e1 v\u010delami z pukov stromov, ktor\u00e1 p\u00f4sob\u00ed antibakteri\u00e1lne, antimykoticky a podporuje obnovu poko\u017eky. Spolu s extraktom z 25 byl\u00edn tvoria tri typy esenci\u00ed v\u00fdnimo\u010dne akt\u00edvnu kombin\u00e1ciu, ktor\u00e1 intenz\u00edvne vitalizuje vlasov\u00e9 korienky, stimuluje rast vlasov a prispieva k tomu, aby bola vlasov\u00e1 koruna silnej\u0161ia a zdrav\u0161ia.<\/p>\n\n\n\n<p>Vysok\u00fd obsah cenn\u00fdch extraktov rob\u00ed n\u00e1\u0161 pr\u00edpravok luxusne kvalitn\u00fdm. Pr\u00e1ve tomuto bohat\u00e9mu zlo\u017eeniu v\u010fa\u010d\u00ed \u0161amp\u00f3n za svoju zlatohned\u00fa farbu a jemn\u00fa, hodv\u00e1bnu penu. Neobsahuje \u017eiadne umel\u00e9 farbiv\u00e1.<\/p>\n\n\n\n<p><strong>DR. IMMUN\u00ae Intenz\u00edvna, komplexn\u00e1 k\u00fara na vlasy:<\/strong> pre e\u0161te v\u00fdraznej\u0161\u00ed regenera\u010dn\u00fd \u00fa\u010dinok odpor\u00fa\u010dame kombinova\u0165 pou\u017e\u00edvanie Ginseng-Propolis \u0161amp\u00f3nu s niektor\u00fdmi z DR. IMMUN\u00ae Vlasov\u00fdch kvapiek, 25-bylinn\u00fdm vlasov\u00fdm balzamom alebo v\u00fd\u017eivn\u00fdm olejom na vlasy, ako aj s Vlasov\u00fdm beauty vitam\u00ednom, ktor\u00fd v\u010faka 15 \u00fa\u010dinn\u00fdm l\u00e1tkam poskytuje d\u00f4le\u017eit\u00e9 vitam\u00edny, miner\u00e1ly a stopov\u00e9 prvky nevyhnutn\u00e9 pre zdrav\u00fd rast vlasov.<\/p>\n\n\n\n<p><strong>Volum:<\/strong> 200 ml<\/p>\n\n\n\n<p><strong>Compozi\u021bie:<\/strong> Aqua, Sodium Laureth Sulfate, Cocamidopropyl Betaine, Alcohol, Extract of 25 Herbs (Lavandula Angustifolia, Melissa Officinalis Leaf, Aloe Barbadensis, Juniperus Communis Fruit, Agrimonia Eupatoria, Hypericum Perforatum, Salvia Officinalis, Urtica Dioica Root, Urtica Dioica Leaf, Chamomilla Recutita Flower, Calendula Officinalis, Betula Alba Leaf, Tussilago Farfara Leaf, Rosmarinus Officinalis Leaf, Arctium Lappa Root, Equisetum Arvense, Thymus Vulgaris, Ocimum Basilicum Leaf, Arnica Montana Flower, Hedera Helix Leaf, Humulus Lupulus, Quercus Alba Bark, Melilotus Officinalis, Aesculus Hippocastanum, Populus Nigra), Propolis Extract, Panax Ginseng Root Extract, Cocamide DEA, Sodium Chloride, PEG-12 Dimethicone, Polyquaternium-7, Parfum, Propylene Glycol, Benzyl Alcohol, Methylchloroisothiazolinone, Methylisothiazolinone, Citric Acid.<\/p>","protected":false},"excerpt":{"rendered":"<p>\u017den\u0161en, zn\u00e1my aj ako \u201ekore\u0148 \u017eivota\u201c, patr\u00ed medzi naj\u00fa\u010dinnej\u0161ie regenera\u010dn\u00e9 a bunkov\u00fa \u010dinnos\u0165 podporuj\u00face lie\u010div\u00e9 rastliny&#8230; <a href=\"#tab-description\" class=\"more-link\">Cite\u0219te mai mult<\/a><\/p>","protected":false},"featured_media":10672,"comment_status":"open","ping_status":"closed","template":"","meta":{"inline_featured_image":false},"product_brand":[],"product_cat":[249],"product_tag":[],"class_list":{"0":"post-10670","1":"product","2":"type-product","3":"status-publish","4":"has-post-thumbnail","6":"product_cat-kozmeticke-vyrobky","8":"first","9":"instock","10":"taxable","11":"shipping-taxable","12":"purchasable","13":"product-type-simple"},"aioseo_notices":[],"_links":{"self":[{"href":"https:\/\/www.biokari.sk\/ro\/wp-json\/wp\/v2\/product\/10670","targetHints":{"allow":["GET"]}}],"collection":[{"href":"https:\/\/www.biokari.sk\/ro\/wp-json\/wp\/v2\/product"}],"about":[{"href":"https:\/\/www.biokari.sk\/ro\/wp-json\/wp\/v2\/types\/product"}],"replies":[{"embeddable":true,"href":"https:\/\/www.biokari.sk\/ro\/wp-json\/wp\/v2\/comments?post=10670"}],"wp:featuredmedia":[{"embeddable":true,"href":"https:\/\/www.biokari.sk\/ro\/wp-json\/wp\/v2\/media\/10672"}],"wp:attachment":[{"href":"https:\/\/www.biokari.sk\/ro\/wp-json\/wp\/v2\/media?parent=10670"}],"wp:term":[{"taxonomy":"product_brand","embeddable":true,"href":"https:\/\/www.biokari.sk\/ro\/wp-json\/wp\/v2\/product_brand?post=10670"},{"taxonomy":"product_cat","embeddable":true,"href":"https:\/\/www.biokari.sk\/ro\/wp-json\/wp\/v2\/product_cat?post=10670"},{"taxonomy":"product_tag","embeddable":true,"href":"https:\/\/www.biokari.sk\/ro\/wp-json\/wp\/v2\/product_tag?post=10670"}],"curies":[{"name":"wp","href":"https:\/\/api.w.org\/{rel}","templated":true}]}}