{"id":10679,"date":"2025-11-21T15:29:23","date_gmt":"2025-11-21T14:29:23","guid":{"rendered":"https:\/\/www.biokari.sk\/produkt\/szatmari-slivkovy-lekvar-250g\/"},"modified":"2026-04-13T19:01:53","modified_gmt":"2026-04-13T17:01:53","slug":"szatmari-slivkovy-lekvar-250g","status":"publish","type":"product","link":"https:\/\/www.biokari.sk\/ro\/produs\/szatmari-slivkovy-lekvar-250g\/","title":{"rendered":"Szatm\u00e1ri Slivkov\u00fd lekv\u00e1r 250g"},"content":{"rendered":"<p>Tradi\u010dn\u00fd varen\u00fd slivkov\u00fd lekv\u00e1r, pri ktor\u00e9ho v\u00fdrobe sa na 100 g hotov\u00e9ho produktu pou\u017eije 350 g sliviek.<\/p>\n\n\n\n<p><strong>Compozi\u021bie:<\/strong> 100 % slivka<br><strong>Alergeni:<\/strong> produkt m\u00f4\u017ee vo ve\u013emi zriedkav\u00fdch pr\u00edpadoch obsahova\u0165 k\u00fasky slivkov\u00fdch k\u00f4stok alebo ich fragmenty.<\/p>\n\n\n\n<p><strong>Priemern\u00e9 v\u00fd\u017eivov\u00e9 hodnoty na 100 g produktu:<\/strong><br>Energia: 687 kJ \/ 163 kcal<br>Tuky: 0,1 g<br>\u2013 z toho nas\u00fdten\u00e9 mastn\u00e9 kyseliny: 0,10 g<br>Sacharidy: 31,12 g<br>\u2013 z toho cukry: 29,45 g<br>\u2013 z toho \u0161krob: 1,67 g<br>Vl\u00e1knina: 16,22 g<br>Bielkoviny: 1,65 g<br>So\u013e: 0,05 g<\/p>\n\n\n\n<p><strong>Cerere:<\/strong> vhodn\u00fd na priamu konzum\u00e1ciu aj na pe\u010denie.<\/p>\n\n\n\n<p><strong>Depozitare:<\/strong><br>Ke\u010f\u017ee produkt neobsahuje konzerva\u010dn\u00e9 l\u00e1tky, po otvoren\u00ed je potrebn\u00e9 uchov\u00e1va\u0165 ho v chladni\u010dke.<\/p>\n\n\n\n<p><strong>\u021aara de origine:<\/strong> Ma\u010farsko<br><strong>Greutate:<\/strong> 250 g<\/p>","protected":false},"excerpt":{"rendered":"<p>Tradi\u010dn\u00fd varen\u00fd slivkov\u00fd lekv\u00e1r, pri ktor\u00e9ho v\u00fdrobe sa na 100 g hotov\u00e9ho produktu pou\u017eije 350 g sliviek&#8230; <a href=\"#tab-description\" class=\"more-link\">Cite\u0219te mai mult<\/a><\/p>","protected":false},"featured_media":10681,"comment_status":"open","ping_status":"closed","template":"","meta":{"inline_featured_image":false},"product_brand":[],"product_cat":[71,170],"product_tag":[],"class_list":{"0":"post-10679","1":"product","2":"type-product","3":"status-publish","4":"has-post-thumbnail","6":"product_cat-potraviny","7":"product_cat-dzemy","9":"first","10":"onbackorder","11":"taxable","12":"shipping-taxable","13":"purchasable","14":"product-type-simple"},"aioseo_notices":[],"_links":{"self":[{"href":"https:\/\/www.biokari.sk\/ro\/wp-json\/wp\/v2\/product\/10679","targetHints":{"allow":["GET"]}}],"collection":[{"href":"https:\/\/www.biokari.sk\/ro\/wp-json\/wp\/v2\/product"}],"about":[{"href":"https:\/\/www.biokari.sk\/ro\/wp-json\/wp\/v2\/types\/product"}],"replies":[{"embeddable":true,"href":"https:\/\/www.biokari.sk\/ro\/wp-json\/wp\/v2\/comments?post=10679"}],"wp:featuredmedia":[{"embeddable":true,"href":"https:\/\/www.biokari.sk\/ro\/wp-json\/wp\/v2\/media\/10681"}],"wp:attachment":[{"href":"https:\/\/www.biokari.sk\/ro\/wp-json\/wp\/v2\/media?parent=10679"}],"wp:term":[{"taxonomy":"product_brand","embeddable":true,"href":"https:\/\/www.biokari.sk\/ro\/wp-json\/wp\/v2\/product_brand?post=10679"},{"taxonomy":"product_cat","embeddable":true,"href":"https:\/\/www.biokari.sk\/ro\/wp-json\/wp\/v2\/product_cat?post=10679"},{"taxonomy":"product_tag","embeddable":true,"href":"https:\/\/www.biokari.sk\/ro\/wp-json\/wp\/v2\/product_tag?post=10679"}],"curies":[{"name":"wp","href":"https:\/\/api.w.org\/{rel}","templated":true}]}}