{"id":10686,"date":"2025-11-21T16:11:01","date_gmt":"2025-11-21T15:11:01","guid":{"rendered":"https:\/\/www.biokari.sk\/produkt\/medinatural-levandlovy-olej-30ml\/"},"modified":"2026-03-28T18:01:24","modified_gmt":"2026-03-28T17:01:24","slug":"medinatural-levandlovy-olej-30ml","status":"publish","type":"product","link":"https:\/\/www.biokari.sk\/ro\/produs\/medinatural-levandlovy-olej-30ml\/","title":{"rendered":"Medinatural Levandlov\u00fd olej 30ml"},"content":{"rendered":"<p><strong>100% \u010dist\u00fd levandu\u013eov\u00fd \u00e9terick\u00fd olej MediNatural<\/strong> je n\u00e1dhern\u00e1 aromatick\u00e1 esencie, ktor\u00e1 patr\u00ed medzi naj\u010dastej\u0161ie pou\u017e\u00edvan\u00e9 oleje v aromaterapii. Levandu\u013ea obsahuje pribli\u017ene 150 prospe\u0161n\u00fdch zl\u00fa\u010den\u00edn, ktor\u00e9 priaznivo p\u00f4sobia na organizmus. M\u00e1 prirodzen\u00e9 antimykotick\u00e9, antimikrobi\u00e1lne, spazmolytick\u00e9, antiseptick\u00e9, upokojuj\u00face, analgetick\u00e9 a mierne znecitlivuj\u00face \u00fa\u010dinky. Je v\u00fdborn\u00fdm zlo\u017ekou kozmetick\u00fdch pr\u00edpravkov na starostlivos\u0165 o ple\u0165, zmier\u0148uje nepr\u00edjemn\u00e9 prejavy akn\u00f3znej, ekz\u00e9movej, podr\u00e1\u017edenej pleti, vhodn\u00e1 je na drobn\u00e9 poranenia, rezn\u00e9 seky, men\u0161ie pop\u00e1leniny, tonizuje a upokojuje poko\u017eku. Prin\u00e1\u0161a \u00fa\u013eavu pri svalovej bolesti, bolestiach brucha, k\u0155\u010doch, bolestiach hlavy a pri \u0165a\u017ekostiach d\u00fdchac\u00edch ciest.<\/p>\n\n\n\n<p>Levandu\u013eov\u00fd olej pom\u00e1ha uvo\u013eni\u0165 nap\u00e4tie, upokojuje nervov\u00fd syst\u00e9m, podporuje zasp\u00e1vanie a celkov\u00fa relax\u00e1ciu, preto je vhodn\u00fdm pomocn\u00edkom v stresov\u00fdch obdobiach. Pou\u017e\u00edva sa na odparovanie, such\u00fa inhal\u00e1ciu, naparovanie tv\u00e1re, relaxa\u010dn\u00e9 aromatick\u00e9 k\u00fapele, k\u00fapele n\u00f4h, saunu, mas\u00e1\u017ee, ako aj na o\u0161etrenie drobn\u00fdch poranen\u00ed, akn\u00e9 \u010di svrbenia po u\u0161tipnut\u00ed hmyzom.<\/p>\n\n\n\n<p>Pri starostlivosti o ple\u0165 je potrebn\u00e9 levandu\u013eov\u00fd olej riedi\u0165, ide\u00e1lne v kombin\u00e1cii s rastlinn\u00fdm o\u0161etruj\u00facim olejom MediNatural. Je vhodn\u00fd na v\u0161etky typy poko\u017eky. Pri mastnej, zmie\u0161anej alebo problematickej pleti pom\u00e1ha vyrovn\u00e1va\u0165 produkciu ko\u017en\u00e9ho mazu, dezinfikuje a predch\u00e1dza tvorbe nov\u00fdch nedokonalost\u00ed. Na jazvy, vr\u00e1tane jaziev po akn\u00e9, m\u00e1 regenera\u010dn\u00fd a epiteliza\u010dn\u00fd \u00fa\u010dinok a podporuje lep\u0161ie hojenie. Pri suchej a citlivej poko\u017eke umo\u017e\u0148uje vytvori\u0165 pr\u00edjemn\u00fa \u010distiacu a o\u0161etruj\u00facu zmes. Mas\u00edrovan\u00edm oblasti sp\u00e1nkov \u010di \u0161ije m\u00f4\u017ee zmierni\u0165 bolesti hlavy a nap\u00e4tie. Pri sp\u00e1len\u00ed poko\u017eky slnkom alebo pri \u0161t\u00edpancoch hmyzu zmie\u0161an\u00fd so \u0161\u00edpkov\u00fdm olejom u\u013eavuje od nepr\u00edjemn\u00fdch pocitov. Pri probl\u00e9moch so sp\u00e1nkom odpor\u00fa\u010da sa ve\u010dern\u00e1 mas\u00e1\u017e chodidiel. Pri sennej n\u00e1dche m\u00f4\u017ee zmierni\u0165 pr\u00edznaky pri mas\u00e1\u017ei kore\u0148a nosa alebo inhal\u00e1cii. Pri prechladnut\u00ed \u010di chr\u00edpke aplik\u00e1cia na \u010delo prispieva k r\u00fdchlej\u0161iemu zotaveniu. Mas\u00edrovan\u00edm bolestiv\u00fdch oblast\u00ed, napr\u00edklad podbru\u0161ka, m\u00f4\u017ee u\u013eavi\u0165 aj od men\u0161trua\u010dn\u00fdch k\u0155\u010dov.<\/p>\n\n\n\n<p>Levandu\u013eov\u00fd olej m\u00e1 pozit\u00edvny vplyv na n\u00e1ladu. Pri sm\u00fatku, nepokoji alebo \u0165a\u017ekostiach so sp\u00e1nkom je \u00fa\u010dinn\u00e9 zmie\u0161a\u0165 nieko\u013eko kvapiek levandu\u013eov\u00e9ho a pomaran\u010dov\u00e9ho oleja, \u010d\u00edm vznikne harmonick\u00e1, upokojuj\u00faca zmes. Pri \u0165a\u017ekostiach s d\u00fdchac\u00edmi cestami je vhodn\u00e9 mas\u00edrova\u0165 hrudn\u00edk zmesou 20 ml o\u0161etruj\u00faceho oleja a 5 kvapiek levandu\u013eov\u00e9ho oleja, najm\u00e4 ve\u010der pred span\u00edm.<\/p>\n\n\n\n<p>Pre pr\u00edjemn\u00fa atmosf\u00e9ru a relax\u00e1ciu je vhodn\u00e9 prida\u0165 5 a\u017e 8 kvapiek levandu\u013eov\u00e9ho oleja do aromadifuz\u00e9ra alebo tepl\u00e9ho k\u00fape\u013ea. V sp\u00e1lni pom\u00e1ha navodi\u0165 pokoj o sp\u00e1nok, u det\u00ed u\u013eah\u010duje zasp\u00e1vanie, ak sa jedna kvapka nanesie na vank\u00fa\u0161. Ako pr\u00edrodn\u00fd osvie\u017eova\u010d vzduchu sa pou\u017e\u00edva tak, \u017ee do poh\u00e1ra sa nasype s\u00f3da bikarb\u00f3na, prid\u00e1 10 a\u017e 15 kvapiek levandu\u013eov\u00e9ho oleja a poh\u00e1r sa prekryje papierom s mal\u00fdmi otvormi. Levandu\u013eov\u00fd olej p\u00f4sob\u00ed aj ako prirodzen\u00fd odpudzova\u010d hmyzu, najm\u00e4 proti kom\u00e1rom, mravcom, much\u00e1m, blch\u00e1m a mo\u013eom. Pou\u017e\u00edva sa do vrec\u00fa\u0161ok do skr\u00ed\u0148 alebo sa kvapk\u00e1 do rohov miestnost\u00ed, na r\u00e1m okien \u010di dver\u00ed.<\/p>\n\n\n\n<p>V\u00f4\u0148a levandu\u013eov\u00e9ho oleja je svie\u017ea, kvetinovo-korenist\u00e1 a \u010dist\u00e1, patr\u00ed medzi srdcov\u00e9 t\u00f3ny. Olej sa z\u00edskava n\u00edzkoteplotnou parnou destil\u00e1ciou z kvetov. Krajina p\u00f4vodu: Bulharsko.<\/p>\n\n\n\n<p><strong>Compozi\u021bie:<\/strong> 100% Lavandula Angustifolia Oil, linalool*, limonene*<br>(* prirodzen\u00e9 zlo\u017eky \u00e9terick\u00fdch olejov). V s\u00falade s liekopisom je veden\u00fd pod n\u00e1zvom Aetherolaeum Lavandulae.<\/p>\n\n\n\n<p><strong>Depozitare:<\/strong> uchov\u00e1va\u0165 pri izbovej teplote, na suchom a tmavom mieste, s dobre uzavret\u00fdm uz\u00e1verom.<\/p>\n\n\n\n<p><strong>Avertisment:<\/strong> produkt je bezpe\u010dn\u00fd na pou\u017e\u00edvanie, av\u0161ak \u00e9terick\u00e9 oleje m\u00f4\u017eu u citliv\u00fdch os\u00f4b vyvola\u0165 alergick\u00e9 reakcie.<\/p>\n\n\n\n<p><strong>Volum: <\/strong>10ml<\/p>","protected":false},"excerpt":{"rendered":"<p>100% \u010dist\u00fd levandu\u013eov\u00fd \u00e9terick\u00fd olej MediNatural je n\u00e1dhern\u00e1 aromatick\u00e1 esencie, ktor\u00e1 patr\u00ed medzi naj\u010dastej\u0161ie pou\u017e\u00edvan\u00e9 oleje v aromaterapii&#8230; <a href=\"#tab-description\" class=\"more-link\">Cite\u0219te mai mult<\/a><\/p>","protected":false},"featured_media":10687,"comment_status":"open","ping_status":"closed","template":"","meta":{"inline_featured_image":false},"product_brand":[],"product_cat":[19,138],"product_tag":[309,313],"class_list":{"0":"post-10686","1":"product","2":"type-product","3":"status-publish","4":"has-post-thumbnail","6":"product_cat-ostatne","7":"product_cat-aromaterapia","8":"product_tag-novinky","9":"product_tag-top-ostatne","11":"first","12":"instock","13":"taxable","14":"shipping-taxable","15":"purchasable","16":"product-type-simple"},"aioseo_notices":[],"_links":{"self":[{"href":"https:\/\/www.biokari.sk\/ro\/wp-json\/wp\/v2\/product\/10686","targetHints":{"allow":["GET"]}}],"collection":[{"href":"https:\/\/www.biokari.sk\/ro\/wp-json\/wp\/v2\/product"}],"about":[{"href":"https:\/\/www.biokari.sk\/ro\/wp-json\/wp\/v2\/types\/product"}],"replies":[{"embeddable":true,"href":"https:\/\/www.biokari.sk\/ro\/wp-json\/wp\/v2\/comments?post=10686"}],"wp:featuredmedia":[{"embeddable":true,"href":"https:\/\/www.biokari.sk\/ro\/wp-json\/wp\/v2\/media\/10687"}],"wp:attachment":[{"href":"https:\/\/www.biokari.sk\/ro\/wp-json\/wp\/v2\/media?parent=10686"}],"wp:term":[{"taxonomy":"product_brand","embeddable":true,"href":"https:\/\/www.biokari.sk\/ro\/wp-json\/wp\/v2\/product_brand?post=10686"},{"taxonomy":"product_cat","embeddable":true,"href":"https:\/\/www.biokari.sk\/ro\/wp-json\/wp\/v2\/product_cat?post=10686"},{"taxonomy":"product_tag","embeddable":true,"href":"https:\/\/www.biokari.sk\/ro\/wp-json\/wp\/v2\/product_tag?post=10686"}],"curies":[{"name":"wp","href":"https:\/\/api.w.org\/{rel}","templated":true}]}}