{"id":10698,"date":"2025-11-21T16:36:09","date_gmt":"2025-11-21T15:36:09","guid":{"rendered":"https:\/\/www.biokari.sk\/produkt\/naturpolc-bylinkovy-vankus-s-kamilkou-a-matou-1ks\/"},"modified":"2026-04-05T19:00:52","modified_gmt":"2026-04-05T17:00:52","slug":"naturpolc-bylinkovy-vankus-s-kamilkou-a-matou-1ks","status":"publish","type":"product","link":"https:\/\/www.biokari.sk\/ro\/produs\/naturpolc-bylinkovy-vankus-s-kamilkou-a-matou-1ks\/","title":{"rendered":"Naturpolc Bylinkov\u00fd vank\u00fa\u0161 s kamilkou a m\u00e4tou 1ks"},"content":{"rendered":"<p>Bylinn\u00fd \u0161paldov\u00fd vank\u00fa\u0161 plnen\u00fd harman\u010dekom a m\u00e4tou piepornou vytv\u00e1ra pocit, akoby ste sa prech\u00e1dzali po l\u00fake. Je ide\u00e1lnym spolo\u010dn\u00edkom pri medit\u00e1cii, ke\u010f\u017ee jeho v\u00f4\u0148a pom\u00e1ha uvo\u013eni\u0165 myse\u013e a navodi\u0165 vn\u00fatorn\u00fd pokoj. Svie\u017ea v\u00f4\u0148a m\u00e4ty podporuje s\u00fastredenie a upokojenie, zatia\u013e \u010do jemn\u00e1 harman\u010dekov\u00e1 ar\u00f3ma okam\u017eite navodzuje regener\u00e1ciu a harm\u00f3niu. V\u00f4\u0148a je pr\u00edjemn\u00e1, prirodzen\u00e1 a jemn\u00e1. Vank\u00fa\u0161ik je vyroben\u00fd <strong>bez pr\u00eddavn\u00fdch l\u00e1tok a chemik\u00e1li\u00ed<\/strong>. Pom\u00e1ha pri nespavosti, uvo\u013e\u0148uje nap\u00e4tie kr\u010dn\u00fdch, ramenn\u00fdch a chrbtov\u00fdch svalov, m\u00e1 upokojuj\u00faci, spazmolytick\u00fd a regenera\u010dn\u00fd \u00fa\u010dinok.<\/p>\n\n\n\n<p>Vank\u00fa\u0161 sa prirodzene prisp\u00f4sobuje tvaru krku a hlavy, dobre odvetr\u00e1va, neprehrieva sa a je bohat\u00fd na pr\u00edrodn\u00e9 miner\u00e1ly. \u0160paldov\u00e9 plevy \u2013 plevy zo \u0161paldovej p\u0161enice \u2013 obsahuj\u00fa pribli\u017ene 90 % kyseliny kremi\u010ditej, ktor\u00e1 sa po\u010das su\u0161enia uvo\u013e\u0148uje a cez spojivov\u00e9 tkaniv\u00e1 m\u00f4\u017ee vstreb\u00e1va\u0165 do organizmu, kde p\u00f4sob\u00ed protiz\u00e1palovo, proti bolesti a uvo\u013e\u0148uje svalov\u00e9 k\u0155\u010de. Vank\u00fa\u0161 plnen\u00fd \u0161paldov\u00fdmi plevami v\u00fdborne zmier\u0148uje bolesti krku a ramien, u\u013eavuje od migr\u00e9ny sp\u00f4sobenej svalov\u00fdm nap\u00e4t\u00edm a pom\u00e1ha aj pri bolestiach k\u013abov. Uvo\u013e\u0148ovanie kyseliny kremi\u010ditej trv\u00e1 pribli\u017ene 2\u20133 roky.<\/p>\n\n\n\n<p>\u0160paldov\u00e9 plevy s\u00fa \u013eahk\u00e9, vzdu\u0161n\u00e9 a z\u00e1rove\u0148 poskytuj\u00fa stabiln\u00fa oporu. Uvo\u013e\u0148uj\u00fa kr\u010dn\u00e9 svaly, \u010d\u00edm podporuj\u00fa lep\u0161ie prekrvenie mozgu. Vank\u00fa\u0161 je vhodn\u00e9 pravidelne vetra\u0165, aj na slnku. Na dezinfekciu ho mo\u017eno vlo\u017ei\u0165 na 30 min\u00fat do r\u00fary vyhriatej na 50 \u00b0C alebo na 8 hod\u00edn do mrazni\u010dky (vlo\u017een\u00fd v plastovom vrecku). Po pou\u017e\u00edvan\u00ed je ide\u00e1lne ponecha\u0165 ho pri otvorenom okne alebo na slnku, aby sa odviedlo teplo vzniknut\u00e9 po\u010das sp\u00e1nku.<\/p>\n\n\n\n<p><strong>V\u00fdpl\u0148:<\/strong> 60 % \u0161paldov\u00e9 plevy, 20 % harman\u010dek, 20 % m\u00e4ta pieporn\u00e1<br><strong>Vn\u00fatorn\u00fd po\u0165ah:<\/strong> pl\u00e1tno<br><strong>Vonkaj\u0161\u00ed po\u0165ah:<\/strong> bavlnen\u00e9 pl\u00e1tno<br><strong>Ve\u013ekos\u0165:<\/strong> 25 \u00d7 35 cm<br><strong>Hmotnos\u0165 n\u00e1plne:<\/strong> 600 g<\/p>\n\n\n\n<p>V pozn\u00e1mke pri objedn\u00e1vke m\u00f4\u017eete uvies\u0165, \u010di si \u017eel\u00e1te po\u0165ah s mot\u00edvom Par\u00ed\u017ea, vesel\u00fdm levandu\u013eov\u00fdm vzorom, makmi alebo drobn\u00fdmi kvietkami. Ak je vank\u00fa\u0161ik ur\u010den\u00fd pre die\u0165a, sta\u010d\u00ed nap\u00edsa\u0165, \u010di m\u00e1 by\u0165 pre chlapca alebo diev\u010da \u2013 alebo si m\u00f4\u017eete vybra\u0165 z ponuky detsk\u00fdch mot\u00edvov. Ke\u010f\u017ee sa vzory r\u00fdchlo obmie\u0148aj\u00fa, je mo\u017en\u00e9 ozna\u010di\u0165 aj viac mo\u017enost\u00ed. V pr\u00edpade, \u017ee niektor\u00fd vzor u\u017e nebude dostupn\u00fd, v\u017edy v\u00e1s budeme kontaktova\u0165 a navrhneme vhodn\u00fa alternat\u00edvu.<\/p>","protected":false},"excerpt":{"rendered":"<p>Bylinn\u00fd \u0161paldov\u00fd vank\u00fa\u0161 plnen\u00fd harman\u010dekom a m\u00e4tou piepornou vytv\u00e1ra pocit, akoby ste sa prech\u00e1dzali po l\u00fake. Je ide\u00e1lnym spolo\u010dn\u00edkom pri medit\u00e1cii&#8230; <a href=\"#tab-description\" class=\"more-link\">Cite\u0219te mai mult<\/a><\/p>","protected":false},"featured_media":10699,"comment_status":"open","ping_status":"closed","template":"","meta":{"inline_featured_image":false},"product_brand":[],"product_cat":[19],"product_tag":[309],"class_list":{"0":"post-10698","1":"product","2":"type-product","3":"status-publish","4":"has-post-thumbnail","6":"product_cat-ostatne","7":"product_tag-novinky","9":"first","10":"instock","11":"taxable","12":"shipping-taxable","13":"purchasable","14":"product-type-simple"},"aioseo_notices":[],"_links":{"self":[{"href":"https:\/\/www.biokari.sk\/ro\/wp-json\/wp\/v2\/product\/10698","targetHints":{"allow":["GET"]}}],"collection":[{"href":"https:\/\/www.biokari.sk\/ro\/wp-json\/wp\/v2\/product"}],"about":[{"href":"https:\/\/www.biokari.sk\/ro\/wp-json\/wp\/v2\/types\/product"}],"replies":[{"embeddable":true,"href":"https:\/\/www.biokari.sk\/ro\/wp-json\/wp\/v2\/comments?post=10698"}],"wp:featuredmedia":[{"embeddable":true,"href":"https:\/\/www.biokari.sk\/ro\/wp-json\/wp\/v2\/media\/10699"}],"wp:attachment":[{"href":"https:\/\/www.biokari.sk\/ro\/wp-json\/wp\/v2\/media?parent=10698"}],"wp:term":[{"taxonomy":"product_brand","embeddable":true,"href":"https:\/\/www.biokari.sk\/ro\/wp-json\/wp\/v2\/product_brand?post=10698"},{"taxonomy":"product_cat","embeddable":true,"href":"https:\/\/www.biokari.sk\/ro\/wp-json\/wp\/v2\/product_cat?post=10698"},{"taxonomy":"product_tag","embeddable":true,"href":"https:\/\/www.biokari.sk\/ro\/wp-json\/wp\/v2\/product_tag?post=10698"}],"curies":[{"name":"wp","href":"https:\/\/api.w.org\/{rel}","templated":true}]}}