{"id":10731,"date":"2025-12-01T15:49:36","date_gmt":"2025-12-01T14:49:36","guid":{"rendered":"https:\/\/www.biokari.sk\/produkt\/huminiqum-kapsuly-120ks\/"},"modified":"2026-04-20T19:01:59","modified_gmt":"2026-04-20T17:01:59","slug":"huminiqum-kapsuly-120ks","status":"publish","type":"product","link":"https:\/\/www.biokari.sk\/ro\/produs\/huminiqum-kapsuly-120ks\/","title":{"rendered":"Huminiqum kapsuly 120ks"},"content":{"rendered":"<p data-start=\"161\" data-end=\"550\">Tento pr\u00edpravok obsahuje komplex hum\u00ednov\u00fdch kysel\u00edn obohaten\u00fd o \u0161irok\u00fa \u0161k\u00e1lu miner\u00e1lnych l\u00e1tok a stopov\u00fdch prvkov, ktor\u00e9 s\u00fa pr\u00edtomn\u00e9 v biologicky dostupnej a \u013eahko vyu\u017eite\u013enej forme. Hum\u00ednov\u00e9 l\u00e1tky podporuj\u00fa optim\u00e1lne vstreb\u00e1vanie miner\u00e1lov t\u00fdm, \u017ee reguluj\u00fa ich pr\u00edjem; l\u00e1tky nach\u00e1dzaj\u00face sa v nadbytku dok\u00e1\u017eu obmedzi\u0165, zatia\u013e \u010do prvky pr\u00edtomn\u00e9 v men\u0161om mno\u017estve u\u013eah\u010duj\u00fa ich vstreb\u00e1vanie.<\/p>\n<p data-start=\"552\" data-end=\"1131\">Hum\u00ednov\u00e9 l\u00e1tky p\u00f4sobia ako siln\u00e9 pr\u00edrodn\u00e9 antioxidanty, ktor\u00e9 \u00fa\u010dinne neutralizuj\u00fa vo\u013en\u00e9 radik\u00e1ly. Premie\u0148aj\u00fa anorganick\u00e9 miner\u00e1ly a stopov\u00e9 prvky na formy podobn\u00e9 organick\u00fdm zl\u00fa\u010denin\u00e1m, \u010d\u00edm podporuj\u00fa ich vstup do buniek, pri\u010dom toxick\u00e9 \u0165a\u017ek\u00e9 kovy via\u017eu do nerozpustn\u00fdch komplexov a napom\u00e1haj\u00fa ich prirodzen\u00e9mu vylu\u010dovaniu z organizmu. D\u00f4le\u017eitou vlastnos\u0165ou je aj schopnos\u0165 stabilizova\u0165 a zvy\u0161ova\u0165 aktivitu enz\u00fdmov a vitam\u00ednov, ktor\u00e9 zohr\u00e1vaj\u00fa k\u013e\u00fa\u010dov\u00fa \u00falohu pri energetickej premene \u017eiv\u00edn. Pri s\u00fa\u010dasnom u\u017e\u00edvan\u00ed vitam\u00ednov a enz\u00fdmov sa ich biologick\u00e1 \u00fa\u010dinnos\u0165 preuk\u00e1zate\u013ene zvy\u0161uje.<\/p>\n<p data-start=\"1133\" data-end=\"1379\">Denn\u00e1 d\u00e1vka dvoch kaps\u00fal obsahuje 100 mg hum\u00ednovej kyseliny, 82 mg vitam\u00ednu C, 42 mg extraktu z pestreca mari\u00e1nskeho, 8,2 mg krem\u00edka, 3,6 mg \u017eeleza, 2,6 mg zinku, 0,2 mg medi, 0,1 mg b\u00f3ru, 24 \u03bcg molybd\u00e9nu, 24 \u03bcg j\u00f3du, 20 \u03bcg sel\u00e9nu a 20 \u03bcg chr\u00f3mu.<\/p>\n<p data-start=\"1381\" data-end=\"2029\">Odpor\u00fa\u010dan\u00e9 d\u00e1vkovanie z\u00e1vis\u00ed od individu\u00e1lnych potrieb. Na v\u0161eobecn\u00e9 posilnenie organizmu sa odpor\u00fa\u010da jedna d\u00e1vka pozost\u00e1vaj\u00faca z dvoch kaps\u00fal denne. Na doplnenie miner\u00e1lov a udr\u017eanie rovnov\u00e1hy je vhodn\u00e9 u\u017e\u00edva\u0165 jednu dvojkapsulov\u00fa d\u00e1vku denne. Pri pocite \u00fanavy alebo psychickej vy\u010derpanosti s\u00fa odpor\u00fa\u010dan\u00e9 dve d\u00e1vky denne, teda \u0161tyri kapsuly rozdelen\u00e9 na r\u00e1no a ve\u010der. Pri fyzickej z\u00e1\u0165a\u017ei alebo \u0161portov\u00fdch v\u00fdkonoch sa odpor\u00fa\u010da rovnak\u00e9 d\u00e1vkovanie. Tehotn\u00e9 a doj\u010diace \u017eeny m\u00f4\u017eu u\u017e\u00edva\u0165 jednu dvojkapsulov\u00fa d\u00e1vku denne. Pre deti je ur\u010den\u00e1 jedna kapsula denne. Kapsuly je najlep\u0161ie zapi\u0165 dostatkom tekutiny pribli\u017ene p\u00e4tn\u00e1s\u0165 a\u017e dvadsa\u0165 min\u00fat pred jedlom.<\/p>\n<p data-start=\"2031\" data-end=\"2399\"><strong data-start=\"2031\" data-end=\"2044\">Compozi\u021bie:<\/strong> hum\u00ednov\u00fa kyselinu, extrakt z pestreca mari\u00e1nskeho, chlorid v\u00e1penat\u00fd, kremi\u010ditanov\u00fd g\u00e9l, hor\u010d\u00edk vo forme L-askorb\u00e1tu, s\u00edran \u017eeleznat\u00fd, zinok vo forme L-askorb\u00e1tu, sodn\u00fd hydrogenfosf\u00e1t, mang\u00e1nov\u00fd askorb\u00e1t, s\u00edran me\u010fnat\u00fd, tetraboritan sodn\u00fd, jodid draseln\u00fd, am\u00f3niummolybd\u00e1t, sodn\u00fd selenit, chlorid chr\u00f3mu, \u010disten\u00fa vodu a rastlinn\u00fa celul\u00f3zu tvoriacu kapsulu.<\/p>\n<p data-start=\"2401\" data-end=\"2643\"><strong data-start=\"2401\" data-end=\"2417\">Avertisment:<\/strong> V\u00fd\u017eivov\u00fd doplnok nenahr\u00e1dza pestr\u00fa a vyv\u00e1\u017een\u00fa stravu ani zdrav\u00fd \u017eivotn\u00fd \u0161t\u00fdl. Uchov\u00e1vajte mimo dosahu det\u00ed a neprekra\u010dujte odpor\u00fa\u010dan\u00fa denn\u00fa d\u00e1vku. Osoby citliv\u00e9 alebo alergick\u00e9 na niektor\u00fa zo zlo\u017eiek by produkt nemali u\u017e\u00edva\u0165.<\/p>\n<p data-start=\"2645\" data-end=\"2668\"><strong data-start=\"2645\" data-end=\"2657\">Balenie:<\/strong> 120 kaps\u00fal<\/p>","protected":false},"excerpt":{"rendered":"<p>Tento pr\u00edpravok obsahuje komplex hum\u00ednov\u00fdch kysel\u00edn obohaten\u00fd o \u0161irok\u00fa \u0161k\u00e1lu miner\u00e1lnych l\u00e1tok a stopov\u00fdch prvkov, ktor\u00e9 s\u00fa pr\u00edtomn\u00e9 v biologicky dostupnej a \u013eahko vyu\u017eite\u013enej forme&#8230;. <a href=\"#tab-description\" class=\"more-link\">Cite\u0219te mai mult<\/a><\/p>","protected":false},"featured_media":10734,"comment_status":"open","ping_status":"closed","template":"","meta":{"inline_featured_image":false},"product_brand":[341],"product_cat":[69,140,71],"product_tag":[313,311],"class_list":{"0":"post-10731","1":"product","2":"type-product","3":"status-publish","4":"has-post-thumbnail","6":"product_brand-hymato","7":"product_cat-vyzivove-doplnky","8":"product_cat-posilnenie-imunity","9":"product_cat-potraviny","10":"product_tag-top-ostatne","11":"product_tag-top-vyzivove-doplnky","13":"first","14":"instock","15":"taxable","16":"shipping-taxable","17":"purchasable","18":"product-type-simple"},"aioseo_notices":[],"_links":{"self":[{"href":"https:\/\/www.biokari.sk\/ro\/wp-json\/wp\/v2\/product\/10731","targetHints":{"allow":["GET"]}}],"collection":[{"href":"https:\/\/www.biokari.sk\/ro\/wp-json\/wp\/v2\/product"}],"about":[{"href":"https:\/\/www.biokari.sk\/ro\/wp-json\/wp\/v2\/types\/product"}],"replies":[{"embeddable":true,"href":"https:\/\/www.biokari.sk\/ro\/wp-json\/wp\/v2\/comments?post=10731"}],"wp:featuredmedia":[{"embeddable":true,"href":"https:\/\/www.biokari.sk\/ro\/wp-json\/wp\/v2\/media\/10734"}],"wp:attachment":[{"href":"https:\/\/www.biokari.sk\/ro\/wp-json\/wp\/v2\/media?parent=10731"}],"wp:term":[{"taxonomy":"product_brand","embeddable":true,"href":"https:\/\/www.biokari.sk\/ro\/wp-json\/wp\/v2\/product_brand?post=10731"},{"taxonomy":"product_cat","embeddable":true,"href":"https:\/\/www.biokari.sk\/ro\/wp-json\/wp\/v2\/product_cat?post=10731"},{"taxonomy":"product_tag","embeddable":true,"href":"https:\/\/www.biokari.sk\/ro\/wp-json\/wp\/v2\/product_tag?post=10731"}],"curies":[{"name":"wp","href":"https:\/\/api.w.org\/{rel}","templated":true}]}}