{"id":10797,"date":"2026-01-11T13:53:51","date_gmt":"2026-01-11T12:53:51","guid":{"rendered":"https:\/\/www.biokari.sk\/produkt\/lipocell-vitamin-c-s-prichutou-visne-500mg-500ml\/"},"modified":"2026-01-27T08:41:56","modified_gmt":"2026-01-27T07:41:56","slug":"lipocell-vitamin-c-s-prichutou-visne-500mg-500ml","status":"publish","type":"product","link":"https:\/\/www.biokari.sk\/ro\/produs\/lipocell-vitamin-c-s-prichutou-visne-500mg-500ml\/","title":{"rendered":"Lipocell Vitam\u00edn C s pr\u00edchu\u0165ou vi\u0161\u0148e 500mg 500ml"},"content":{"rendered":"<p><strong>LipoCell lipozom\u00e1lny vitam\u00edn C \u2013 v\u00fd\u017eivov\u00fd doplnok<\/strong> je tekut\u00fd v\u00fd\u017eivov\u00fd doplnok ur\u010den\u00fd na ka\u017edodenn\u00e9 dop\u013a\u0148anie vitam\u00ednu C. Obsahuje vitam\u00edn C v lipozom\u00e1lnej forme, bioflavonoidy a hum\u00ednov\u00e9 l\u00e1tky. Produkt m\u00e1 pr\u00edjemn\u00fa pr\u00edrodne identick\u00fa vi\u0161\u0148ov\u00fa pr\u00edchu\u0165 a je vhodn\u00fd pre dospel\u00fdch aj deti od 3 rokov ako s\u00fa\u010das\u0165 pestrej stravy.<\/p>\n\n\n\n<p><strong>Odpor\u00fa\u010dan\u00e9 d\u00e1vkovanie a pou\u017eitie:<\/strong> Odpor\u00fa\u010dan\u00e1 denn\u00e1 d\u00e1vka je <strong>5 ml<\/strong>. U\u017e\u00edva sa priamo alebo zrieden\u00e9 vo vode \u010di ovocnej \u0161\u0165ave. Odpor\u00fa\u010da sa u\u017e\u00edva\u0165 po\u010das d\u0148a, ide\u00e1lne po jedle.<\/p>\n\n\n\n<p><strong>Compozi\u021bie:<\/strong> \u010cisten\u00e1 voda, rastlinn\u00fd glycer\u00edn, vitam\u00edn C (sodn\u00e1 so\u013e L-askorbovej kyseliny \u2013 Na-L-askorb\u00e1t), antioxidant: extrakt z kore\u0148a \u010dervenej repy, emulg\u00e1tor: <strong>s\u00f3jov\u00fd lecit\u00edn<\/strong>, ar\u00f3ma, ar\u00f3ma: pr\u00edrodne identick\u00e1 vi\u0161\u0148ov\u00e1 ar\u00f3ma, konzerva\u010dn\u00e1 l\u00e1tka: sorban draseln\u00fd, vitam\u00edn C (L-askorbov\u00e1 kyselina), citrusov\u00e9 bioflavonoidy.<\/p>\n\n\n\n<p><strong>Alergeni:<\/strong> Con\u021bine <strong>s\u00f3ju<\/strong>.<\/p>\n\n\n\n<p><strong>Avertisment:<\/strong> Supliment nutri\u021bional <strong>nenahr\u00e1dza pestr\u00fa a vyv\u00e1\u017een\u00fa stravu ani zdrav\u00fd \u017eivotn\u00fd \u0161t\u00fdl<\/strong>. <strong>Neprekra\u010dujte odpor\u00fa\u010dan\u00fa denn\u00fa d\u00e1vku.<\/strong> Nevhodn\u00e9 pre deti do 3 rokov. Uchov\u00e1vajte <strong>mimo dosahu mal\u00fdch det\u00ed<\/strong>. V pr\u00edpade tehotenstva, doj\u010denia alebo u\u017e\u00edvania liekov sa odpor\u00fa\u010da konzult\u00e1cia s lek\u00e1rom alebo lek\u00e1rnikom.<\/p>\n\n\n\n<p><strong>Depozitare:<\/strong> Skladujte na suchom a chladnom mieste pri teplote do 25 \u00b0C, chr\u00e1\u0148te pred priamym slne\u010dn\u00fdm \u017eiaren\u00edm. Po otvoren\u00ed spotrebujte do doby uvedenej na obale.<\/p>\n\n\n\n<p><strong>Volum:<\/strong> 500ml<\/p>","protected":false},"excerpt":{"rendered":"<p>LipoCell lipozom\u00e1lny vitam\u00edn C \u2013 v\u00fd\u017eivov\u00fd doplnok je tekut\u00fd v\u00fd\u017eivov\u00fd doplnok ur\u010den\u00fd na ka\u017edodenn\u00e9 dop\u013a\u0148anie vitam\u00ednu C. Obsahuje vitam\u00edn C v lipozom\u00e1lnej forme, bioflavonoidy a hum\u00ednov\u00e9 l\u00e1tky&#8230; <a href=\"#tab-description\" class=\"more-link\">Cite\u0219te mai mult<\/a><\/p>","protected":false},"featured_media":10799,"comment_status":"open","ping_status":"closed","template":"","meta":{"inline_featured_image":false},"product_brand":[341],"product_cat":[69,140,19],"product_tag":[311],"class_list":{"0":"post-10797","1":"product","2":"type-product","3":"status-publish","4":"has-post-thumbnail","6":"product_brand-hymato","7":"product_cat-vyzivove-doplnky","8":"product_cat-posilnenie-imunity","9":"product_cat-ostatne","10":"product_tag-top-vyzivove-doplnky","12":"first","13":"onbackorder","14":"taxable","15":"shipping-taxable","16":"purchasable","17":"product-type-simple"},"aioseo_notices":[],"_links":{"self":[{"href":"https:\/\/www.biokari.sk\/ro\/wp-json\/wp\/v2\/product\/10797","targetHints":{"allow":["GET"]}}],"collection":[{"href":"https:\/\/www.biokari.sk\/ro\/wp-json\/wp\/v2\/product"}],"about":[{"href":"https:\/\/www.biokari.sk\/ro\/wp-json\/wp\/v2\/types\/product"}],"replies":[{"embeddable":true,"href":"https:\/\/www.biokari.sk\/ro\/wp-json\/wp\/v2\/comments?post=10797"}],"wp:featuredmedia":[{"embeddable":true,"href":"https:\/\/www.biokari.sk\/ro\/wp-json\/wp\/v2\/media\/10799"}],"wp:attachment":[{"href":"https:\/\/www.biokari.sk\/ro\/wp-json\/wp\/v2\/media?parent=10797"}],"wp:term":[{"taxonomy":"product_brand","embeddable":true,"href":"https:\/\/www.biokari.sk\/ro\/wp-json\/wp\/v2\/product_brand?post=10797"},{"taxonomy":"product_cat","embeddable":true,"href":"https:\/\/www.biokari.sk\/ro\/wp-json\/wp\/v2\/product_cat?post=10797"},{"taxonomy":"product_tag","embeddable":true,"href":"https:\/\/www.biokari.sk\/ro\/wp-json\/wp\/v2\/product_tag?post=10797"}],"curies":[{"name":"wp","href":"https:\/\/api.w.org\/{rel}","templated":true}]}}