{"id":10804,"date":"2026-01-11T14:14:56","date_gmt":"2026-01-11T13:14:56","guid":{"rendered":"https:\/\/www.biokari.sk\/produkt\/herbaria-baza-kvet-50g\/"},"modified":"2026-04-16T19:03:42","modified_gmt":"2026-04-16T17:03:42","slug":"herbaria-baza-kvet-50g","status":"publish","type":"product","link":"https:\/\/www.biokari.sk\/ro\/produs\/herbaria-baza-kvet-50g\/","title":{"rendered":"Herb\u00e1ria Baza kvet 50g"},"content":{"rendered":"<p>Bazov\u00fd kvet je su\u0161en\u00e1 bylina ur\u010den\u00e1 na pr\u00edpravu bylinn\u00e9ho \u010daju. V tradi\u010dnom bylink\u00e1rstve sa n\u00e1lev z bazov\u00e9ho kvetu pou\u017e\u00edva ako s\u00fa\u010das\u0165 pitn\u00e9ho re\u017eimu najm\u00e4 v obdob\u00ed zv\u00fd\u0161enej z\u00e1\u0165a\u017ee organizmu. \u010caj z bazov\u00e9ho kvetu je v \u013eudovej trad\u00edcii ob\u013e\u00faben\u00fd pre svoje potopudn\u00e9 vlastnosti a jemn\u00fd charakter. Tradi\u010dne sa pou\u017e\u00edva aj ako s\u00fa\u010das\u0165 vyv\u00e1\u017een\u00e9ho \u017eivotn\u00e9ho \u0161t\u00fdlu. Chu\u0165 \u010daju je mo\u017en\u00e9 upravi\u0165 pridan\u00edm medu alebo \u0161\u00edpkov\u00e9ho sirupu.<\/p>\n\n\n\n<p><strong>Cerere:<\/strong> N\u00e1lev sa priprav\u00ed z dvoch \u010dajov\u00fdch ly\u017ei\u010diek su\u0161enej drogy (pribli\u017ene 3\u20134 g), ktor\u00e9 sa zalej\u00fa 1,5 dl vriacej vody a nechaj\u00fa sa l\u00fahova\u0165 pribli\u017ene 10 min\u00fat. Odpor\u00fa\u010dan\u00e9 mno\u017estvo su\u0161enej drogy na de\u0148 je 10\u201315 g.<\/p>\n\n\n\n<p><strong>Avertisment:<\/strong> Bylinn\u00fd \u010daj nenahr\u00e1dza pestr\u00fa a vyv\u00e1\u017een\u00fa stravu ani zdrav\u00fd \u017eivotn\u00fd \u0161t\u00fdl. Nie je ur\u010den\u00fd pre deti do 3 rokov. Uchov\u00e1vajte mimo dosahu mal\u00fdch det\u00ed. Skladujte na suchom a tmavom mieste.<\/p>\n\n\n\n<p><strong>Greutate:<\/strong> 50g<\/p>","protected":false},"excerpt":{"rendered":"<p>Bazov\u00fd kvet je su\u0161en\u00e1 bylina ur\u010den\u00e1 na pr\u00edpravu bylinn\u00e9ho \u010daju&#8230; <a class=\"more-link\" href=\"#tab-description\">Cite\u0219te mai mult<\/a><\/p>","protected":false},"featured_media":10806,"comment_status":"open","ping_status":"closed","template":"","meta":{"inline_featured_image":false},"product_brand":[342],"product_cat":[19],"product_tag":[310],"class_list":{"0":"post-10804","1":"product","2":"type-product","3":"status-publish","4":"has-post-thumbnail","6":"product_brand-herbaria","7":"product_cat-ostatne","8":"product_tag-top-liecive-rastliny","10":"first","11":"instock","12":"taxable","13":"shipping-taxable","14":"purchasable","15":"product-type-simple"},"aioseo_notices":[],"_links":{"self":[{"href":"https:\/\/www.biokari.sk\/ro\/wp-json\/wp\/v2\/product\/10804","targetHints":{"allow":["GET"]}}],"collection":[{"href":"https:\/\/www.biokari.sk\/ro\/wp-json\/wp\/v2\/product"}],"about":[{"href":"https:\/\/www.biokari.sk\/ro\/wp-json\/wp\/v2\/types\/product"}],"replies":[{"embeddable":true,"href":"https:\/\/www.biokari.sk\/ro\/wp-json\/wp\/v2\/comments?post=10804"}],"wp:featuredmedia":[{"embeddable":true,"href":"https:\/\/www.biokari.sk\/ro\/wp-json\/wp\/v2\/media\/10806"}],"wp:attachment":[{"href":"https:\/\/www.biokari.sk\/ro\/wp-json\/wp\/v2\/media?parent=10804"}],"wp:term":[{"taxonomy":"product_brand","embeddable":true,"href":"https:\/\/www.biokari.sk\/ro\/wp-json\/wp\/v2\/product_brand?post=10804"},{"taxonomy":"product_cat","embeddable":true,"href":"https:\/\/www.biokari.sk\/ro\/wp-json\/wp\/v2\/product_cat?post=10804"},{"taxonomy":"product_tag","embeddable":true,"href":"https:\/\/www.biokari.sk\/ro\/wp-json\/wp\/v2\/product_tag?post=10804"}],"curies":[{"name":"wp","href":"https:\/\/api.w.org\/{rel}","templated":true}]}}