{"id":10895,"date":"2026-03-05T13:40:51","date_gmt":"2026-03-05T12:40:51","guid":{"rendered":"https:\/\/www.biokari.sk\/produkt\/beginnings-ovsene-susienky-s-cucoriedkami-80g\/"},"modified":"2026-04-21T19:02:04","modified_gmt":"2026-04-21T17:02:04","slug":"beginnings-ovsene-susienky-s-cucoriedkami-80g","status":"publish","type":"product","link":"https:\/\/www.biokari.sk\/ro\/produs\/beginnings-ovsene-susienky-s-cucoriedkami-80g\/","title":{"rendered":"Beginnings Ovsen\u00e9 su\u0161ienky s \u010du\u010doriedkami 80g"},"content":{"rendered":"<p>Na\u0161e <strong>RAW Blueberry Cookies<\/strong> s\u00fa vyr\u00e1ban\u00e9 pomocou <strong>pomal\u00e9ho su\u0161enia trvaj\u00faceho viac ako 25 hod\u00edn<\/strong>, aby sa zachovali ich prirodzen\u00e9 \u017eiviny a chu\u0165. S\u00fa vytvoren\u00e9 tak, aby priniesli <strong>autentick\u00fd z\u00e1\u017eitok zo skuto\u010dn\u00fdch raw su\u0161ienok<\/strong>. Vysk\u00fa\u0161ajte ich!<\/p>\n\n\n\n<p><strong>Vlastnosti produktu:<\/strong><br>\u2714 <strong>Rastlinn\u00fd produkt (Plant Based)<\/strong><br>\u2714 <strong>Vysok\u00fd obsah vl\u00e1kniny (High Fiber)<\/strong><br>\u2714 <strong>Bez lepku (Gluten Free)<\/strong><br>\u2714 <strong>Bez palmov\u00e9ho oleja (No Palm Oil)<\/strong><\/p>\n\n\n\n<p><strong>Compozi\u021bie:<\/strong> bezlepkov\u00e9 ovsen\u00e9 vlo\u010dky (32 %), str\u00fahan\u00fd kokos, ag\u00e1vov\u00fd sirup, \u010du\u010doriedky (13 %) <em>(\u010du\u010doriedky, cukor)<\/em>, kakaov\u00e9 maslo, morsk\u00e1 so\u013e.<\/p>\n\n\n\n<p><strong>V\u00fd\u017eivov\u00e9 \u00fadaje na 100 g v\u00fdrobku:<\/strong><br>Energetick\u00e1 hodnota <strong>2070 kJ \/ 493 kcal<\/strong><br>Gr\u0103simi <strong>31,4 g<\/strong><br>- din care satureaz\u0103 <strong>22,7 g<\/strong><br>Carbohidra\u021bi <strong>48,0 g<\/strong><br>- din care zaharuri <strong>26 g<\/strong><br>Proteine <strong>6 g<\/strong><br>Fibr\u0103 <strong>8,2 g<\/strong><br>Sare <strong>0,03 g<\/strong><\/p>\n\n\n\n<p><strong>Greutate:<\/strong> <strong>80 g<\/strong><\/p>","protected":false},"excerpt":{"rendered":"<p>Na\u0161e RAW Blueberry Cookies s\u00fa vyr\u00e1ban\u00e9 pomocou pomal\u00e9ho su\u0161enia trvaj\u00faceho viac ako 25 hod\u00edn, aby sa zachovali ich prirodzen\u00e9 \u017eiviny a chu\u0165. S\u00fa vytvoren\u00e9 tak, aby priniesli autentick\u00fd z\u00e1\u017eitok zo skuto\u010dn\u00fdch raw su\u0161ienok. Vysk\u00fa\u0161ajte ich!&#8230; <a href=\"#tab-description\" class=\"more-link\">Cite\u0219te mai mult<\/a><\/p>","protected":false},"featured_media":10901,"comment_status":"open","ping_status":"closed","template":"","meta":{"inline_featured_image":false},"product_brand":[343],"product_cat":[71,174,178],"product_tag":[309,312],"class_list":{"0":"post-10895","1":"product","2":"type-product","3":"status-publish","4":"has-post-thumbnail","6":"product_brand-beginnings","7":"product_cat-potraviny","8":"product_cat-maskrty","9":"product_cat-sladke-maskrty","10":"product_tag-novinky","11":"product_tag-top-potraviny","13":"first","14":"instock","15":"taxable","16":"shipping-taxable","17":"purchasable","18":"product-type-simple"},"aioseo_notices":[],"_links":{"self":[{"href":"https:\/\/www.biokari.sk\/ro\/wp-json\/wp\/v2\/product\/10895","targetHints":{"allow":["GET"]}}],"collection":[{"href":"https:\/\/www.biokari.sk\/ro\/wp-json\/wp\/v2\/product"}],"about":[{"href":"https:\/\/www.biokari.sk\/ro\/wp-json\/wp\/v2\/types\/product"}],"replies":[{"embeddable":true,"href":"https:\/\/www.biokari.sk\/ro\/wp-json\/wp\/v2\/comments?post=10895"}],"wp:featuredmedia":[{"embeddable":true,"href":"https:\/\/www.biokari.sk\/ro\/wp-json\/wp\/v2\/media\/10901"}],"wp:attachment":[{"href":"https:\/\/www.biokari.sk\/ro\/wp-json\/wp\/v2\/media?parent=10895"}],"wp:term":[{"taxonomy":"product_brand","embeddable":true,"href":"https:\/\/www.biokari.sk\/ro\/wp-json\/wp\/v2\/product_brand?post=10895"},{"taxonomy":"product_cat","embeddable":true,"href":"https:\/\/www.biokari.sk\/ro\/wp-json\/wp\/v2\/product_cat?post=10895"},{"taxonomy":"product_tag","embeddable":true,"href":"https:\/\/www.biokari.sk\/ro\/wp-json\/wp\/v2\/product_tag?post=10895"}],"curies":[{"name":"wp","href":"https:\/\/api.w.org\/{rel}","templated":true}]}}