{"id":10900,"date":"2026-03-05T15:14:41","date_gmt":"2026-03-05T14:14:41","guid":{"rendered":"https:\/\/www.biokari.sk\/produkt\/beginnings-cucoriedkove-a-ribezlove-ovsene-rezy-60g\/"},"modified":"2026-04-29T19:03:16","modified_gmt":"2026-04-29T17:03:16","slug":"beginnings-cucoriedkove-a-ribezlove-ovsene-rezy-60g","status":"publish","type":"product","link":"https:\/\/www.biokari.sk\/ro\/produs\/beginnings-cucoriedkove-a-ribezlove-ovsene-rezy-60g\/","title":{"rendered":"Beginnings \u010cu\u010doriedkov\u00e9 a r\u00edbezlov\u00e9 ovsen\u00e9 rezy 60g"},"content":{"rendered":"<p><strong>FlapJack Blackcurrant \u2013<\/strong> lahodn\u00e1 <strong>ovsen\u00e1 ty\u010dinka pln\u00e1 ovsen\u00fdch vlo\u010diek<\/strong>, ktor\u00e9 s\u00fa prirodzen\u00fdm zdrojom energie. Obohaten\u00e1 o <strong>\u010derstv\u00e9 \u010dierne r\u00edbezle<\/strong>, ktor\u00e9 dod\u00e1vaj\u00fa ty\u010dinke osvie\u017euj\u00faci n\u00e1dych letnej chuti.<\/p>\n\n\n\n<p><strong>Bezlepkov\u00e1 ty\u010dinka s vysok\u00fdm obsahom vl\u00e1kniny, vhodn\u00e1 pre veg\u00e1nov, vyroben\u00e1 z plnohodnotn\u00fdch surov\u00edn.<\/strong><\/p>\n\n\n\n<p><strong>Vlastnosti produktu:<\/strong><br>\u2714 <strong>Rastlinn\u00fd produkt (Plant Based)<\/strong><br>\u2714 <strong>Vysok\u00fd obsah vl\u00e1kniny (High Fiber)<\/strong><br>\u2714 <strong>Bez lepku (Gluten Free)<\/strong><br>\u2714 <strong>Bez palmov\u00e9ho oleja (No Palm Oil)<\/strong><\/p>\n\n\n\n<p><strong>Compozi\u021bie:<\/strong><br>bezlepkov\u00e9 ovsen\u00e9 vlo\u010dky (41 %), ag\u00e1vov\u00fd sirup, kokosov\u00fd olej, kokosov\u00fd cukor, repkov\u00fd olej, \u010du\u010doriedky (4,3 %) <em>(\u010du\u010doriedky, \u010du\u010doriedkov\u00fd koncentr\u00e1t, pr\u00edrodn\u00e1 ar\u00f3ma, cukor)<\/em>, \u010dierne r\u00edbezle (4 %) <em>(\u010dierne r\u00edbezle, cukor)<\/em>, ag\u00e1vov\u00fd inul\u00edn, morsk\u00e1 so\u013e, extrakt z jarabiny, xant\u00e1nov\u00e1 guma.<\/p>\n\n\n\n<p><strong>V\u00fd\u017eivov\u00e9 \u00fadaje na 100 g v\u00fdrobku:<\/strong><br>Energetick\u00e1 hodnota <strong>1823 kJ \/ 434 kcal<\/strong><br>Gr\u0103simi <strong>20 g<\/strong><br>- din care satureaz\u0103 <strong>16 g<\/strong><br>Carbohidra\u021bi <strong>55 g<\/strong><br>- din care zaharuri <strong>25 g<\/strong><br>Fibr\u0103 <strong>6 g<\/strong><br>Proteine <strong>6,5 g<\/strong><br>Sare <strong>0,4 g<\/strong><\/p>\n\n\n\n<p><strong>Greutate:<\/strong> <strong>60 g<\/strong><\/p>","protected":false},"excerpt":{"rendered":"<p>FlapJack Blackcurrant \u2013 lahodn\u00e1 ovsen\u00e1 ty\u010dinka pln\u00e1 ovsen\u00fdch vlo\u010diek, ktor\u00e9 s\u00fa prirodzen\u00fdm zdrojom energie. Obohaten\u00e1 o \u010derstv\u00e9 \u010dierne r\u00edbezle, ktor\u00e9 dod\u00e1vaj\u00fa ty\u010dinke osvie\u017euj\u00faci n\u00e1dych letnej chuti&#8230;. <a href=\"#tab-description\" class=\"more-link\">Cite\u0219te mai mult<\/a><\/p>","protected":false},"featured_media":10896,"comment_status":"open","ping_status":"closed","template":"","meta":{"inline_featured_image":false},"product_brand":[343],"product_cat":[71,174,178],"product_tag":[],"class_list":{"0":"post-10900","1":"product","2":"type-product","3":"status-publish","4":"has-post-thumbnail","6":"product_brand-beginnings","7":"product_cat-potraviny","8":"product_cat-maskrty","9":"product_cat-sladke-maskrty","11":"first","12":"instock","13":"taxable","14":"shipping-taxable","15":"purchasable","16":"product-type-simple"},"aioseo_notices":[],"_links":{"self":[{"href":"https:\/\/www.biokari.sk\/ro\/wp-json\/wp\/v2\/product\/10900","targetHints":{"allow":["GET"]}}],"collection":[{"href":"https:\/\/www.biokari.sk\/ro\/wp-json\/wp\/v2\/product"}],"about":[{"href":"https:\/\/www.biokari.sk\/ro\/wp-json\/wp\/v2\/types\/product"}],"replies":[{"embeddable":true,"href":"https:\/\/www.biokari.sk\/ro\/wp-json\/wp\/v2\/comments?post=10900"}],"wp:featuredmedia":[{"embeddable":true,"href":"https:\/\/www.biokari.sk\/ro\/wp-json\/wp\/v2\/media\/10896"}],"wp:attachment":[{"href":"https:\/\/www.biokari.sk\/ro\/wp-json\/wp\/v2\/media?parent=10900"}],"wp:term":[{"taxonomy":"product_brand","embeddable":true,"href":"https:\/\/www.biokari.sk\/ro\/wp-json\/wp\/v2\/product_brand?post=10900"},{"taxonomy":"product_cat","embeddable":true,"href":"https:\/\/www.biokari.sk\/ro\/wp-json\/wp\/v2\/product_cat?post=10900"},{"taxonomy":"product_tag","embeddable":true,"href":"https:\/\/www.biokari.sk\/ro\/wp-json\/wp\/v2\/product_tag?post=10900"}],"curies":[{"name":"wp","href":"https:\/\/api.w.org\/{rel}","templated":true}]}}