{"id":10913,"date":"2026-03-06T14:24:57","date_gmt":"2026-03-06T13:24:57","guid":{"rendered":"https:\/\/www.biokari.sk\/produkt\/gyorgytea-kapsuly-pre-muzi-60ks\/"},"modified":"2026-05-02T19:01:08","modified_gmt":"2026-05-02T17:01:08","slug":"gyorgytea-kapsuly-pre-muzi-60ks","status":"publish","type":"product","link":"https:\/\/www.biokari.sk\/ro\/produs\/gyorgytea-kapsuly-pre-muzi-60ks\/","title":{"rendered":"Gy\u00f6rgytea Kapsuly pre mu\u017e\u00ed 60ks"},"content":{"rendered":"<p>V\u00fd\u017eivov\u00fd doplnok ur\u010den\u00fd na podporu mu\u017eskej vitality.<\/p>\n\n\n\n<p>Klin\u010dek prispieva k udr\u017eaniu libida. Zinok zohr\u00e1va \u00falohu pri udr\u017eiavan\u00ed norm\u00e1lnej plodnosti a reprodukcie a prispieva k udr\u017eaniu norm\u00e1lnej hladiny testoster\u00f3nu v krvi. Sel\u00e9n sa podie\u013ea na norm\u00e1lnej tvorbe spermi\u00ed. Vitam\u00edn B6 prispieva k regul\u00e1cii hormon\u00e1lnej aktivity.<\/p>\n\n\n\n<p><strong>Obsahuje kofe\u00edn. Neodpor\u00fa\u010da sa pre deti a tehotn\u00e9 \u017eeny. Obsah kofe\u00ednu: 30,6 mg \/ denn\u00e1 d\u00e1vka.<\/strong><\/p>\n\n\n\n<p>Pr\u00edpravok je <strong>bez lakt\u00f3zy, bez s\u00f3je, bez konzerva\u010dn\u00fdch l\u00e1tok a je vhodn\u00fd pre veg\u00e1nov.<\/strong><\/p>\n\n\n\n<p>S odpor\u00fa\u010dan\u00edm <strong>D\u00f3ra Szinet\u00e1r<\/strong> a <strong>Magyar Term\u00e9szetgy\u00f3gy\u00e1szok Sz\u00f6vets\u00e9ge<\/strong>.<\/p>\n\n\n\n<p><strong>\u010cist\u00e1 hmotnos\u0165:<\/strong> 25,1 g<br><strong>Balenie:<\/strong> 60 kaps\u00fal<\/p>\n\n\n\n<p><strong>Doza recomandat\u0103:<\/strong> Dospel\u00ed: <strong>3\u00d7 denne 1 kapsula<\/strong>, zapite dostato\u010dn\u00fdm mno\u017estvom tekutiny.<\/p>\n\n\n\n<p><strong>Avertisment:<\/strong> Neprekra\u010dujte odpor\u00fa\u010dan\u00fa denn\u00fa d\u00e1vku. V\u00fd\u017eivov\u00fd doplnok nenahr\u00e1dza pestr\u00fa a vyv\u00e1\u017een\u00fa stravu ani zdrav\u00fd \u017eivotn\u00fd \u0161t\u00fdl. Uchov\u00e1vajte mimo dosahu mal\u00fdch det\u00ed.<\/p>\n\n\n\n<p><strong>Depozitare:<\/strong> Skladujte na suchom a chladnom mieste, chr\u00e1\u0148te pred priamym slne\u010dn\u00fdm \u017eiaren\u00edm.<\/p>\n\n\n\n<p><strong>Compozi\u021bie:<\/strong> kakaov\u00fd pr\u00e1\u0161ok, klin\u010dek (Syzygium aromaticum) pr\u00e1\u0161ok, \u017eih\u013eava dvojdom\u00e1 (Urtica dioica) kore\u0148 \u2013 pr\u00e1\u0161ok, fenikel oby\u010dajn\u00fd (Foeniculum vulgare) plod \u2013 pr\u00e1\u0161ok, v\u0155bovka malokvet\u00e1 (Epilobium parviflorum) v\u0148a\u0165 s kvetom \u2013 pr\u00e1\u0161ok, glukon\u00e1t zinku, \u017een\u0161en prav\u00fd (Panax ginseng) kore\u0148 \u2013 pr\u00e1\u0161ok, kardam\u00f3m (Elettaria cardamomum) plod \u2013 pr\u00e1\u0161ok, bezvod\u00fd kofe\u00edn, pyridox\u00edn hydrochlorid (vitam\u00edn B6), pr\u00edpravok L-sel\u00e9nometion\u00ednu (stabiliz\u00e1tor: dikalciumfosf\u00e1t, L-sel\u00e9nometion\u00edn), kapsulov\u00e1 \u0161krupina (hydroxypropylmetylcelul\u00f3za).<\/p>","protected":false},"excerpt":{"rendered":"<p>V\u00fd\u017eivov\u00fd doplnok ur\u010den\u00fd na podporu mu\u017eskej vitality&#8230; <a href=\"#tab-description\" class=\"more-link\">Cite\u0219te mai mult<\/a><\/p>","protected":false},"featured_media":10915,"comment_status":"open","ping_status":"closed","template":"","meta":{"inline_featured_image":false},"product_brand":[274],"product_cat":[69,71],"product_tag":[],"class_list":{"0":"post-10913","1":"product","2":"type-product","3":"status-publish","4":"has-post-thumbnail","6":"product_brand-gyorgytea","7":"product_cat-vyzivove-doplnky","8":"product_cat-potraviny","10":"first","11":"instock","12":"taxable","13":"shipping-taxable","14":"purchasable","15":"product-type-simple"},"aioseo_notices":[],"_links":{"self":[{"href":"https:\/\/www.biokari.sk\/ro\/wp-json\/wp\/v2\/product\/10913","targetHints":{"allow":["GET"]}}],"collection":[{"href":"https:\/\/www.biokari.sk\/ro\/wp-json\/wp\/v2\/product"}],"about":[{"href":"https:\/\/www.biokari.sk\/ro\/wp-json\/wp\/v2\/types\/product"}],"replies":[{"embeddable":true,"href":"https:\/\/www.biokari.sk\/ro\/wp-json\/wp\/v2\/comments?post=10913"}],"wp:featuredmedia":[{"embeddable":true,"href":"https:\/\/www.biokari.sk\/ro\/wp-json\/wp\/v2\/media\/10915"}],"wp:attachment":[{"href":"https:\/\/www.biokari.sk\/ro\/wp-json\/wp\/v2\/media?parent=10913"}],"wp:term":[{"taxonomy":"product_brand","embeddable":true,"href":"https:\/\/www.biokari.sk\/ro\/wp-json\/wp\/v2\/product_brand?post=10913"},{"taxonomy":"product_cat","embeddable":true,"href":"https:\/\/www.biokari.sk\/ro\/wp-json\/wp\/v2\/product_cat?post=10913"},{"taxonomy":"product_tag","embeddable":true,"href":"https:\/\/www.biokari.sk\/ro\/wp-json\/wp\/v2\/product_tag?post=10913"}],"curies":[{"name":"wp","href":"https:\/\/api.w.org\/{rel}","templated":true}]}}