{"id":10919,"date":"2026-03-07T17:50:34","date_gmt":"2026-03-07T16:50:34","guid":{"rendered":"https:\/\/www.biokari.sk\/produkt\/finum-filter-na-caj-s-palickou-100ks\/"},"modified":"2026-04-30T19:01:23","modified_gmt":"2026-04-30T17:01:23","slug":"finum-filter-na-caj-s-palickou-100ks","status":"publish","type":"product","link":"https:\/\/www.biokari.sk\/ro\/produs\/finum-filter-na-caj-s-palickou-100ks\/","title":{"rendered":"Finum Filter na \u010daj s pali\u010dkou 100ks"},"content":{"rendered":"<p>Na\u0161e jednorazov\u00e9 \u010dajov\u00e9 filtre s pali\u010dkou s\u00fa vyroben\u00e9 zo <strong>100 % ekologick\u00e9ho, organick\u00e9ho materi\u00e1lu<\/strong>, s pou\u017eit\u00edm <strong>rastlinn\u00fdch vl\u00e1kien<\/strong>. Prirodzene nejde len o ekologicky uvedomel\u00fa vo\u013ebu, ale aj o vo\u013ebu prospe\u0161n\u00fa pre zdravie, ke\u010f\u017ee filter je vyroben\u00fd z <strong>bezchl\u00f3rov\u00e9ho materi\u00e1lu<\/strong>, bez pou\u017eitia <strong>lepidiel<\/strong>. Filter m\u00e1 <strong>stredn\u00fa ve\u013ekos\u0165<\/strong>, teda je najvhodnej\u0161\u00ed na pou\u017eitie v <strong>hrn\u010deku alebo f\u013ea\u0161i<\/strong>, ale ak uva\u017eujete o pr\u00edprave v\u00e4\u010d\u0161ieho mno\u017estva, je ide\u00e1lnou vo\u013ebou aj na pr\u00edpravu <strong>plnej kanvice alebo d\u017eb\u00e1nu \u010daju<\/strong>. V jednom balen\u00ed n\u00e1jdete <strong>100 ks filtrov<\/strong> a <strong>jednu praktick\u00fa pali\u010dku<\/strong>. Ka\u017ed\u00fd filter je ur\u010den\u00fd len na <strong>jednorazov\u00e9 pou\u017eitie<\/strong>. Materi\u00e1l filtra tvor\u00ed <strong>celul\u00f3za a bambusov\u00e9 vl\u00e1kno<\/strong>.<\/p>\n\n\n\n<p><strong>100 % pr\u00edrodn\u00e9 zlo\u017eky.<\/strong> <strong>Bez lepidiel.<\/strong> <strong>Bez chl\u00f3ru.<\/strong> <strong>100 % recyklovate\u013en\u00e9.<\/strong><\/p>\n\n\n\n<p><strong>Cerere:<\/strong> Ako je zn\u00e1zornen\u00e9 na obr\u00e1zku, prepichnite filter pali\u010dkou, potom ho otvorte a vlo\u017ete do n\u00e1doby tak, aby sa z\u00e1rez ur\u010den\u00fd na pali\u010dke zachytil o okraj n\u00e1doby \u2013 t\u00fdm sa zabezpe\u010d\u00ed, \u017ee filter nespadne do vody. N\u00e1sledne vlo\u017ete \u010daj do filtra. Hor\u00facu vodu je potrebn\u00e9 lia\u0165 priamo na \u010daj vlo\u017een\u00fd do filtra.<\/p>\n\n\n\n<p>Po pou\u017eit\u00ed je potrebn\u00e9 papierov\u00fd filter vyhodi\u0165, pali\u010dku v\u0161ak mo\u017eno pou\u017ei\u0165 opakovane.<br><strong>Perioada minim\u0103 de valabilitate p\u00e2n\u0103 la:<\/strong> pozri d\u00e1tum uveden\u00fd na obale.<\/p>\n\n\n\n<p><strong>Balenie:<\/strong> 100 ks<\/p>\n\n\n\n<p><strong>Depozitare:<\/strong> Po otvoren\u00ed uchov\u00e1vajte <strong>la \u00eendem\u00e2na copiilor<\/strong>, na <strong>suchom a chladnom mieste<\/strong>, v <strong>dobre uzatvorenom obale<\/strong>.<\/p>","protected":false},"excerpt":{"rendered":"<p>Na\u0161e jednorazov\u00e9 \u010dajov\u00e9 filtre s pali\u010dkou s\u00fa vyroben\u00e9 zo 100 % ekologick\u00e9ho&#8230; <a href=\"#tab-description\" class=\"more-link\">Cite\u0219te mai mult<\/a><\/p>","protected":false},"featured_media":10921,"comment_status":"open","ping_status":"closed","template":"","meta":{"inline_featured_image":false},"product_brand":[],"product_cat":[245,19],"product_tag":[],"class_list":{"0":"post-10919","1":"product","2":"type-product","3":"status-publish","4":"has-post-thumbnail","6":"product_cat-drogerie","7":"product_cat-ostatne","9":"first","10":"instock","11":"taxable","12":"shipping-taxable","13":"purchasable","14":"product-type-simple"},"aioseo_notices":[],"_links":{"self":[{"href":"https:\/\/www.biokari.sk\/ro\/wp-json\/wp\/v2\/product\/10919","targetHints":{"allow":["GET"]}}],"collection":[{"href":"https:\/\/www.biokari.sk\/ro\/wp-json\/wp\/v2\/product"}],"about":[{"href":"https:\/\/www.biokari.sk\/ro\/wp-json\/wp\/v2\/types\/product"}],"replies":[{"embeddable":true,"href":"https:\/\/www.biokari.sk\/ro\/wp-json\/wp\/v2\/comments?post=10919"}],"wp:featuredmedia":[{"embeddable":true,"href":"https:\/\/www.biokari.sk\/ro\/wp-json\/wp\/v2\/media\/10921"}],"wp:attachment":[{"href":"https:\/\/www.biokari.sk\/ro\/wp-json\/wp\/v2\/media?parent=10919"}],"wp:term":[{"taxonomy":"product_brand","embeddable":true,"href":"https:\/\/www.biokari.sk\/ro\/wp-json\/wp\/v2\/product_brand?post=10919"},{"taxonomy":"product_cat","embeddable":true,"href":"https:\/\/www.biokari.sk\/ro\/wp-json\/wp\/v2\/product_cat?post=10919"},{"taxonomy":"product_tag","embeddable":true,"href":"https:\/\/www.biokari.sk\/ro\/wp-json\/wp\/v2\/product_tag?post=10919"}],"curies":[{"name":"wp","href":"https:\/\/api.w.org\/{rel}","templated":true}]}}