{"id":10930,"date":"2026-03-07T19:06:16","date_gmt":"2026-03-07T18:06:16","guid":{"rendered":"https:\/\/www.biokari.sk\/produkt\/bens-ginger-zazvor-a-kurkuma-tekutiny-500ml\/"},"modified":"2026-04-28T19:01:58","modified_gmt":"2026-04-28T17:01:58","slug":"bens-ginger-zazvor-a-kurkuma-tekutiny-500ml","status":"publish","type":"product","link":"https:\/\/www.biokari.sk\/ro\/produs\/bens-ginger-zazvor-a-kurkuma-tekutiny-500ml\/","title":{"rendered":"Ben\u00b4s Ginger Z\u00e1zvor a kurkuma tekutiny 500ml"},"content":{"rendered":"<p><strong>Bio koncentr\u00e1t zo z\u00e1zvoru a kurkumy lisovan\u00fd za studena<\/strong> bez pridan\u00e9ho cukru a umel\u00fdch pr\u00edsad. M\u00e1 <strong>intenz\u00edvnu, charakteristick\u00fa chu\u0165<\/strong> a je ide\u00e1lny ako <strong>shot alebo na mie\u0161anie do vody, \u010daju \u010di smoothie<\/strong>. Predstavuje kvapku prirodzenej pikantnosti pre ka\u017ed\u00fd de\u0148 \u2013 vhodn\u00fd do n\u00e1pojov, receptov aj pre vedom\u00fd \u017eivotn\u00fd \u0161t\u00fdl.<\/p>\n\n\n\n<p>N\u00e1poj je pripraven\u00fd <strong>z cel\u00e9ho kore\u0148a z\u00e1zvoru s kurkumou a \u010diernym koren\u00edm<\/strong>. Pou\u017eit\u00fd je <strong>pr\u00e9miov\u00fd peru\u00e1nsky BIO z\u00e1zvor (priamy dovoz)<\/strong> a produkt sa vyr\u00e1ba <strong>ru\u010dne v Holzkirchene pri Mn\u00edchove<\/strong>. Neobsahuje pridan\u00fd cukor a je spracovan\u00fd \u0161etrn\u00fdm sp\u00f4sobom, aby sa zachovali v\u0161etky d\u00f4le\u017eit\u00e9 \u017eiviny. Pravideln\u00e1 konzum\u00e1cia m\u00f4\u017ee prispie\u0165 k <strong>podpore imunitn\u00e9ho syst\u00e9mu<\/strong>. Produkt je ve\u013emi univerz\u00e1lny a mo\u017eno ho pou\u017ei\u0165 do <strong>n\u00e1pojov (sirupy, \u010daje), jed\u00e1l aj koktailov<\/strong>.<\/p>\n\n\n\n<p><strong>Compozi\u021bie:<\/strong> voda, <strong>17,3 % z\u00e1zvor<\/strong>, ag\u00e1vov\u00fd sirup, citr\u00f3nov\u00e1 \u0161\u0165ava*, limetkov\u00e1 \u0161\u0165ava*, <strong>4,8 % kurkuma<\/strong>*, \u010dierne korenie.<\/p>\n\n\n\n<p><strong>Odpor\u00fa\u010dania na pou\u017eitie a skladovanie:<\/strong><br>Po otvoren\u00ed uchov\u00e1vajte v <strong>chladni\u010dke<\/strong>. Pred pou\u017eit\u00edm <strong>dobre pretrepte<\/strong>.<\/p>\n\n\n\n<p><strong>V\u00fd\u017eivov\u00e9 hodnoty na 100 g produktu:<\/strong><br>Energie <strong>124 kJ \/ 29 kcal<\/strong>, tuk <strong>&lt;0,1 g<\/strong>, z toho nas\u00fdten\u00e9 mastn\u00e9 kyseliny <strong>&lt;0,1 g<\/strong>, sacharidy <strong>4,9 g<\/strong>, z toho cukry <strong>4,7 g<\/strong>, bielkoviny <strong>0,2 g<\/strong>, so\u013e <strong>&lt;0,13 g<\/strong>.<\/p>","protected":false},"excerpt":{"rendered":"<p>Bio koncentr\u00e1t zo z\u00e1zvoru a kurkumy lisovan\u00fd za studena bez pridan\u00e9ho cukru a umel\u00fdch pr\u00edsad&#8230; <a href=\"#tab-description\" class=\"more-link\">Cite\u0219te mai mult<\/a><\/p>","protected":false},"featured_media":10931,"comment_status":"open","ping_status":"closed","template":"","meta":{"inline_featured_image":false},"product_brand":[339],"product_cat":[71,19],"product_tag":[309,312],"class_list":{"0":"post-10930","1":"product","2":"type-product","3":"status-publish","4":"has-post-thumbnail","6":"product_brand-ben-gingers","7":"product_cat-potraviny","8":"product_cat-ostatne","9":"product_tag-novinky","10":"product_tag-top-potraviny","12":"first","13":"instock","14":"taxable","15":"shipping-taxable","16":"purchasable","17":"product-type-simple"},"aioseo_notices":[],"_links":{"self":[{"href":"https:\/\/www.biokari.sk\/ro\/wp-json\/wp\/v2\/product\/10930","targetHints":{"allow":["GET"]}}],"collection":[{"href":"https:\/\/www.biokari.sk\/ro\/wp-json\/wp\/v2\/product"}],"about":[{"href":"https:\/\/www.biokari.sk\/ro\/wp-json\/wp\/v2\/types\/product"}],"replies":[{"embeddable":true,"href":"https:\/\/www.biokari.sk\/ro\/wp-json\/wp\/v2\/comments?post=10930"}],"wp:featuredmedia":[{"embeddable":true,"href":"https:\/\/www.biokari.sk\/ro\/wp-json\/wp\/v2\/media\/10931"}],"wp:attachment":[{"href":"https:\/\/www.biokari.sk\/ro\/wp-json\/wp\/v2\/media?parent=10930"}],"wp:term":[{"taxonomy":"product_brand","embeddable":true,"href":"https:\/\/www.biokari.sk\/ro\/wp-json\/wp\/v2\/product_brand?post=10930"},{"taxonomy":"product_cat","embeddable":true,"href":"https:\/\/www.biokari.sk\/ro\/wp-json\/wp\/v2\/product_cat?post=10930"},{"taxonomy":"product_tag","embeddable":true,"href":"https:\/\/www.biokari.sk\/ro\/wp-json\/wp\/v2\/product_tag?post=10930"}],"curies":[{"name":"wp","href":"https:\/\/api.w.org\/{rel}","templated":true}]}}