{"id":10934,"date":"2026-03-07T19:16:39","date_gmt":"2026-03-07T18:16:39","guid":{"rendered":"https:\/\/www.biokari.sk\/produkt\/herbaria-bazovy-kvet-25ks\/"},"modified":"2026-04-18T19:02:52","modified_gmt":"2026-04-18T17:02:52","slug":"herbaria-bazovy-kvet-25ks","status":"publish","type":"product","link":"https:\/\/www.biokari.sk\/ro\/produs\/herbaria-bazovy-kvet-25ks\/","title":{"rendered":"Herb\u00e1ria Bazov\u00fd kvet 25ks"},"content":{"rendered":"<p data-start=\"0\" data-end=\"163\"><strong data-start=\"0\" data-end=\"47\">Pri hor\u00fa\u010dke a prechladnut\u00ed p\u00f4sob\u00ed potopudne<\/strong>, pri ochoreniach horn\u00fdch d\u00fdchac\u00edch ciest m\u00e1 <strong data-start=\"92\" data-end=\"134\">hlien uvo\u013e\u0148uj\u00faci (expektora\u010dn\u00fd) \u00fa\u010dinok<\/strong>.<br data-start=\"135\" data-end=\"138\" \/>Zdroj: <strong data-start=\"145\" data-end=\"163\">WHO Monographs<\/strong><\/p>\n<p data-start=\"165\" data-end=\"195\"><strong data-start=\"165\" data-end=\"184\">\u010cist\u00e1 hmotnos\u0165:<\/strong> 25 \u00d7 1 g<\/p>\n<p data-start=\"197\" data-end=\"244\"><strong data-start=\"197\" data-end=\"209\">Balenie:<\/strong> 25 filtra\u010dn\u00fdch vrec\u00fa\u0161ok \/ krabi\u010dka<\/p>\n<p data-start=\"246\" data-end=\"495\" data-is-last-node=\"\" data-is-only-node=\"\"><strong data-start=\"246\" data-end=\"270\">Odpor\u00fa\u010dan\u00e9 pou\u017eitie:<\/strong><br data-start=\"270\" data-end=\"273\" \/>Do \u0161\u00e1lky vlo\u017ete <strong data-start=\"289\" data-end=\"351\">1 filtra\u010dn\u00e9 vrec\u00fa\u0161ko \/ 2 \u010dajov\u00e9 ly\u017ei\u010dky (cca 3\u20134 g) byliny<\/strong> a zalejte <strong data-start=\"362\" data-end=\"385\" data-is-only-node=\"\">1,5 dl vriacej vody<\/strong>. N\u00e1lev nechajte <strong data-start=\"402\" data-end=\"425\">prikryt\u00fd vychladn\u00fa\u0165<\/strong>, potom ho m\u00f4\u017eete <strong data-start=\"443\" data-end=\"494\">pod\u013ea chuti osladi\u0165 alebo dochuti\u0165 a konzumova\u0165<\/strong>.<\/p>","protected":false},"excerpt":{"rendered":"<p>Pri hor\u00fa\u010dke a prechladnut\u00ed p\u00f4sob\u00ed potopudne&#8230; <a href=\"#tab-description\" class=\"more-link\">Cite\u0219te mai mult<\/a><\/p>","protected":false},"featured_media":10937,"comment_status":"open","ping_status":"closed","template":"","meta":{"inline_featured_image":false},"product_brand":[342],"product_cat":[148,153,149,19],"product_tag":[],"class_list":{"0":"post-10934","1":"product","2":"type-product","3":"status-publish","4":"has-post-thumbnail","6":"product_brand-herbaria","7":"product_cat-liecive-rastliny","8":"product_cat-dychacie-cesty-liecive-rastliny","9":"product_cat-liecive-rastliny-posilnenie-imunity","10":"product_cat-ostatne","12":"first","13":"instock","14":"taxable","15":"shipping-taxable","16":"purchasable","17":"product-type-simple"},"aioseo_notices":[],"_links":{"self":[{"href":"https:\/\/www.biokari.sk\/ro\/wp-json\/wp\/v2\/product\/10934","targetHints":{"allow":["GET"]}}],"collection":[{"href":"https:\/\/www.biokari.sk\/ro\/wp-json\/wp\/v2\/product"}],"about":[{"href":"https:\/\/www.biokari.sk\/ro\/wp-json\/wp\/v2\/types\/product"}],"replies":[{"embeddable":true,"href":"https:\/\/www.biokari.sk\/ro\/wp-json\/wp\/v2\/comments?post=10934"}],"wp:featuredmedia":[{"embeddable":true,"href":"https:\/\/www.biokari.sk\/ro\/wp-json\/wp\/v2\/media\/10937"}],"wp:attachment":[{"href":"https:\/\/www.biokari.sk\/ro\/wp-json\/wp\/v2\/media?parent=10934"}],"wp:term":[{"taxonomy":"product_brand","embeddable":true,"href":"https:\/\/www.biokari.sk\/ro\/wp-json\/wp\/v2\/product_brand?post=10934"},{"taxonomy":"product_cat","embeddable":true,"href":"https:\/\/www.biokari.sk\/ro\/wp-json\/wp\/v2\/product_cat?post=10934"},{"taxonomy":"product_tag","embeddable":true,"href":"https:\/\/www.biokari.sk\/ro\/wp-json\/wp\/v2\/product_tag?post=10934"}],"curies":[{"name":"wp","href":"https:\/\/api.w.org\/{rel}","templated":true}]}}