{"id":10944,"date":"2026-03-08T13:29:04","date_gmt":"2026-03-08T12:29:04","guid":{"rendered":"https:\/\/www.biokari.sk\/produkt\/nutsberries-kokosovy-olej-1000ml\/"},"modified":"2026-04-20T19:02:01","modified_gmt":"2026-04-20T17:02:01","slug":"nutsberries-kokosovy-olej-1000ml","status":"publish","type":"product","link":"https:\/\/www.biokari.sk\/ro\/produs\/nutsberries-kokosovy-olej-1000ml\/","title":{"rendered":"Nuts&#038;Berries Kokosov\u00fd olej 1000ml"},"content":{"rendered":"<p>Ponorte sa do rafinovan\u00e9ho sveta kokosov\u00e9ho oleja uzavret\u00e9ho v skle! Tento pr\u00edrodn\u00fd poklad nehr\u00e1 hlavn\u00fa \u00falohu len v kuchyni, ale svoje miesto si n\u00e1jde aj v starostlivosti o kr\u00e1su. Je ide\u00e1lnou vo\u013ebou na pe\u010denie, varenie, ale aj na starostlivos\u0165 o vlasy, preto\u017ee vy\u017eivuje a hydratuje poko\u017eku aj vlasy. Otvorte vie\u010dko poh\u00e1ra a doprajte si korunovanie zdravia a kr\u00e1sy.<\/p>\n\n\n\n<p><strong>Compozi\u021bie:<\/strong> kokosov\u00fd olej.<\/p>\n\n\n\n<p><strong>Inform\u00e1cia o alerg\u00e9noch:<\/strong> M\u00f4\u017ee obsahova\u0165 stopy ara\u0161idov, orechov a sezamu.<\/p>\n\n\n\n<p><strong>Priemern\u00e9 v\u00fd\u017eivov\u00e9 hodnoty v 100 g v\u00fdrobku:<\/strong> Energia: 3700 kJ \/ 884 kcal. Tuky: 100 g, z toho nas\u00fdten\u00e9 mastn\u00e9 kyseliny 92 g. Sacharidy: 0 g, z toho cukry 0 g. Bielkoviny: 0 g. So\u013e: 0 g.<\/p>\n\n\n\n<p><strong>Greutate:<\/strong> 1000 g.<\/p>","protected":false},"excerpt":{"rendered":"<p>Ponorte sa do rafinovan\u00e9ho sveta kokosov\u00e9ho oleja uzavret\u00e9ho v skle&#8230; <a href=\"#tab-description\" class=\"more-link\">Cite\u0219te mai mult<\/a><\/p>","protected":false},"featured_media":10946,"comment_status":"open","ping_status":"closed","template":"","meta":{"inline_featured_image":false},"product_brand":[345],"product_cat":[71],"product_tag":[280,309,281],"class_list":{"0":"post-10944","1":"product","2":"type-product","3":"status-publish","4":"has-post-thumbnail","6":"product_brand-nutsberries","7":"product_cat-potraviny","8":"product_tag-bezglutenove","9":"product_tag-novinky","10":"product_tag-veganske","12":"first","13":"instock","14":"taxable","15":"shipping-taxable","16":"purchasable","17":"product-type-simple"},"aioseo_notices":[],"_links":{"self":[{"href":"https:\/\/www.biokari.sk\/ro\/wp-json\/wp\/v2\/product\/10944","targetHints":{"allow":["GET"]}}],"collection":[{"href":"https:\/\/www.biokari.sk\/ro\/wp-json\/wp\/v2\/product"}],"about":[{"href":"https:\/\/www.biokari.sk\/ro\/wp-json\/wp\/v2\/types\/product"}],"replies":[{"embeddable":true,"href":"https:\/\/www.biokari.sk\/ro\/wp-json\/wp\/v2\/comments?post=10944"}],"wp:featuredmedia":[{"embeddable":true,"href":"https:\/\/www.biokari.sk\/ro\/wp-json\/wp\/v2\/media\/10946"}],"wp:attachment":[{"href":"https:\/\/www.biokari.sk\/ro\/wp-json\/wp\/v2\/media?parent=10944"}],"wp:term":[{"taxonomy":"product_brand","embeddable":true,"href":"https:\/\/www.biokari.sk\/ro\/wp-json\/wp\/v2\/product_brand?post=10944"},{"taxonomy":"product_cat","embeddable":true,"href":"https:\/\/www.biokari.sk\/ro\/wp-json\/wp\/v2\/product_cat?post=10944"},{"taxonomy":"product_tag","embeddable":true,"href":"https:\/\/www.biokari.sk\/ro\/wp-json\/wp\/v2\/product_tag?post=10944"}],"curies":[{"name":"wp","href":"https:\/\/api.w.org\/{rel}","templated":true}]}}