{"id":10968,"date":"2026-03-08T15:19:09","date_gmt":"2026-03-08T14:19:09","guid":{"rendered":"https:\/\/www.biokari.sk\/produkt\/termeszet-aldasa-bio-stava-z-granatoveho-jablka-1000ml\/"},"modified":"2026-05-01T19:01:10","modified_gmt":"2026-05-01T17:01:10","slug":"termeszet-aldasa-bio-stava-z-granatoveho-jablka-1000ml","status":"publish","type":"product","link":"https:\/\/www.biokari.sk\/ro\/produs\/termeszet-aldasa-bio-stava-z-granatoveho-jablka-1000ml\/","title":{"rendered":"Term\u00e9szet \u00e1ld\u00e1sa Bio \u0160\u0165ava z gr\u00e1natov\u00e9ho jablka 1000ml"},"content":{"rendered":"<p>Produkty z <strong>gran\u00e1tov\u00e9ho jablka<\/strong> sa odpor\u00fa\u010daj\u00fa konzumova\u0165 najm\u00e4 pre ich pozit\u00edvne \u00fa\u010dinky na zdravie, vr\u00e1tane podpory prevencie z\u00e1palov\u00fdch ochoren\u00ed a niektor\u00fdch typov rakoviny. P\u00f4vodne sa pou\u017e\u00edvalo najm\u00e4 na lie\u010debn\u00e9 \u00fa\u010dely, napr\u00edklad pri parazit\u00e1rnych a mikrobi\u00e1lnych infekci\u00e1ch, vredoch, hna\u010dke, \u00faplavici a ochoreniach d\u00fdchac\u00edch ciest. V s\u00fa\u010dasnosti mnoh\u00e9 vedeck\u00e9 \u0161t\u00fadie poukazuj\u00fa na jeho <strong>antioxida\u010dn\u00e9, protiz\u00e1palov\u00e9, antiaterog\u00e9nne (zabra\u0148uj\u00face usadzovaniu l\u00e1tok v sten\u00e1ch ciev), antidiabetick\u00e9 (pom\u00e1haj\u00face zni\u017eova\u0165 hladinu cukru v krvi) a antikarcinog\u00e9nne (protirakovinov\u00e9)<\/strong> vlastnosti. Okrem toho m\u00e1 aj <strong>antiv\u00edrusov\u00e9 a antibakteri\u00e1lne \u00fa\u010dinky<\/strong>.<\/p>\n\n\n\n<p>Gran\u00e1tov\u00e9 jablko je bohat\u00e9 na vitam\u00edny a miner\u00e1lne l\u00e1tky. Obsahuje najm\u00e4:<br>antioxida\u010dn\u00e9 vitam\u00edny <strong>A a E<\/strong>,<br><strong>sel\u00e9n<\/strong>,<br><strong>vitam\u00edny skupiny B<\/strong>,<br><strong>zinok<\/strong>,<br><strong>hor\u010d\u00edk<\/strong>,<br><strong>fosfor<\/strong>,<br><strong>v\u00e1pnik<\/strong>.<\/p>\n\n\n\n<p><strong>Compozi\u021bie:<\/strong> gran\u00e1tov\u00e9 jablko.<\/p>\n\n\n\n<p><strong>Priemern\u00e9 v\u00fd\u017eivov\u00e9 hodnoty v 100 g v\u00fdrobku:<\/strong><br>Energetick\u00e1 hodnota: 219 kJ \/ 52 kcal<br>Tuky: 0 g<br>z toho nas\u00fdten\u00e9 mastn\u00e9 kyseliny: 0 g<br>Sacharidy: 12,4 g<br>z toho cukry: 12,1 g<br>Bielkoviny: 0,5 g<br>So\u013e: 0,01 g<\/p>\n\n\n\n<p><strong>Volum:<\/strong> 1000 ml.<\/p>","protected":false},"excerpt":{"rendered":"<p>Produkty z gran\u00e1tov\u00e9ho jablka sa odpor\u00fa\u010daj\u00fa konzumova\u0165 najm\u00e4 pre ich pozit\u00edvne \u00fa\u010dinky na zdravie, vr\u00e1tane podpory prevencie z\u00e1palov\u00fdch ochoren\u00ed a niektor\u00fdch typov rakoviny. P\u00f4vodne sa pou\u017e\u00edvalo najm\u00e4 na lie\u010debn\u00e9 \u00fa\u010dely, napr\u00edklad pri parazit\u00e1rnych a mikrobi\u00e1lnych infekci\u00e1ch&#8230; <a href=\"#tab-description\" class=\"more-link\">Cite\u0219te mai mult<\/a><\/p>","protected":false},"featured_media":10970,"comment_status":"open","ping_status":"closed","template":"","meta":{"inline_featured_image":false},"product_brand":[],"product_cat":[71],"product_tag":[309,312],"class_list":{"0":"post-10968","1":"product","2":"type-product","3":"status-publish","4":"has-post-thumbnail","6":"product_cat-potraviny","7":"product_tag-novinky","8":"product_tag-top-potraviny","10":"first","11":"instock","12":"taxable","13":"shipping-taxable","14":"purchasable","15":"product-type-simple"},"aioseo_notices":[],"_links":{"self":[{"href":"https:\/\/www.biokari.sk\/ro\/wp-json\/wp\/v2\/product\/10968","targetHints":{"allow":["GET"]}}],"collection":[{"href":"https:\/\/www.biokari.sk\/ro\/wp-json\/wp\/v2\/product"}],"about":[{"href":"https:\/\/www.biokari.sk\/ro\/wp-json\/wp\/v2\/types\/product"}],"replies":[{"embeddable":true,"href":"https:\/\/www.biokari.sk\/ro\/wp-json\/wp\/v2\/comments?post=10968"}],"wp:featuredmedia":[{"embeddable":true,"href":"https:\/\/www.biokari.sk\/ro\/wp-json\/wp\/v2\/media\/10970"}],"wp:attachment":[{"href":"https:\/\/www.biokari.sk\/ro\/wp-json\/wp\/v2\/media?parent=10968"}],"wp:term":[{"taxonomy":"product_brand","embeddable":true,"href":"https:\/\/www.biokari.sk\/ro\/wp-json\/wp\/v2\/product_brand?post=10968"},{"taxonomy":"product_cat","embeddable":true,"href":"https:\/\/www.biokari.sk\/ro\/wp-json\/wp\/v2\/product_cat?post=10968"},{"taxonomy":"product_tag","embeddable":true,"href":"https:\/\/www.biokari.sk\/ro\/wp-json\/wp\/v2\/product_tag?post=10968"}],"curies":[{"name":"wp","href":"https:\/\/api.w.org\/{rel}","templated":true}]}}