{"id":11006,"date":"2026-03-08T18:54:04","date_gmt":"2026-03-08T17:54:04","guid":{"rendered":"https:\/\/www.biokari.sk\/produkt\/moo-free-vajicko-s-hniezdom-zajacika-85g\/"},"modified":"2026-04-04T19:02:05","modified_gmt":"2026-04-04T17:02:05","slug":"moo-free-vajicko-s-hniezdom-zajacika-85g","status":"publish","type":"product","link":"https:\/\/www.biokari.sk\/ro\/produs\/moo-free-vajicko-s-hniezdom-zajacika-85g\/","title":{"rendered":"Moo free Vaj\u00ed\u010dko s hniezdom zaja\u010dika 85g"},"content":{"rendered":"<p>Predstavujeme <strong>Free-From &amp; Vegan Bunnycomb ve\u013ekono\u010dn\u00e9 vaj\u00ed\u010dko (85 g)<\/strong> od Moo Free \u2013 lahodn\u00e9 veg\u00e1nske ve\u013ekono\u010dn\u00e9 vaj\u00ed\u010dko, ktor\u00e9 je <strong>\u00faplne bez mlieka, bez lepku a bez s\u00f3je<\/strong>. Obsahuje chrumkav\u00e9 k\u00fasky veg\u00e1nskeho \u201ehoneycomb\u201c karamelu zmie\u0161an\u00e9 s oce\u0148ovanou \u010dokol\u00e1dou Moo Free z ry\u017eov\u00e9ho \u201emlieka\u201c. V\u00fdsledkom je sladk\u00e1, kr\u00e9mov\u00e1 a z\u00e1rove\u0148 chrumkav\u00e1 \u010dokol\u00e1dov\u00e1 poch\u00fa\u0165ka, ktor\u00e1 prin\u00e1\u0161a skuto\u010dn\u00fa ve\u013ekono\u010dn\u00fa rados\u0165.<\/p>\n\n\n\n<p>T\u00e1to veg\u00e1nska \u010dokol\u00e1da je <strong>bez mlieka, bez lepku, bez s\u00f3je a bez palmov\u00e9ho oleja<\/strong>, preto je vhodn\u00e1 pre \u013eud\u00ed s potravinov\u00fdmi intoleranciami, alergiami alebo pre ka\u017ed\u00e9ho, kto si vyber\u00e1 rastlinn\u00fd \u017eivotn\u00fd \u0161t\u00fdl.<\/p>\n\n\n\n<p>Ka\u017ed\u00e9 Bunnycomb ve\u013ekono\u010dn\u00e9 vaj\u00ed\u010dko je starostlivo vyroben\u00e9 v spolo\u010dnosti Moo Free vo Ve\u013ekej Brit\u00e1nii v \u0161pecializovan\u00fdch \u201efree-from\u201c v\u00fdrobn\u00fdch z\u00e1vodoch, aby bola zaru\u010den\u00e1 maxim\u00e1lna bezpe\u010dnos\u0165 a kvalita. Spolo\u010dnos\u0165 Moo Free je hrd\u00e1 na svoj etick\u00fd pr\u00edstup \u2013 zamestn\u00e1va aj \u013eud\u00ed s autizmom a pou\u017e\u00edva kakao s certifik\u00e1tom <strong>Rainforest Alliance<\/strong>, ktor\u00e9 podporuje farm\u00e1rov a udr\u017eate\u013en\u00e9 pestovanie kakaa.<\/p>\n\n\n\n<p>Vychutnajte si ve\u013ekono\u010dn\u00fa poch\u00fa\u0165ku bez kompromisov \u2013 s v\u00fdbornou chu\u0165ou, d\u00f4verou v kvalitu a etick\u00fdm pr\u00edstupom.<\/p>\n\n\n\n<p><strong>Compozi\u021bie:<\/strong> cukor, kakaov\u00e1 hmota*, bambuck\u00fd olej, ry\u017eov\u00fd sirup, kakaov\u00e9 maslo*, ry\u017eov\u00fd \u0161krob, inul\u00edn, gluk\u00f3zov\u00fd sirup, ry\u017eov\u00e1 m\u00faka, emulg\u00e1tor: lecit\u00edn, kypriaca l\u00e1tka: hydrog\u00e9nuhli\u010ditan sodn\u00fd.<br>*Kakao s certifik\u00e1tom Rainforest Alliance.<\/p>\n\n\n\n<p><strong>Priemern\u00e9 v\u00fd\u017eivov\u00e9 hodnoty v 100 g v\u00fdrobku:<\/strong><br>Energia: 2242 kJ \/ 535 kcal<br>Tuky: 29,7 g<br>z toho nas\u00fdten\u00e9 mastn\u00e9 kyseliny: 18,4 g<br>Sacharidy: 64,6 g<br>z toho cukry: 44 g<br>Bielkoviny: 1,5 g<br>So\u013e: 0,09 g<\/p>\n\n\n\n<p><strong>Greutate:<\/strong> 85 g.<\/p>","protected":false},"excerpt":{"rendered":"<p>Predstavujeme Free-From &#038; Vegan Bunnycomb ve\u013ekono\u010dn\u00e9 vaj\u00ed\u010dko&#8230; <a href=\"#tab-description\" class=\"more-link\">Cite\u0219te mai mult<\/a><\/p>","protected":false},"featured_media":11009,"comment_status":"open","ping_status":"closed","template":"","meta":{"inline_featured_image":false},"product_brand":[],"product_cat":[71,174,178],"product_tag":[280,309,313,281],"class_list":{"0":"post-11006","1":"product","2":"type-product","3":"status-publish","4":"has-post-thumbnail","6":"product_cat-potraviny","7":"product_cat-maskrty","8":"product_cat-sladke-maskrty","9":"product_tag-bezglutenove","10":"product_tag-novinky","11":"product_tag-top-ostatne","12":"product_tag-veganske","14":"first","15":"instock","16":"taxable","17":"shipping-taxable","18":"purchasable","19":"product-type-simple"},"aioseo_notices":[],"_links":{"self":[{"href":"https:\/\/www.biokari.sk\/ro\/wp-json\/wp\/v2\/product\/11006","targetHints":{"allow":["GET"]}}],"collection":[{"href":"https:\/\/www.biokari.sk\/ro\/wp-json\/wp\/v2\/product"}],"about":[{"href":"https:\/\/www.biokari.sk\/ro\/wp-json\/wp\/v2\/types\/product"}],"replies":[{"embeddable":true,"href":"https:\/\/www.biokari.sk\/ro\/wp-json\/wp\/v2\/comments?post=11006"}],"wp:featuredmedia":[{"embeddable":true,"href":"https:\/\/www.biokari.sk\/ro\/wp-json\/wp\/v2\/media\/11009"}],"wp:attachment":[{"href":"https:\/\/www.biokari.sk\/ro\/wp-json\/wp\/v2\/media?parent=11006"}],"wp:term":[{"taxonomy":"product_brand","embeddable":true,"href":"https:\/\/www.biokari.sk\/ro\/wp-json\/wp\/v2\/product_brand?post=11006"},{"taxonomy":"product_cat","embeddable":true,"href":"https:\/\/www.biokari.sk\/ro\/wp-json\/wp\/v2\/product_cat?post=11006"},{"taxonomy":"product_tag","embeddable":true,"href":"https:\/\/www.biokari.sk\/ro\/wp-json\/wp\/v2\/product_tag?post=11006"}],"curies":[{"name":"wp","href":"https:\/\/api.w.org\/{rel}","templated":true}]}}