{"id":11046,"date":"2026-03-16T22:25:57","date_gmt":"2026-03-16T21:25:57","guid":{"rendered":"https:\/\/www.biokari.sk\/produkt\/oosty-prasok-na-blok-sprichutou-gouda-332g\/"},"modified":"2026-04-18T19:02:58","modified_gmt":"2026-04-18T17:02:58","slug":"oosty-prasok-na-blok-sprichutou-gouda-332g","status":"publish","type":"product","link":"https:\/\/www.biokari.sk\/ro\/produs\/oosty-prasok-na-blok-sprichutou-gouda-332g\/","title":{"rendered":"Oosty Pr\u00e1\u0161ok na blok spr\u00edchu\u0165ou gouda 332g"},"content":{"rendered":"<p>Pr\u00e1\u0161kov\u00e1 zmes na pr\u00edpravu&nbsp;<strong>rastlinn\u00e9ho bloku s pr\u00edchu\u0165ou Gouda<\/strong>&nbsp;je v\u00fdrobok na rastlinnej b\u00e1ze, ktor\u00fd je&nbsp;<strong>bez lepku, bez mlieka a bez mlie\u010dnych deriv\u00e1tov<\/strong>. V\u010faka jednoduch\u00e9mu postupu si z nej m\u00f4\u017eete pripravi\u0165 chutn\u00fa veg\u00e1nsku alternat\u00edvu syra vhodn\u00fa na sendvi\u010de, varenie alebo zapekanie. Z&nbsp;<strong>jedn\u00e9ho balenia priprav\u00edte pribli\u017ene 1 kg veg\u00e1nskeho bloku<\/strong>.<\/p>\n\n\n\n<p><strong>Compozi\u021bie<\/strong><br>Modifikovan\u00e9 \u0161kroby (zemiakov\u00e9), himal\u00e1jska so\u013e, bielkovina z b\u00f4bu (fava), pr\u00edrodn\u00e1 ar\u00f3ma, trikalciumfosf\u00e1t, bambusov\u00e1 vl\u00e1knina, kvasnicov\u00fd extrakt, regul\u00e1tor kyslosti (kyselina citr\u00f3nov\u00e1), farbivo (karot\u00e9ny).<\/p>\n\n\n\n<p><strong>N\u00e1vod na pr\u00edpravu bloku (250 g)<\/strong><br>Do n\u00e1doby nalejte&nbsp;<strong>73 g tekut\u00e9ho kokosov\u00e9ho oleja<\/strong>&nbsp;(maxim\u00e1lne vla\u017en\u00e9ho) a&nbsp;<strong>168 g studenej vody<\/strong>. Pridajte&nbsp;<strong>1 d\u00e1vku pr\u00e1\u0161kovej zmesi (83 g)<\/strong>&nbsp;a pomocou ty\u010dov\u00e9ho mix\u00e9ra d\u00f4kladne premie\u0161ajte. Zmes potom za st\u00e1leho mie\u0161ania zahrievajte na spor\u00e1ku alebo varnej doske na&nbsp;<strong>stredne a\u017e vy\u0161\u0161om stupni<\/strong>, k\u00fdm neza\u010dne hustn\u00fa\u0165. Po zahusten\u00ed pokra\u010dujte v intenz\u00edvnom mie\u0161an\u00ed e\u0161te&nbsp;<strong>pribli\u017ene 3 min\u00faty<\/strong>. Hor\u00facu zmes nalejte do formy,&nbsp;<strong>prikryte ju len \u010diasto\u010dne<\/strong>&nbsp;a nechajte vychladn\u00fa\u0165. N\u00e1sledne formu uzavrite a vlo\u017ete do chladni\u010dky&nbsp;<strong>na 48 hod\u00edn<\/strong>. Po&nbsp;<strong>24 hodin\u00e1ch<\/strong>&nbsp;je v\u00fdrobok u\u017e konzumovate\u013en\u00fd, av\u0161ak pre dosiahnutie ide\u00e1lnej konzistencie sa odpor\u00fa\u010da&nbsp;<strong>48 hod\u00edn chladenia<\/strong>.<\/p>\n\n\n\n<p><strong>Valori nutri\u021bionale medii<\/strong><br>(pripraven\u00e9 pod\u013ea n\u00e1vodu s vodou a kokosov\u00fdm olejom)<\/p>\n\n\n\n<p>Energia:&nbsp;<strong>1111 kJ \/ 269 kcal<\/strong><br>Tuky:&nbsp;<strong>25 g<\/strong><br>z toho nas\u00fdten\u00e9 mastn\u00e9 kyseliny:&nbsp;<strong>23 g<\/strong><br>Sacharidy:&nbsp;<strong>11 g<\/strong><br>z toho cukry:&nbsp;<strong>0 g<\/strong><br>Bielkoviny:&nbsp;<strong>0,6 g<\/strong><br>So\u013e:&nbsp;<strong>1,7 g<\/strong><br>V\u00e1pnik:&nbsp;<strong>240 mg (30 % NRV)<\/strong><\/p>\n\n\n\n<p>Hodnoty s\u00fa uveden\u00e9 pre&nbsp;<strong>100 g hotov\u00e9ho v\u00fdrobku<\/strong>.<br>Jedno balenie obsahuje&nbsp;<strong>4 porcie (4 \u00d7 83 g)<\/strong>.<br><strong>NRV \u2013 referen\u010dn\u00e1 v\u00fd\u017eivov\u00e1 hodnota pod\u013ea nariadenia E\u00da 1169\/2011.<\/strong><\/p>\n\n\n\n<p>V\u00fdrobok bol vyroben\u00fd v z\u00e1vode, kde sa sprac\u00favaj\u00fa aj&nbsp;<strong>orechy<\/strong>.<\/p>\n\n\n\n<p><strong>Depozitare<\/strong><br>Pr\u00e1\u0161kov\u00fa zmes skladujte&nbsp;<strong>na suchom a chladnom mieste<\/strong>.<br>Pripraven\u00fd v\u00fdrobok uchov\u00e1vajte v chladni\u010dke pri teplote&nbsp;<strong>2 \u2013 8 \u00b0C<\/strong>. Po otvoren\u00ed a uskladnen\u00ed v zakrytej forme&nbsp;<strong>spotrebujte do 3 dn\u00ed<\/strong>.<\/p>","protected":false},"excerpt":{"rendered":"<p>Pr\u00e1\u0161kov\u00e1 zmes na pr\u00edpravu\u00a0rastlinn\u00e9ho bloku s pr\u00edchu\u0165ou Gouda\u00a0je v\u00fdrobok na rastlinnej b\u00e1ze, ktor\u00fd je\u00a0bez lepku, bez mlieka a bez mlie\u010dnych deriv\u00e1tov. V\u010faka jednoduch\u00e9mu postupu si z nej m\u00f4\u017eete pripravi\u0165 chutn\u00fa veg\u00e1nsku alternat\u00edvu syra vhodn\u00fa na sendvi\u010de, varenie alebo zapekanie&#8230;. <a href=\"#tab-description\" class=\"more-link\">Cite\u0219te mai mult<\/a><\/p>","protected":false},"featured_media":11048,"comment_status":"open","ping_status":"closed","template":"","meta":{"inline_featured_image":false},"product_brand":[],"product_cat":[71],"product_tag":[],"class_list":{"0":"post-11046","1":"product","2":"type-product","3":"status-publish","4":"has-post-thumbnail","6":"product_cat-potraviny","8":"first","9":"onbackorder","10":"taxable","11":"shipping-taxable","12":"purchasable","13":"product-type-simple"},"aioseo_notices":[],"_links":{"self":[{"href":"https:\/\/www.biokari.sk\/ro\/wp-json\/wp\/v2\/product\/11046","targetHints":{"allow":["GET"]}}],"collection":[{"href":"https:\/\/www.biokari.sk\/ro\/wp-json\/wp\/v2\/product"}],"about":[{"href":"https:\/\/www.biokari.sk\/ro\/wp-json\/wp\/v2\/types\/product"}],"replies":[{"embeddable":true,"href":"https:\/\/www.biokari.sk\/ro\/wp-json\/wp\/v2\/comments?post=11046"}],"wp:featuredmedia":[{"embeddable":true,"href":"https:\/\/www.biokari.sk\/ro\/wp-json\/wp\/v2\/media\/11048"}],"wp:attachment":[{"href":"https:\/\/www.biokari.sk\/ro\/wp-json\/wp\/v2\/media?parent=11046"}],"wp:term":[{"taxonomy":"product_brand","embeddable":true,"href":"https:\/\/www.biokari.sk\/ro\/wp-json\/wp\/v2\/product_brand?post=11046"},{"taxonomy":"product_cat","embeddable":true,"href":"https:\/\/www.biokari.sk\/ro\/wp-json\/wp\/v2\/product_cat?post=11046"},{"taxonomy":"product_tag","embeddable":true,"href":"https:\/\/www.biokari.sk\/ro\/wp-json\/wp\/v2\/product_tag?post=11046"}],"curies":[{"name":"wp","href":"https:\/\/api.w.org\/{rel}","templated":true}]}}