{"id":11054,"date":"2026-03-19T10:25:45","date_gmt":"2026-03-19T09:25:45","guid":{"rendered":"https:\/\/www.biokari.sk\/produkt\/organic-aloe-vera-spray-100ml\/"},"modified":"2026-04-28T19:01:53","modified_gmt":"2026-04-28T17:01:53","slug":"organic-aloe-vera-spray-100ml","status":"publish","type":"product","link":"https:\/\/www.biokari.sk\/ro\/produs\/organic-aloe-vera-spray-100ml\/","title":{"rendered":"Organic Aloe vera &#8211; Spray 100ml"},"content":{"rendered":"<p><strong>Aloe Vera Origin\u00e1lny sprej<\/strong> je upokojuj\u00faci a hydrata\u010dn\u00fd pr\u00edpravok s vyu\u017eit\u00edm sily aloe vera. Odpor\u00fa\u010da sa pri drobn\u00fdch ran\u00e1ch, odrenin\u00e1ch, pop\u00e1lenin\u00e1ch a poko\u017eke sp\u00e1lenej od slnka. Je ide\u00e1lnym pomocn\u00edkom doma aj na cest\u00e1ch a je vhodn\u00fd aj pre deti od 3 rokov. V\u010faka praktick\u00e9mu baleniu ho m\u00f4\u017eete ma\u0165 v\u017edy pri sebe \u2013 bez probl\u00e9mov sa zmest\u00ed do ka\u017edej ta\u0161ky.<\/p>\n\n\n\n<p>Tento <strong>upokojuj\u00faci a hydrata\u010dn\u00fd sprej<\/strong> obsahuje <strong>100 % stabilizovan\u00fa \u0161\u0165avu z aloe vera<\/strong>, doplnen\u00fa o <strong>panthenol, allantoin a rastlinn\u00e9 extrakty (harman\u010dek, arnika, ginkgo)<\/strong>. V\u010faka svojim cenn\u00fdm zlo\u017ek\u00e1m je vhodn\u00fd na okam\u017eit\u00e9 zmiernenie drobn\u00fdch podr\u00e1\u017eden\u00ed poko\u017eky, ako je <strong>svrbenie, za\u010dervenanie alebo podr\u00e1\u017edenie po opa\u013eovan\u00ed<\/strong>. Aloe vera je prirodzene v\u00fdborn\u00fdm hydrata\u010dn\u00fdm a regenera\u010dn\u00fdm prostriedkom, zatia\u013e \u010do <strong>kyselina hyalur\u00f3nov\u00e1 a NMF (Natural Moisturizing Factors)<\/strong> zvy\u0161uj\u00fa schopnos\u0165 poko\u017eky zadr\u017eiava\u0165 vlhkos\u0165 a zabezpe\u010duj\u00fa jej intenz\u00edvnu hydrat\u00e1ciu.<\/p>\n\n\n\n<p><strong>Panthenol a allantoin<\/strong> prispievaj\u00fa k zn\u00ed\u017eeniu podr\u00e1\u017edenia poko\u017eky a podporuj\u00fa jej r\u00fdchlej\u0161iu regener\u00e1ciu. Panthenol napodob\u0148uje prirodzen\u00fa lipidov\u00fa \u0161trukt\u00faru poko\u017eky, \u010d\u00edm pom\u00e1ha obnovova\u0165 ko\u017en\u00fa bari\u00e9ru a podporuje regener\u00e1ciu po\u0161kodenej poko\u017eky. Z\u00e1rove\u0148 stimuluje delenie buniek spojivov\u00e9ho tkaniva (fibroblastov), \u010d\u00edm napom\u00e1ha obnove ko\u017enej \u0161trukt\u00fary. Allantoin m\u00e1 protiz\u00e1palov\u00e9 a upokojuj\u00face \u00fa\u010dinky, podporuje hojenie a ur\u00fdch\u013euje regener\u00e1ciu poko\u017eky.<\/p>\n\n\n\n<p><strong>Kyselina hyalur\u00f3nov\u00e1<\/strong> maximalizuje hydrat\u00e1ciu poko\u017eky t\u00fdm, \u017ee zvy\u0161uje schopnos\u0165 tkan\u00edv viaza\u0165 vodu a minimalizuje jej stratu. Ako telu vlastn\u00e1 l\u00e1tka p\u00f4sob\u00ed nielen na povrchu poko\u017eky, ale aj v hlb\u0161\u00edch vrstv\u00e1ch, \u010d\u00edm prispieva k zdrav\u00e9mu a mladistv\u00e9mu vzh\u013eadu.<\/p>\n\n\n\n<p><strong>NMF \u2013 prirodzen\u00e9 hydrata\u010dn\u00e9 faktory<\/strong> podporuj\u00fa viazanie vlhkosti v poko\u017eke a spolu s ko\u017en\u00fdmi lipidmi zabezpe\u010duj\u00fa svie\u017ei, jemn\u00fd a pr\u00edjemn\u00fd pocit na poko\u017eke.<\/p>\n\n\n\n<p><strong>Pre\u010do si vybra\u0165 Aloe Vera Origin\u00e1lny sprej:<\/strong> <strong>obsahuje 100 % stabilizovan\u00fa \u0161\u0165avu z aloe vera<\/strong>, <strong>r\u00fdchlo a \u00fa\u010dinne upokojuje podr\u00e1\u017eden\u00fa a za\u010dervenan\u00fa poko\u017eku<\/strong>, <strong>r\u00fdchlo sa vstreb\u00e1va v\u010faka \u0161etrn\u00e9mu zlo\u017eeniu<\/strong>, <strong>intenz\u00edvne hydratuje v\u010faka kyseline hyalur\u00f3novej a NMF<\/strong>, <strong>panthenol a allantoin okam\u017eite zmier\u0148uj\u00fa podr\u00e1\u017edenie<\/strong>, <strong>praktick\u00e9 sprejov\u00e9 balenie zabezpe\u010duje jednoduch\u00e9 pou\u017eitie<\/strong>, <strong>ide\u00e1lny na doma aj na cestovanie<\/strong>, <strong>vhodn\u00fd pre v\u0161etky typy poko\u017eky<\/strong>.<\/p>\n\n\n\n<p><strong>Maxim\u00e1lne \u0161etrn\u00e9 zlo\u017eenie:<\/strong> <strong>veg\u00e1nsky produkt<\/strong>, <strong>netestovan\u00fd na zvierat\u00e1ch<\/strong>, <strong>bez miner\u00e1lnych olejov<\/strong>, <strong>bez silik\u00f3nov<\/strong>, <strong>bez farb\u00edv<\/strong>, <strong>bez parab\u00e9nov<\/strong>.<\/p>\n\n\n\n<p><strong>Cerere:<\/strong> aplikujte na poko\u017eku pri drobn\u00fdch poraneniach, odrenin\u00e1ch, pomlia\u017edenin\u00e1ch, miernych pop\u00e1lenin\u00e1ch, za\u010dervenan\u00ed po opa\u013eovan\u00ed, \u0161t\u00edpancoch alebo vyr\u00e1\u017ekach na zmiernenie nepr\u00edjemn\u00fdch pr\u00edznakov.<\/p>\n\n\n\n<p><strong>Zlo\u017eenie (akt\u00edvne l\u00e1tky):<\/strong> allantoin, \u0161\u0165ava z aloe vera, arnika, extrakt z ginkgo biloba, kyselina hyalur\u00f3nov\u00e1, extrakt z harman\u010deka, NMF, panthenol.<\/p>\n\n\n\n<p><strong>Volum:<\/strong> 100 ml<\/p>","protected":false},"excerpt":{"rendered":"<p>Aloe Vera Origin\u00e1lny sprej je upokojuj\u00faci a hydrata\u010dn\u00fd pr\u00edpravok s vyu\u017eit\u00edm sily aloe vera&#8230;. <a href=\"#tab-description\" class=\"more-link\">Cite\u0219te mai mult<\/a><\/p>","protected":false},"featured_media":11056,"comment_status":"open","ping_status":"closed","template":"","meta":{"inline_featured_image":false},"product_brand":[],"product_cat":[249,19],"product_tag":[],"class_list":{"0":"post-11054","1":"product","2":"type-product","3":"status-publish","4":"has-post-thumbnail","6":"product_cat-kozmeticke-vyrobky","7":"product_cat-ostatne","9":"first","10":"instock","11":"taxable","12":"shipping-taxable","13":"purchasable","14":"product-type-simple"},"aioseo_notices":[],"_links":{"self":[{"href":"https:\/\/www.biokari.sk\/ro\/wp-json\/wp\/v2\/product\/11054","targetHints":{"allow":["GET"]}}],"collection":[{"href":"https:\/\/www.biokari.sk\/ro\/wp-json\/wp\/v2\/product"}],"about":[{"href":"https:\/\/www.biokari.sk\/ro\/wp-json\/wp\/v2\/types\/product"}],"replies":[{"embeddable":true,"href":"https:\/\/www.biokari.sk\/ro\/wp-json\/wp\/v2\/comments?post=11054"}],"wp:featuredmedia":[{"embeddable":true,"href":"https:\/\/www.biokari.sk\/ro\/wp-json\/wp\/v2\/media\/11056"}],"wp:attachment":[{"href":"https:\/\/www.biokari.sk\/ro\/wp-json\/wp\/v2\/media?parent=11054"}],"wp:term":[{"taxonomy":"product_brand","embeddable":true,"href":"https:\/\/www.biokari.sk\/ro\/wp-json\/wp\/v2\/product_brand?post=11054"},{"taxonomy":"product_cat","embeddable":true,"href":"https:\/\/www.biokari.sk\/ro\/wp-json\/wp\/v2\/product_cat?post=11054"},{"taxonomy":"product_tag","embeddable":true,"href":"https:\/\/www.biokari.sk\/ro\/wp-json\/wp\/v2\/product_tag?post=11054"}],"curies":[{"name":"wp","href":"https:\/\/api.w.org\/{rel}","templated":true}]}}