{"id":11057,"date":"2026-03-19T10:35:26","date_gmt":"2026-03-19T09:35:26","guid":{"rendered":"https:\/\/www.biokari.sk\/produkt\/aromax-rozmarinovy-olej-100-10ml\/"},"modified":"2026-05-01T19:01:05","modified_gmt":"2026-05-01T17:01:05","slug":"aromax-rozmarinovy-olej-100-10ml","status":"publish","type":"product","link":"https:\/\/www.biokari.sk\/ro\/produs\/aromax-rozmarinovy-olej-100-10ml\/","title":{"rendered":"Aromax Rozmar\u00ednov\u00fd olej 100% 10ml"},"content":{"rendered":"<p><strong>Rosmarinus officinalis \u2013 rozmar\u00ednov\u00fd esenci\u00e1lny olej<\/strong> je <strong>100 % \u010dist\u00fd, testovan\u00fd esenci\u00e1lny olej<\/strong> s charakteristickou korenistou v\u00f4\u0148ou, ur\u010den\u00fd na inhal\u00e1ciu aj aromaterapiu. Jeho \u00fa\u010dinky s\u00fa zn\u00e1me a potvrden\u00e9 v tradi\u010dnej \u013eudovej medic\u00edne.<\/p>\n\n\n\n<p><strong>Na \u010do je vhodn\u00fd?<\/strong> Esenci\u00e1lny olej z\u00edskan\u00fd z listov a kvitn\u00facich v\u00fdhonkov rozmar\u00ednu m\u00e1 <strong>antimikrobi\u00e1lne a mukolytick\u00e9 \u00fa\u010dinky<\/strong>, pom\u00e1ha uvo\u013e\u0148ova\u0165 hlieny a podporuje d\u00fdchanie. Vyzna\u010duje sa tie\u017e <strong>analgetick\u00fdmi, protiz\u00e1palov\u00fdmi, prekrvuj\u00facimi a svaly uvo\u013e\u0148uj\u00facimi vlastnos\u0165ami<\/strong>, preto je vhodn\u00fd ako s\u00fa\u010das\u0165 mas\u00e1\u017enych olejov a pr\u00edpravkov na vtieranie pri probl\u00e9moch pohybov\u00e9ho apar\u00e1tu, natiahnutiach \u010di v\u00fdronoch.<\/p>\n\n\n\n<p><strong>Ako pou\u017e\u00edva\u0165?<\/strong> Vhodn\u00fd na <strong>aromaterapiu, k\u00fapele, inhal\u00e1ciu, starostlivos\u0165 o poko\u017eku a vlasy<\/strong>.<\/p>\n\n\n\n<p><strong>Pou\u017eitie \u2013 aromaterapia (difuz\u00e9r, ar\u00f3malampa):<\/strong> na podporu du\u0161evnej aktivity pridajte do vody v ar\u00f3malampe alebo difuz\u00e9ri <strong>5 kvapiek limetkov\u00e9ho a rozmar\u00ednov\u00e9ho oleja a 1 kvapku m\u00e4tov\u00e9ho oleja<\/strong>. T\u00e1to kombin\u00e1cia m\u00f4\u017ee by\u0165 prospe\u0161n\u00e1 aj po\u010das obdobia prechladnut\u00ed pre podporu zdravia d\u00fdchac\u00edch ciest. Na osvie\u017eenie vzduchu v miestnosti zmie\u0161ajte <strong>5 kvapiek rozmar\u00ednov\u00e9ho a medovkov\u00e9ho oleja a 8 kvapiek borievkov\u00e9ho oleja<\/strong>.<\/p>\n\n\n\n<p><strong>Aromatick\u00fd k\u00fape\u013e:<\/strong> d\u00f4kladne zmie\u0161ajte <strong>2 kvapky rozmar\u00ednov\u00e9ho a z\u00e1zvorov\u00e9ho oleja a 1 kvapku borievkov\u00e9ho a m\u00e4tov\u00e9ho oleja<\/strong> s 1 ly\u017eicou smotany, medu alebo peny do k\u00fape\u013ea a pridajte do vody.<\/p>\n\n\n\n<p><strong>Starostlivos\u0165 o vlasy:<\/strong> pri mastn\u00fdch vlasoch pridajte <strong>1\u20131 kvapku rozmar\u00ednov\u00e9ho a tea tree oleja do 1 litra vla\u017enej vody<\/strong>, dobre premie\u0161ajte a po umyt\u00ed vlasov pou\u017eite ako oplach.<\/p>\n\n\n\n<p><strong>Starostlivos\u0165 o poko\u017eku:<\/strong> pri o\u0161etren\u00ed celulit\u00eddy zmie\u0161ajte <strong>100 ml hroznov\u00e9ho oleja s 10 kvapkami grapefruitov\u00e9ho oleja a 5\u20135 kvapkami cyprusov\u00e9ho a rozmar\u00ednov\u00e9ho oleja<\/strong>. Zmes nieko\u013ekokr\u00e1t denne vmas\u00edrujte do postihnutej poko\u017eky.<\/p>\n\n\n\n<p><strong>S \u010d\u00edm kombinova\u0165?<\/strong> Odpor\u00fa\u010da sa kombinova\u0165 s <strong>rastlinn\u00fdmi (b\u00e1zov\u00fdmi) olejmi<\/strong> (napr. hroznov\u00fd olej) a esenci\u00e1lnymi olejmi ako <strong>m\u00e4ta pieporn\u00e1, tea tree, z\u00e1zvor, cyprus a borievka<\/strong>.<\/p>\n\n\n\n<p>Objem: 10ml<\/p>","protected":false},"excerpt":{"rendered":"<p>Rosmarinus officinalis \u2013 rozmar\u00ednov\u00fd esenci\u00e1lny olej je 100 % \u010dist\u00fd, testovan\u00fd esenci\u00e1lny olej &#8230; <a href=\"#tab-description\" class=\"more-link\">Cite\u0219te mai mult<\/a><\/p>","protected":false},"featured_media":11058,"comment_status":"open","ping_status":"closed","template":"","meta":{"inline_featured_image":false},"product_brand":[],"product_cat":[19,138],"product_tag":[309],"class_list":{"0":"post-11057","1":"product","2":"type-product","3":"status-publish","4":"has-post-thumbnail","6":"product_cat-ostatne","7":"product_cat-aromaterapia","8":"product_tag-novinky","10":"first","11":"onbackorder","12":"taxable","13":"shipping-taxable","14":"purchasable","15":"product-type-simple"},"aioseo_notices":[],"_links":{"self":[{"href":"https:\/\/www.biokari.sk\/ro\/wp-json\/wp\/v2\/product\/11057","targetHints":{"allow":["GET"]}}],"collection":[{"href":"https:\/\/www.biokari.sk\/ro\/wp-json\/wp\/v2\/product"}],"about":[{"href":"https:\/\/www.biokari.sk\/ro\/wp-json\/wp\/v2\/types\/product"}],"replies":[{"embeddable":true,"href":"https:\/\/www.biokari.sk\/ro\/wp-json\/wp\/v2\/comments?post=11057"}],"wp:featuredmedia":[{"embeddable":true,"href":"https:\/\/www.biokari.sk\/ro\/wp-json\/wp\/v2\/media\/11058"}],"wp:attachment":[{"href":"https:\/\/www.biokari.sk\/ro\/wp-json\/wp\/v2\/media?parent=11057"}],"wp:term":[{"taxonomy":"product_brand","embeddable":true,"href":"https:\/\/www.biokari.sk\/ro\/wp-json\/wp\/v2\/product_brand?post=11057"},{"taxonomy":"product_cat","embeddable":true,"href":"https:\/\/www.biokari.sk\/ro\/wp-json\/wp\/v2\/product_cat?post=11057"},{"taxonomy":"product_tag","embeddable":true,"href":"https:\/\/www.biokari.sk\/ro\/wp-json\/wp\/v2\/product_tag?post=11057"}],"curies":[{"name":"wp","href":"https:\/\/api.w.org\/{rel}","templated":true}]}}