{"id":11070,"date":"2026-03-21T21:25:44","date_gmt":"2026-03-21T20:25:44","guid":{"rendered":"https:\/\/www.biokari.sk\/produkt\/natur-tanya-diur-extra-tabletky-60ks\/"},"modified":"2026-04-13T19:01:57","modified_gmt":"2026-04-13T17:01:57","slug":"natur-tanya-diur-extra-tabletky-60ks","status":"publish","type":"product","link":"https:\/\/www.biokari.sk\/ro\/produs\/natur-tanya-diur-extra-tabletky-60ks\/","title":{"rendered":"Natur tanya Diur extra tabletky 60ks"},"content":{"rendered":"<p><strong>Natur Tanya\u00ae DIUR EXTRA \u2013 rastlinn\u00fd komplex na podporu mo\u010dov\u00fdch ciest a vylu\u010dovania<\/strong><\/p>\n\n\n\n<p>Natur Tanya\u00ae DIUR EXTRA je v\u00fd\u017eivov\u00fd doplnok vo forme tabliet, ktor\u00fd obsahuje&nbsp;<strong>7 druhov bylinn\u00fdch extraktov<\/strong>&nbsp;(list brezy, chlp\u00e1\u010dik pilosella, list j\u00e1vskeho \u010daju, zlatoby\u013e, podzemok p\u00fdru, prasli\u010dka ro\u013en\u00e1 a kore\u0148 p\u00fapavy) a&nbsp;<strong>miner\u00e1lne l\u00e1tky (drasl\u00edk, chlorid, magn\u00e9zium-bisglycin\u00e1t a mikroenkapsulovan\u00fd oxid hore\u010dnat\u00fd)<\/strong>. Tento komplex je ur\u010den\u00fd na podporu&nbsp;<strong>vylu\u010dovania mo\u010du, odstra\u0148ovania nadbyto\u010dn\u00fdch l\u00e1tok z organizmu, spr\u00e1vnej funkcie obli\u010diek a zdravia mo\u010dov\u00fdch ciest<\/strong>.<\/p>\n\n\n\n<p>Produkt je&nbsp;<strong>stimulant-free rastlinn\u00fd komplex<\/strong>, vhodn\u00fd pre veg\u00e1nov,&nbsp;<strong>bez lakt\u00f3zy a lepku<\/strong>, neobsahuje umel\u00e9 konzerva\u010dn\u00e9 l\u00e1tky, farbiv\u00e1 ani ar\u00f3my a bol testovan\u00fd v&nbsp;<strong>nez\u00e1vislom akreditovanom laborat\u00f3riu<\/strong>.<\/p>\n\n\n\n<p>Natur Tanya\u00ae DIUR EXTRA obsahuje 7 zn\u00e1mych byl\u00edn s mo\u010dopudn\u00fdm, detoxika\u010dn\u00fdm a ochrann\u00fdm \u00fa\u010dinkom na obli\u010dky:&nbsp;<strong>breza, chlp\u00e1\u010dik pilosella, j\u00e1vsky \u010daj, zlatoby\u013e, p\u00fdr, prasli\u010dka a p\u00fapava<\/strong>. Okrem toho je formula obohaten\u00e1 o miner\u00e1ly, ktor\u00e9 pom\u00e1haj\u00fa udr\u017eiava\u0165&nbsp;<strong>elektrolytick\u00fa rovnov\u00e1hu po\u010das diuretickej k\u00fary<\/strong>.<\/p>\n\n\n\n<p><strong>\u00da\u010dinky a p\u00f4sobenie zlo\u017eiek<\/strong><br>Pom\u00e1haj\u00fa odv\u00e1dza\u0165 prebyto\u010dn\u00fa vodu z organizmu, podporuj\u00fa organizmus pri tzv. vodnom type priberania sp\u00f4sobenom hormon\u00e1lnou nerovnov\u00e1hou, napom\u00e1haj\u00fa v boji proti celulit\u00edde, podporuj\u00fa pre\u010distenie obli\u010diek a zdravie mo\u010dov\u00fdch ciest. M\u00f4\u017eu sa pou\u017e\u00edva\u0165 aj ako podpora pri probl\u00e9moch ako s\u00fa obli\u010dkov\u00e9 kamene, \u017el\u010dov\u00e9 kamene alebo piesok v obli\u010dk\u00e1ch. Prispievaj\u00fa k zn\u00ed\u017eeniu hladiny kyseliny mo\u010dovej (d\u00f4le\u017eit\u00e9 pri dne), zmier\u0148uj\u00fa pr\u00edznaky PMS a podporuj\u00fa metabolizmus a vylu\u010dovanie toxick\u00fdch l\u00e1tok. S\u00fa vhodn\u00e9 aj pre \u0161portovcov a osoby pri reduk\u010dn\u00fdch di\u00e9tach.<\/p>\n\n\n\n<p><strong>Pre koho je produkt vhodn\u00fd<\/strong><br>Produkt odpor\u00fa\u010dame predov\u0161etk\u00fdm na podporu norm\u00e1lneho vylu\u010dovania mo\u010du, pre \u017eeny aj mu\u017eov, pre t\u00fdch, ktor\u00ed h\u013eadaj\u00fa pr\u00edrodn\u00fd komplex bez stimulantov, ako aj pre v\u0161etk\u00fdch, ktor\u00ed chc\u00fa podpori\u0165 funkciu obli\u010diek, mo\u010dov\u00fdch ciest a detoxik\u00e1ciu organizmu.<\/p>\n\n\n\n<p><strong>Rovnov\u00e1ha tekut\u00edn a elektrolytov<\/strong><br>Vodn\u00e1 a elektrolytov\u00e1 rovnov\u00e1ha je riaden\u00e1 komplexn\u00fdmi hormon\u00e1lnymi a nervov\u00fdmi mechanizmami, pri\u010dom obli\u010dky zohr\u00e1vaj\u00fa k\u013e\u00fa\u010dov\u00fa \u00falohu. Voda tvor\u00ed pribli\u017ene&nbsp;<strong>60 % telesnej hmotnosti u mu\u017eov a 50\u201355 % u \u017eien<\/strong>.<\/p>\n\n\n\n<p><strong>Odpor\u00fa\u010dan\u00e9 zmeny \u017eivotn\u00e9ho \u0161t\u00fdlu<\/strong><br>D\u00f4le\u017eit\u00e9 je zabezpe\u010di\u0165 dostato\u010dn\u00fd pr\u00edjem tekut\u00edn. Pod\u013ea odpor\u00fa\u010dan\u00ed EFSA by mali mu\u017ei denne prija\u0165 pribli\u017ene&nbsp;<strong>2,5 litra vody<\/strong>&nbsp;a \u017eeny pribli\u017ene&nbsp;<strong>2 litre<\/strong>&nbsp;(vr\u00e1tane n\u00e1pojov a vody z potrav\u00edn). Odpor\u00fa\u010da sa tie\u017e zn\u00ed\u017ei\u0165 pr\u00edjem sod\u00edka a soli na menej ako&nbsp;<strong>2 g sod\u00edka alebo 5 g soli denne<\/strong>.<\/p>\n\n\n\n<p><strong>\u00da\u010dinky jednotliv\u00fdch akt\u00edvnych l\u00e1tok<\/strong><br>Zlatoby\u013e prispieva k zdraviu mo\u010dov\u00fdch ciest a norm\u00e1lnemu vylu\u010dovaniu mo\u010du. P\u00fapava podporuje tr\u00e1venie a pom\u00e1ha udr\u017eiava\u0165 zdrav\u00fa funkciu mo\u010dov\u00fdch ciest. P\u00fdr podporuje vylu\u010dovanie mo\u010du a spr\u00e1vnu funkciu obli\u010diek. Breza prispieva k tr\u00e1veniu a pom\u00e1ha odstra\u0148ova\u0165 nadbyto\u010dn\u00e9 l\u00e1tky z organizmu. Magn\u00e9zium prispieva k udr\u017eaniu elektrolytickej rovnov\u00e1hy a chlorid podporuje tr\u00e1venie prostredn\u00edctvom tvorby \u017eal\u00fado\u010dnej kyseliny.<\/p>\n\n\n\n<p><strong>Compozi\u021bie<\/strong><br>Plnidlo (sorbitol), chlorid draseln\u00fd, extrakt z chlp\u00e1\u010dika pilosella (4:1), mikroenkapsulovan\u00fd oxid hore\u010dnat\u00fd, extrakt zo zlatobyle (4:1), extrakt z listu j\u00e1vskeho \u010daju (6:1), protihrudkuj\u00face l\u00e1tky (stearan hore\u010dnat\u00fd, oxid kremi\u010dit\u00fd), extrakt z podzemku p\u00fdru (4:1), extrakt z prasli\u010dky (20:1), pufrovan\u00fd magn\u00e9zium-bisglycin\u00e1t, extrakt z listu brezy (20:1), extrakt z kore\u0148a p\u00fapavy (20:1).<\/p>\n\n\n\n<p><strong>D\u00e1vkovanie<\/strong><br>Odpor\u00fa\u010dan\u00e1 denn\u00e1 d\u00e1vka s\u00fa&nbsp;<strong>2 tablety denne<\/strong>, najlep\u0161ie r\u00e1no po\u010das jedla, zapit\u00e9 dostato\u010dn\u00fdm mno\u017estvom vody. Tablety je mo\u017en\u00e9 rozdeli\u0165 na polovicu.<\/p>\n\n\n\n<p><strong>\u00da\u010dinn\u00e9 l\u00e1tky v dennej d\u00e1vke (2 tablety)<\/strong><br>Extrakt z brezy 15 mg, extrakt z chlp\u00e1\u010dika pilosella 500 mg (z toho vitex\u00edn 5 mg), extrakt z j\u00e1vskeho \u010daju 200 mg (z toho sinenset\u00edn 0,4 mg), extrakt zo zlatobyle 200 mg, extrakt z p\u00fdru 100 mg, extrakt z prasli\u010dky 100 mg (z toho krem\u00edk 7 mg), extrakt z p\u00fapavy 4 mg, drasl\u00edk 300 mg (15 % NRV), chlorid 272 mg (34 % NRV), magn\u00e9zium 112,5 mg (30 % NRV).<\/p>\n\n\n\n<p><strong>Balenie<\/strong><br>60 tabliet<\/p>\n\n\n\n<p><strong>Depozitare<\/strong><br>Uchov\u00e1vajte na suchom mieste pri izbovej teplote (15\u201325 \u00b0C), chr\u00e1nen\u00e9 pred slne\u010dn\u00fdm \u017eiaren\u00edm a mimo dosahu det\u00ed.<\/p>\n\n\n\n<p><strong>Aviz<\/strong><br>V\u00fd\u017eivov\u00fd doplnok nenahr\u00e1dza pestr\u00fa a vyv\u00e1\u017een\u00fa stravu ani zdrav\u00fd \u017eivotn\u00fd \u0161t\u00fdl. Neprekra\u010dujte odpor\u00fa\u010dan\u00fa denn\u00fa d\u00e1vku. Po\u010das u\u017e\u00edvania dbajte na dostato\u010dn\u00fd pr\u00edjem tekut\u00edn. Produkt je ur\u010den\u00fd pre osoby od 18 rokov. Nie je vhodn\u00fd pri u\u017e\u00edvan\u00ed liekov na riedenie krvi, pri cukrovke, po\u010das tehotenstva a doj\u010denia.<\/p>\n\n\n\n<p><\/p>","protected":false},"excerpt":{"rendered":"<p>Natur Tanya\u00ae DIUR EXTRA \u2013 rastlinn\u00fd komplex na podporu mo\u010dov\u00fdch ciest a vylu\u010dovania&#8230; <a href=\"#tab-description\" class=\"more-link\">Cite\u0219te mai mult<\/a><\/p>","protected":false},"featured_media":11072,"comment_status":"open","ping_status":"closed","template":"","meta":{"inline_featured_image":false},"product_brand":[306],"product_cat":[69],"product_tag":[],"class_list":{"0":"post-11070","1":"product","2":"type-product","3":"status-publish","4":"has-post-thumbnail","6":"product_brand-natur-tanya","7":"product_cat-vyzivove-doplnky","9":"first","10":"instock","11":"taxable","12":"shipping-taxable","13":"purchasable","14":"product-type-simple"},"aioseo_notices":[],"_links":{"self":[{"href":"https:\/\/www.biokari.sk\/ro\/wp-json\/wp\/v2\/product\/11070","targetHints":{"allow":["GET"]}}],"collection":[{"href":"https:\/\/www.biokari.sk\/ro\/wp-json\/wp\/v2\/product"}],"about":[{"href":"https:\/\/www.biokari.sk\/ro\/wp-json\/wp\/v2\/types\/product"}],"replies":[{"embeddable":true,"href":"https:\/\/www.biokari.sk\/ro\/wp-json\/wp\/v2\/comments?post=11070"}],"wp:featuredmedia":[{"embeddable":true,"href":"https:\/\/www.biokari.sk\/ro\/wp-json\/wp\/v2\/media\/11072"}],"wp:attachment":[{"href":"https:\/\/www.biokari.sk\/ro\/wp-json\/wp\/v2\/media?parent=11070"}],"wp:term":[{"taxonomy":"product_brand","embeddable":true,"href":"https:\/\/www.biokari.sk\/ro\/wp-json\/wp\/v2\/product_brand?post=11070"},{"taxonomy":"product_cat","embeddable":true,"href":"https:\/\/www.biokari.sk\/ro\/wp-json\/wp\/v2\/product_cat?post=11070"},{"taxonomy":"product_tag","embeddable":true,"href":"https:\/\/www.biokari.sk\/ro\/wp-json\/wp\/v2\/product_tag?post=11070"}],"curies":[{"name":"wp","href":"https:\/\/api.w.org\/{rel}","templated":true}]}}