{"id":11074,"date":"2026-03-21T21:43:16","date_gmt":"2026-03-21T20:43:16","guid":{"rendered":"https:\/\/www.biokari.sk\/produkt\/organiqa-bio-moringa-prasok-125g\/"},"modified":"2026-03-25T18:01:50","modified_gmt":"2026-03-25T17:01:50","slug":"organiqa-bio-moringa-prasok-125g","status":"publish","type":"product","link":"https:\/\/www.biokari.sk\/ro\/produs\/organiqa-bio-moringa-prasok-125g\/","title":{"rendered":"Organiqa Bio Moringa pr\u00e1\u0161ok 125g"},"content":{"rendered":"<p>Listy moringy sa u\u017e od prad\u00e1vna pou\u017e\u00edvaj\u00fa ako&nbsp;<strong>pr\u00edrodn\u00e9 tonikum na posilnenie organizmu a prevenciu ochoren\u00ed<\/strong>. Miestni ju \u010dasto naz\u00fdvaj\u00fa aj&nbsp;<strong>\u201estrom \u017eivota\u201c<\/strong>. Su\u0161en\u00e9 a na pr\u00e1\u0161ok pomlet\u00e9 listy moringy s\u00fa mimoriadne bohat\u00e9 na&nbsp;<strong>vitam\u00edn C a vitam\u00edn E<\/strong>, obsahuj\u00fa mno\u017estvo antioxidantov, protiz\u00e1palov\u00fdch l\u00e1tok, ako aj&nbsp;<strong>v\u00e1pnik a drasl\u00edk<\/strong>.<\/p>\n\n\n\n<p><strong>Antioxidanty<\/strong>&nbsp;maj\u00fa ochrann\u00fd \u00fa\u010dinok na bunky a pom\u00e1haj\u00fa spoma\u013eova\u0165 procesy starnutia. Prispievaj\u00fa k prevencii r\u00f4znych ochoren\u00ed a podporuj\u00fa imunitn\u00fd syst\u00e9m. Moringa m\u00e1 z\u00e1rove\u0148&nbsp;<strong>efecte antiinflamatorii<\/strong>, ktor\u00e9 m\u00f4\u017eu priaznivo p\u00f4sobi\u0165 na zdravie srdca. Listy obsahuj\u00fa pribli\u017ene&nbsp;<strong>30 % vl\u00e1kniny<\/strong>, ktor\u00e1 podporuje tr\u00e1venie, pom\u00e1ha \u010disti\u0165 \u010drev\u00e1 a vy\u017eivuje prospe\u0161n\u00e9 \u010drevn\u00e9 bakt\u00e9rie.<\/p>\n\n\n\n<p>Moringa je tie\u017e v\u00fdborn\u00fdm&nbsp;<strong>zdrojom rastlinn\u00fdch bielkov\u00edn<\/strong>, ke\u010f\u017ee pribli\u017ene tretinu jej zlo\u017eenia tvoria bielkoviny. Obsahuje&nbsp;<strong>19 aminokysel\u00edn<\/strong>, vr\u00e1tane viacer\u00fdch esenci\u00e1lnych, \u010d\u00edm podporuje spr\u00e1vne fungovanie svalov a dod\u00e1va energiu. Je ide\u00e1lnou vo\u013ebou pre&nbsp;<strong>vegetari\u00e1nov a veg\u00e1nov<\/strong>&nbsp;ako alternat\u00edva k \u017eivo\u010d\u00ed\u0161nym bielkovin\u00e1m.<\/p>\n\n\n\n<p><strong>Kedy odpor\u00fa\u010dame Organiqa Moringa pr\u00e1\u0161ok?<\/strong><br>Na podporu imunity, spomalenie procesov starnutia, podporu tr\u00e1venia, po\u010das rekonvalescencie a v obdob\u00ed zv\u00fd\u0161en\u00e9ho stresu.<\/p>\n\n\n\n<p><strong>Priemern\u00e9 v\u00fd\u017eivov\u00e9 hodnoty v 100 g<\/strong><br>Energia:&nbsp;<strong>1235 kJ \/ 295 kcal<\/strong>, bielkoviny:&nbsp;<strong>29,9 g<\/strong>, sacharidy:&nbsp;<strong>13,3 g<\/strong>, z toho cukry:&nbsp;<strong>1,8 g<\/strong>, tuky:&nbsp;<strong>6,7 g<\/strong>, z toho nas\u00fdten\u00e9 mastn\u00e9 kyseliny:&nbsp;<strong>1,5 g<\/strong>, so\u013e:&nbsp;<strong>0,4 g<\/strong>.<\/p>\n\n\n\n<p><strong>Compozi\u021bie<\/strong><br><strong>100 % bio moringa pr\u00e1\u0161ok.<\/strong><\/p>\n\n\n\n<p><strong>Odpor\u00fa\u010dan\u00e9 pou\u017eitie<\/strong>: <br>Odpor\u00fa\u010dan\u00e1 denn\u00e1 d\u00e1vka je\u00a0<strong>\u00bd a\u017e 1 \u010dajov\u00e1 ly\u017ei\u010dka<\/strong>, ktor\u00fa zamie\u0161ajte do smoothie alebo \u010daju a vypite. Ke\u010f\u017ee moringa m\u00f4\u017ee u niektor\u00fdch \u013eud\u00ed sp\u00f4sobi\u0165 mierne tr\u00e1viace \u0165a\u017ekosti, odpor\u00fa\u010da sa za\u010da\u0165 men\u0161\u00edm mno\u017estvom a postupne zvy\u0161ova\u0165 d\u00e1vku a\u017e na\u00a0<strong>2\u20133 \u010dajov\u00e9 ly\u017ei\u010dky denne<\/strong>.<\/p>","protected":false},"excerpt":{"rendered":"<p>Listy moringy sa u\u017e od prad\u00e1vna pou\u017e\u00edvaj\u00fa ako\u00a0pr\u00edrodn\u00e9 tonikum na posilnenie organizmu a prevenciu ochoren\u00ed&#8230;. <a href=\"#tab-description\" class=\"more-link\">Cite\u0219te mai mult<\/a><\/p>","protected":false},"featured_media":11076,"comment_status":"open","ping_status":"closed","template":"","meta":{"inline_featured_image":false},"product_brand":[],"product_cat":[148,150,149,156,151,19],"product_tag":[309,312],"class_list":{"0":"post-11074","1":"product","2":"type-product","3":"status-publish","4":"has-post-thumbnail","6":"product_cat-liecive-rastliny","7":"product_cat-chudnutie-liecive-rastliny","8":"product_cat-liecive-rastliny-posilnenie-imunity","9":"product_cat-pre-diabetikov-liecive-rastliny","10":"product_cat-srdcovo-cievny-system-liecive-rastliny","11":"product_cat-ostatne","12":"product_tag-novinky","13":"product_tag-top-potraviny","15":"first","16":"instock","17":"taxable","18":"shipping-taxable","19":"purchasable","20":"product-type-simple"},"aioseo_notices":[],"_links":{"self":[{"href":"https:\/\/www.biokari.sk\/ro\/wp-json\/wp\/v2\/product\/11074","targetHints":{"allow":["GET"]}}],"collection":[{"href":"https:\/\/www.biokari.sk\/ro\/wp-json\/wp\/v2\/product"}],"about":[{"href":"https:\/\/www.biokari.sk\/ro\/wp-json\/wp\/v2\/types\/product"}],"replies":[{"embeddable":true,"href":"https:\/\/www.biokari.sk\/ro\/wp-json\/wp\/v2\/comments?post=11074"}],"wp:featuredmedia":[{"embeddable":true,"href":"https:\/\/www.biokari.sk\/ro\/wp-json\/wp\/v2\/media\/11076"}],"wp:attachment":[{"href":"https:\/\/www.biokari.sk\/ro\/wp-json\/wp\/v2\/media?parent=11074"}],"wp:term":[{"taxonomy":"product_brand","embeddable":true,"href":"https:\/\/www.biokari.sk\/ro\/wp-json\/wp\/v2\/product_brand?post=11074"},{"taxonomy":"product_cat","embeddable":true,"href":"https:\/\/www.biokari.sk\/ro\/wp-json\/wp\/v2\/product_cat?post=11074"},{"taxonomy":"product_tag","embeddable":true,"href":"https:\/\/www.biokari.sk\/ro\/wp-json\/wp\/v2\/product_tag?post=11074"}],"curies":[{"name":"wp","href":"https:\/\/api.w.org\/{rel}","templated":true}]}}