{"id":11179,"date":"2026-03-25T22:43:26","date_gmt":"2026-03-25T21:43:26","guid":{"rendered":"https:\/\/www.biokari.sk\/produkt\/soba-tea-pohankovy-caj-s-jahodami-100g\/"},"modified":"2026-04-28T19:01:56","modified_gmt":"2026-04-28T17:01:56","slug":"soba-tea-pohankovy-caj-s-jahodami-100g","status":"publish","type":"product","link":"https:\/\/www.biokari.sk\/ro\/produs\/soba-tea-pohankovy-caj-s-jahodami-100g\/","title":{"rendered":"Soba tea Pohankov\u00fd \u010daj s jahodami 100g"},"content":{"rendered":"<p>Zdrav\u00fd a chutn\u00fd&nbsp;<strong>Soba \u010daj<\/strong>&nbsp;sa stane va\u0161\u00edm nov\u00fdm ob\u013e\u00faben\u00fdm n\u00e1pojom! Tento v \u00c1zii ve\u013emi ob\u013e\u00faben\u00fd n\u00e1poj je vyroben\u00fd zo 100 % pr\u00edrodnej tat\u00e1rskej poh\u00e1nky. Poh\u00e1nka m\u00e1 mno\u017estvo priazniv\u00fdch \u00fa\u010dinkov na organizmus \u2013 podporuje tr\u00e1venie, napom\u00e1ha vylu\u010dovaniu prebyto\u010dn\u00fdch tekut\u00edn a tox\u00ednov z tela, prispieva k zlep\u0161eniu pam\u00e4ti a posil\u0148uje imunitn\u00fd syst\u00e9m. Medzi jej najd\u00f4le\u017eitej\u0161ie zlo\u017eky patria vitam\u00edny A, B1, B2, B3, C a E, ako aj hor\u010d\u00edk a \u017eelezo.<\/p>\n\n\n\n<p>Jahody, bohat\u00e9 na vitam\u00edny, vl\u00e1kninu a antioxidanty, patria medzi najzdrav\u0161ie a najchutnej\u0161ie ovocie, ktor\u00e9 m\u00e1 r\u00e1d takmer ka\u017ed\u00fd. N\u00e1\u0161 jedine\u010dne pra\u017een\u00fd soba \u010daj v kombin\u00e1cii s klasickou chu\u0165ou jah\u00f4d vytv\u00e1ra pr\u00edjemne aromatick\u00fd a osvie\u017euj\u00faci n\u00e1poj. Jeho konzum\u00e1cia m\u00f4\u017ee pom\u00f4c\u0165 potla\u010di\u0165 pocit hladu a zlep\u0161i\u0165 celkov\u00fa pohodu.<\/p>\n\n\n\n<p>Soba \u010daj s jahodou od 24 Tea je&nbsp;<strong>100 % pr\u00edrodn\u00fd, bez cukru, bez kofe\u00ednu, bez lepku, veg\u00e1nsky<\/strong>&nbsp;a m\u00f4\u017ee prispie\u0165 k prirodzen\u00fdm detoxika\u010dn\u00fdm procesom organizmu.<\/p>\n\n\n\n<p><strong>Ako pripravi\u0165 soba \u010daj?<\/strong>&nbsp;Na pr\u00edpravu 1 \u0161\u00e1lky zalejte 1 ly\u017eicu \u010daju 200 ml vriacej vody a nechajte l\u00fahova\u0165 3\u20135 min\u00fat. Ka\u017ed\u00fa d\u00e1vku je mo\u017en\u00e9 zalia\u0165 viackr\u00e1t, tak\u017ee z jedn\u00e9ho balenia priprav\u00edte pribli\u017ene 50\u201360 \u0161\u00e1lok \u010daju. Tento bezkofe\u00ednov\u00fd n\u00e1poj si m\u00f4\u017eete vychutna\u0165 tepl\u00fd aj studen\u00fd po\u010das cel\u00e9ho d\u0148a.<\/p>\n\n\n\n<p><strong>Compozi\u021bie:<\/strong>&nbsp;tat\u00e1rska poh\u00e1nka, jahoda, ar\u00f3ma.<\/p>\n\n\n\n<p><strong>\u010eal\u0161ie inform\u00e1cie:<\/strong>&nbsp;Minim\u00e1lna trvanlivos\u0165 do d\u00e1tumu uveden\u00e9ho na obale. Uchov\u00e1vajte na suchom, chladnom mieste, chr\u00e1nen\u00e9 pred svetlom.<\/p>\n\n\n\n<p>\u00dadaje na na\u0161ej str\u00e1nke pravidelne aktualizujeme, av\u0161ak napriek snahe o ich presnos\u0165 maj\u00fa inform\u00e1cie uveden\u00e9 v e-shope (vr\u00e1tane fotografi\u00ed, nutri\u010dn\u00fdch hodn\u00f4t, zlo\u017eenia a alerg\u00e9nov) len informat\u00edvny charakter. Skuto\u010dn\u00e9 hodnoty sa m\u00f4\u017eu l\u00ed\u0161i\u0165 v d\u00f4sledku prirodzenej variability potrav\u00edn. Aktu\u00e1lne a presn\u00e9 inform\u00e1cie n\u00e1jdete v\u017edy na obale produktu.<\/p>","protected":false},"excerpt":{"rendered":"<p>Zdrav\u00fd a chutn\u00fd\u00a0Soba \u010daj\u00a0sa stane va\u0161\u00edm nov\u00fdm ob\u013e\u00faben\u00fdm n\u00e1pojom&#8230; <a href=\"#tab-description\" class=\"more-link\">Cite\u0219te mai mult<\/a><\/p>","protected":false},"featured_media":11181,"comment_status":"open","ping_status":"closed","template":"","meta":{"inline_featured_image":false},"product_brand":[],"product_cat":[148,150,154,149,151,152,71],"product_tag":[309,310],"class_list":{"0":"post-11179","1":"product","2":"type-product","3":"status-publish","4":"has-post-thumbnail","6":"product_cat-liecive-rastliny","7":"product_cat-chudnutie-liecive-rastliny","8":"product_cat-krasa-liecive-rastliny","9":"product_cat-liecive-rastliny-posilnenie-imunity","10":"product_cat-srdcovo-cievny-system-liecive-rastliny","11":"product_cat-zaludok-a-crevna-cinnost-liecive-rastliny","12":"product_cat-potraviny","13":"product_tag-novinky","14":"product_tag-top-liecive-rastliny","16":"first","17":"instock","18":"taxable","19":"shipping-taxable","20":"purchasable","21":"product-type-simple"},"aioseo_notices":[],"_links":{"self":[{"href":"https:\/\/www.biokari.sk\/ro\/wp-json\/wp\/v2\/product\/11179","targetHints":{"allow":["GET"]}}],"collection":[{"href":"https:\/\/www.biokari.sk\/ro\/wp-json\/wp\/v2\/product"}],"about":[{"href":"https:\/\/www.biokari.sk\/ro\/wp-json\/wp\/v2\/types\/product"}],"replies":[{"embeddable":true,"href":"https:\/\/www.biokari.sk\/ro\/wp-json\/wp\/v2\/comments?post=11179"}],"wp:featuredmedia":[{"embeddable":true,"href":"https:\/\/www.biokari.sk\/ro\/wp-json\/wp\/v2\/media\/11181"}],"wp:attachment":[{"href":"https:\/\/www.biokari.sk\/ro\/wp-json\/wp\/v2\/media?parent=11179"}],"wp:term":[{"taxonomy":"product_brand","embeddable":true,"href":"https:\/\/www.biokari.sk\/ro\/wp-json\/wp\/v2\/product_brand?post=11179"},{"taxonomy":"product_cat","embeddable":true,"href":"https:\/\/www.biokari.sk\/ro\/wp-json\/wp\/v2\/product_cat?post=11179"},{"taxonomy":"product_tag","embeddable":true,"href":"https:\/\/www.biokari.sk\/ro\/wp-json\/wp\/v2\/product_tag?post=11179"}],"curies":[{"name":"wp","href":"https:\/\/api.w.org\/{rel}","templated":true}]}}