{"id":11182,"date":"2026-03-26T07:17:25","date_gmt":"2026-03-26T06:17:25","guid":{"rendered":"https:\/\/www.biokari.sk\/produkt\/herbaria-herba-drops-cukriky-mata-prieporna-a-jablcnik-8ks\/"},"modified":"2026-04-29T19:03:12","modified_gmt":"2026-04-29T17:03:12","slug":"herbaria-herba-drops-cukriky-mata-prieporna-a-jablcnik-8ks","status":"publish","type":"product","link":"https:\/\/www.biokari.sk\/ro\/produs\/herbaria-herba-drops-cukriky-mata-prieporna-a-jablcnik-8ks\/","title":{"rendered":"Herb\u00e1ria Herba drops cukr\u00edky &#8211; M\u00e4ta prieporn\u00e1 a jabl\u010dn\u00edk 8ks"},"content":{"rendered":"<hr class=\"wp-block-separator has-alpha-channel-opacity\"\/>\n\n\n\n<p><strong>HerbaDrops \u2013 m\u00e4ta pieporn\u00e1 a jable\u010dn\u00edk, tvrd\u00e9 cukr\u00edky bez n\u00e1plne, bez cukru, s pr\u00edchu\u0165ou m\u00e4ty, so sladidlami a vitam\u00ednom C.<\/strong><\/p>\n\n\n\n<p>Tvrd\u00e9 cukr\u00edky obsahuj\u00face prav\u00fd extrakt z m\u00e4ty piepornej a jable\u010dn\u00edka, s osvie\u017euj\u00facou m\u00e4tovou pr\u00edchu\u0165ou a pridan\u00fdm vitam\u00ednom C. Neobsahuj\u00fa cukor, s\u00fa sladen\u00e9 sladidlami.<\/p>\n\n\n\n<p><strong>Balenie:<\/strong>&nbsp;8 ks \/ balenie<\/p>\n\n\n\n<p><strong>V\u00fd\u017eivov\u00e9 \u00fadaje:<\/strong>&nbsp;energia 957 kJ \/ 230 kcal, tuky 0 g, z toho nas\u00fdten\u00e9 mastn\u00e9 kyseliny 0 g, sacharidy 95 g, z toho cukry 0 g, z toho polyoly 95 g, bielkoviny 0 g, so\u013e 0 g.<\/p>\n\n\n\n<p><strong>Compozi\u021bie:<\/strong>&nbsp;sladidl\u00e1: izomalt, maltitol, vitam\u00edn C (kyselina L-askorbov\u00e1), ar\u00f3ma m\u00e4ty piepornej (1,6 %), mentolov\u00e9 kry\u0161t\u00e1ly (1 %), sladidlo: steviol-glykozidy (0,018 %), rastlinn\u00e9 extrakty: extrakt z m\u00e4ty piepornej (0,018 %), extrakt z jable\u010dn\u00edka (0,018 %).<\/p>\n\n\n\n<p><strong>Avertisment:<\/strong>&nbsp;Nadmern\u00e1 konzum\u00e1cia m\u00f4\u017ee ma\u0165 laxat\u00edvne \u00fa\u010dinky.<\/p>\n\n\n\n<p><strong>Depozitare:<\/strong>&nbsp;Uchov\u00e1vajte na suchom a chladnom mieste.<\/p>\n\n\n\n<p><strong>Cerere:<\/strong>&nbsp;Konzumujte priamo ako cukr\u00edky.<\/p>","protected":false},"excerpt":{"rendered":"<p>HerbaDrops \u2013 m\u00e4ta pieporn\u00e1 a jable\u010dn\u00edk, tvrd\u00e9 cukr\u00edky bez n\u00e1plne, bez cukru, s pr\u00edchu\u0165ou m\u00e4ty, so sladidlami a vitam\u00ednom &#8230; <a href=\"#tab-description\" class=\"more-link\">Cite\u0219te mai mult<\/a><\/p>","protected":false},"featured_media":11184,"comment_status":"open","ping_status":"closed","template":"","meta":{"inline_featured_image":false},"product_brand":[342],"product_cat":[69,144,174,178,19],"product_tag":[],"class_list":{"0":"post-11182","1":"product","2":"type-product","3":"status-publish","4":"has-post-thumbnail","6":"product_brand-herbaria","7":"product_cat-vyzivove-doplnky","8":"product_cat-dychacie-cesty","9":"product_cat-maskrty","10":"product_cat-sladke-maskrty","11":"product_cat-ostatne","13":"first","14":"onbackorder","15":"taxable","16":"shipping-taxable","17":"purchasable","18":"product-type-simple"},"aioseo_notices":[],"_links":{"self":[{"href":"https:\/\/www.biokari.sk\/ro\/wp-json\/wp\/v2\/product\/11182","targetHints":{"allow":["GET"]}}],"collection":[{"href":"https:\/\/www.biokari.sk\/ro\/wp-json\/wp\/v2\/product"}],"about":[{"href":"https:\/\/www.biokari.sk\/ro\/wp-json\/wp\/v2\/types\/product"}],"replies":[{"embeddable":true,"href":"https:\/\/www.biokari.sk\/ro\/wp-json\/wp\/v2\/comments?post=11182"}],"wp:featuredmedia":[{"embeddable":true,"href":"https:\/\/www.biokari.sk\/ro\/wp-json\/wp\/v2\/media\/11184"}],"wp:attachment":[{"href":"https:\/\/www.biokari.sk\/ro\/wp-json\/wp\/v2\/media?parent=11182"}],"wp:term":[{"taxonomy":"product_brand","embeddable":true,"href":"https:\/\/www.biokari.sk\/ro\/wp-json\/wp\/v2\/product_brand?post=11182"},{"taxonomy":"product_cat","embeddable":true,"href":"https:\/\/www.biokari.sk\/ro\/wp-json\/wp\/v2\/product_cat?post=11182"},{"taxonomy":"product_tag","embeddable":true,"href":"https:\/\/www.biokari.sk\/ro\/wp-json\/wp\/v2\/product_tag?post=11182"}],"curies":[{"name":"wp","href":"https:\/\/api.w.org\/{rel}","templated":true}]}}