{"id":11189,"date":"2026-03-26T22:32:23","date_gmt":"2026-03-26T21:32:23","guid":{"rendered":"https:\/\/www.biokari.sk\/produkt\/herbaria-mandlova-ustna-voda-250ml\/"},"modified":"2026-03-26T22:39:05","modified_gmt":"2026-03-26T21:39:05","slug":"herbaria-mandlova-ustna-voda-250ml","status":"publish","type":"product","link":"https:\/\/www.biokari.sk\/ro\/produs\/herbaria-mandlova-ustna-voda-250ml\/","title":{"rendered":"Herb\u00e1ria Mandlov\u00e1 ustn\u00e1 voda 250ml"},"content":{"rendered":"<p><strong>Csersz\u00f6m\u00f6rc\u00e9s \u00fastna voda s mand\u013eovou pr\u00edchu\u0165ou<\/strong>&nbsp;obsahuje extrakt zo \u0161kumpy vlasatej a tymianu. \u00da\u010dinn\u00e9 l\u00e1tky t\u00fdchto byl\u00edn pom\u00e1haj\u00fa zni\u017eova\u0165 z\u00e1pal \u010fasien a zmier\u0148ova\u0165 krv\u00e1canie. Vyplachovanie \u00fast touto \u00fastnou vodou vhodne dop\u013a\u0148a ka\u017edodenn\u00e9 \u010distenie zubov a \u00fastnu hygienu. Po pou\u017eit\u00ed zanech\u00e1va pr\u00edjemne svie\u017ei dych, ktor\u00fd pretrv\u00e1va dlh\u00fd \u010das. Jej prirodzene trpk\u00fd a s\u0165ahuj\u00faci \u00fa\u010dinok je dan\u00fd obsahom rastlinn\u00fdch extraktov. \u00da\u010dinky bylinn\u00fdch v\u00fd\u0165a\u017ekov boli potvrden\u00e9 klinick\u00fdmi \u0161t\u00fadiami.<\/p>\n\n\n\n<p>\u0160kumpa vlasat\u00e1 obsahuje triesloviny, ktor\u00e9 maj\u00fa v\u00fdrazn\u00fd s\u0165ahuj\u00faci a krv\u00e1canie tlmiaci \u00fa\u010dinok, zatia\u013e \u010do silica z tymianu p\u00f4sob\u00ed ako \u00fa\u010dinn\u00e1 dezinfek\u010dn\u00e1 zlo\u017eka. Pr\u00edpravok pom\u00e1ha&nbsp;<strong>posil\u0148ova\u0165 \u010fasn\u00e1<\/strong>,&nbsp;<strong>upokojova\u0165 krv\u00e1canie<\/strong>,&nbsp;<strong>zmier\u0148ova\u0165 z\u00e1pal \u010fasien<\/strong>,&nbsp;<strong>pom\u00e1ha predch\u00e1dza\u0165 uvo\u013e\u0148ovaniu zubov<\/strong>,&nbsp;<strong>dezinfikuje<\/strong>&nbsp;a z\u00e1rove\u0148&nbsp;<strong>zabezpe\u010duje svie\u017ei dych<\/strong>. Pre e\u0161te svie\u017eej\u0161\u00ed pocit obsahuje \u00fastna voda okrem listu \u0161kumpy vlasatej a tymianu aj citr\u00f3nov\u00fa ar\u00f3mu.<\/p>\n\n\n\n<p><strong>Cerere:<\/strong>&nbsp;Aplikujte&nbsp;<strong>1\u20132-kr\u00e1t denne<\/strong>. Jednu k\u00e1vov\u00fa ly\u017ei\u010dku \u00fastnej vody je potrebn\u00e9 zriedi\u0165 v&nbsp;<strong>1 dl vody<\/strong>. Po\u010das vyplachovania treba roztok podr\u017ea\u0165 v \u00fastnej dutine&nbsp;<strong>5\u201310 sek\u00fand<\/strong>, potom vyp\u013eu\u0165.&nbsp;<strong>Nepreh\u013ata\u0165!<\/strong>&nbsp;<strong>Nepou\u017e\u00edva\u0165 nerieden\u00e9!<\/strong><\/p>\n\n\n\n<p><strong>Compozi\u021bie:<\/strong>&nbsp;<em>Cotinus Coggygria, Thymus Vulgaris, Alcohol, Aroma, Aqua.<\/em><\/p>\n\n\n\n<p><strong>Volum:<\/strong>&nbsp;<strong>250 ml<\/strong><\/p>\n\n\n\n<p><\/p>","protected":false},"excerpt":{"rendered":"<p>Csersz\u00f6m\u00f6rc\u00e9s \u00fastna voda s mand\u013eovou pr\u00edchu\u0165ou obsahuje extrakt zo \u0161kumpy vlasatej a tymianu. \u00da\u010dinn\u00e9 l\u00e1tky t\u00fdchto byl\u00edn pom\u00e1haj\u00fa &#8230; <a href=\"#tab-description\" class=\"more-link\">Cite\u0219te mai mult<\/a><\/p>","protected":false},"featured_media":11191,"comment_status":"open","ping_status":"closed","template":"","meta":{"inline_featured_image":false},"product_brand":[342],"product_cat":[249,19],"product_tag":[309,313],"class_list":{"0":"post-11189","1":"product","2":"type-product","3":"status-publish","4":"has-post-thumbnail","6":"product_brand-herbaria","7":"product_cat-kozmeticke-vyrobky","8":"product_cat-ostatne","9":"product_tag-novinky","10":"product_tag-top-ostatne","12":"first","13":"instock","14":"taxable","15":"shipping-taxable","16":"purchasable","17":"product-type-simple"},"aioseo_notices":[],"_links":{"self":[{"href":"https:\/\/www.biokari.sk\/ro\/wp-json\/wp\/v2\/product\/11189","targetHints":{"allow":["GET"]}}],"collection":[{"href":"https:\/\/www.biokari.sk\/ro\/wp-json\/wp\/v2\/product"}],"about":[{"href":"https:\/\/www.biokari.sk\/ro\/wp-json\/wp\/v2\/types\/product"}],"replies":[{"embeddable":true,"href":"https:\/\/www.biokari.sk\/ro\/wp-json\/wp\/v2\/comments?post=11189"}],"wp:featuredmedia":[{"embeddable":true,"href":"https:\/\/www.biokari.sk\/ro\/wp-json\/wp\/v2\/media\/11191"}],"wp:attachment":[{"href":"https:\/\/www.biokari.sk\/ro\/wp-json\/wp\/v2\/media?parent=11189"}],"wp:term":[{"taxonomy":"product_brand","embeddable":true,"href":"https:\/\/www.biokari.sk\/ro\/wp-json\/wp\/v2\/product_brand?post=11189"},{"taxonomy":"product_cat","embeddable":true,"href":"https:\/\/www.biokari.sk\/ro\/wp-json\/wp\/v2\/product_cat?post=11189"},{"taxonomy":"product_tag","embeddable":true,"href":"https:\/\/www.biokari.sk\/ro\/wp-json\/wp\/v2\/product_tag?post=11189"}],"curies":[{"name":"wp","href":"https:\/\/api.w.org\/{rel}","templated":true}]}}