{"id":11192,"date":"2026-03-26T22:39:35","date_gmt":"2026-03-26T21:39:35","guid":{"rendered":"https:\/\/www.biokari.sk\/produkt\/herbaria-rooibos-caj-25ks\/"},"modified":"2026-04-23T19:01:16","modified_gmt":"2026-04-23T17:01:16","slug":"herbaria-rooibos-caj-25ks","status":"publish","type":"product","link":"https:\/\/www.biokari.sk\/ro\/produs\/herbaria-rooibos-caj-25ks\/","title":{"rendered":"Herb\u00e1ria Rooibos \u010daj 25ks"},"content":{"rendered":"<p><strong>\u010caj Rooibos (\u010derven\u00fd \u010daj)<\/strong>&nbsp;je ob\u013e\u00faben\u00fd po celom svete pre svoje priazniv\u00e9 \u00fa\u010dinky na organizmus a jemn\u00fa, prirodzene sladkast\u00fa chu\u0165. Ako n\u00e1poj na ka\u017edodenn\u00e9 vychutn\u00e1vanie sa v\u00fdborne hod\u00ed k modern\u00e9mu \u017eivotn\u00e9mu \u0161t\u00fdlu. Je&nbsp;<strong>bez kofe\u00ednu<\/strong>, prirodzene bohat\u00fd na&nbsp;<strong>miner\u00e1lne l\u00e1tky<\/strong>&nbsp;a v\u010faka svojim&nbsp;<strong>antioxida\u010dn\u00fdm vlastnostiam<\/strong>&nbsp;prispieva k ochrane buniek pred oxida\u010dn\u00fdm stresom, \u010d\u00edm podporuje spomalenie procesov starnutia.<\/p>\n\n\n\n<p><strong>Cerere:<\/strong>&nbsp;Jeden n\u00e1levov\u00fd s\u00e1\u010dok zalejte&nbsp;<strong>5 dl vriacej vody<\/strong>, prikryte a nechajte l\u00fahova\u0165 nieko\u013eko min\u00fat. Konzumujte pod\u013ea chuti, m\u00f4\u017eete dochuti\u0165.<\/p>\n\n\n\n<p><strong>Compozi\u021bie:<\/strong>&nbsp;<em>Rooibos \u2013 \u010derven\u00fd \u010daj (Aspalathus linearis herba).<\/em><\/p>\n\n\n\n<p><strong>Balenie:<\/strong>&nbsp;<strong>25 ks<\/strong><\/p>\n\n\n\n<p><\/p>","protected":false},"excerpt":{"rendered":"<p>\u010caj Rooibos (\u010derven\u00fd \u010daj)\u00a0je ob\u013e\u00faben\u00fd po celom svete pre svoje priazniv\u00e9 \u00fa\u010dinky na organizmus a jemn\u00fa, prirodzene sladkast\u00fa chu\u0165. Ako n\u00e1&#8230; <a href=\"#tab-description\" class=\"more-link\">Cite\u0219te mai mult<\/a><\/p>","protected":false},"featured_media":11193,"comment_status":"open","ping_status":"closed","template":"","meta":{"inline_featured_image":false},"product_brand":[342],"product_cat":[148],"product_tag":[310],"class_list":{"0":"post-11192","1":"product","2":"type-product","3":"status-publish","4":"has-post-thumbnail","6":"product_brand-herbaria","7":"product_cat-liecive-rastliny","8":"product_tag-top-liecive-rastliny","10":"first","11":"onbackorder","12":"taxable","13":"shipping-taxable","14":"purchasable","15":"product-type-simple"},"aioseo_notices":[],"_links":{"self":[{"href":"https:\/\/www.biokari.sk\/ro\/wp-json\/wp\/v2\/product\/11192","targetHints":{"allow":["GET"]}}],"collection":[{"href":"https:\/\/www.biokari.sk\/ro\/wp-json\/wp\/v2\/product"}],"about":[{"href":"https:\/\/www.biokari.sk\/ro\/wp-json\/wp\/v2\/types\/product"}],"replies":[{"embeddable":true,"href":"https:\/\/www.biokari.sk\/ro\/wp-json\/wp\/v2\/comments?post=11192"}],"wp:featuredmedia":[{"embeddable":true,"href":"https:\/\/www.biokari.sk\/ro\/wp-json\/wp\/v2\/media\/11193"}],"wp:attachment":[{"href":"https:\/\/www.biokari.sk\/ro\/wp-json\/wp\/v2\/media?parent=11192"}],"wp:term":[{"taxonomy":"product_brand","embeddable":true,"href":"https:\/\/www.biokari.sk\/ro\/wp-json\/wp\/v2\/product_brand?post=11192"},{"taxonomy":"product_cat","embeddable":true,"href":"https:\/\/www.biokari.sk\/ro\/wp-json\/wp\/v2\/product_cat?post=11192"},{"taxonomy":"product_tag","embeddable":true,"href":"https:\/\/www.biokari.sk\/ro\/wp-json\/wp\/v2\/product_tag?post=11192"}],"curies":[{"name":"wp","href":"https:\/\/api.w.org\/{rel}","templated":true}]}}