{"id":11198,"date":"2026-03-26T22:51:18","date_gmt":"2026-03-26T21:51:18","guid":{"rendered":"https:\/\/www.biokari.sk\/produkt\/beauty-sweeties-vegan-cukriky-v-trave-slnka-125g\/"},"modified":"2026-04-30T19:01:23","modified_gmt":"2026-04-30T17:01:23","slug":"beauty-sweeties-vegan-cukriky-v-trave-slnka-125g","status":"publish","type":"product","link":"https:\/\/www.biokari.sk\/ro\/produs\/beauty-sweeties-vegan-cukriky-v-trave-slnka-125g\/","title":{"rendered":"Beauty sweeties Vegan cukr\u00edky v trave slnka 125g"},"content":{"rendered":"<p><strong>Vitam\u00ednmi obohaten\u00e9 \u017eel\u00e9 cukr\u00edky<\/strong>&nbsp;predstavuj\u00fa chutn\u00fa alternat\u00edvu pre t\u00fdch, ktor\u00ed si chc\u00fa dopria\u0165 sladkos\u0165 bez klasick\u00e9ho cukru. V\u010faka pou\u017eitiu sladidiel maj\u00fa&nbsp;<strong>n\u00edzky obsah cukrov<\/strong>, pri\u010dom si zachov\u00e1vaj\u00fa pr\u00edjemn\u00fa ovocn\u00fa chu\u0165. Obsahuj\u00fa kombin\u00e1ciu pr\u00edrodn\u00fdch koncentr\u00e1tov z ovocia a zeleniny, ktor\u00e9 dod\u00e1vaj\u00fa farbu aj chu\u0165 bez potreby umel\u00fdch farb\u00edv. Obohaten\u00e9 s\u00fa o&nbsp;<strong>koenz\u00fdm Q10, aloe vera a biot\u00edn<\/strong>, \u010d\u00edm dop\u013a\u0148aj\u00fa modern\u00fd \u017eivotn\u00fd \u0161t\u00fdl.<\/p>\n\n\n\n<p>Produkt je vyroben\u00fd bez pou\u017eitia klasick\u00e9ho cukru, pri\u010dom sladkos\u0165 zabezpe\u010duj\u00fa&nbsp;<strong>maltitolov\u00fd sirup a st\u00e9via<\/strong>. V\u010faka tomu s\u00fa vhodnou vo\u013ebou pre \u013eud\u00ed, ktor\u00ed sleduj\u00fa pr\u00edjem cukru.<\/p>\n\n\n\n<p><strong>Compozi\u021bie:<\/strong>&nbsp;sladidlo: maltitolov\u00fd sirup, modifikovan\u00fd \u0161krob, kyselina: kyselina jabl\u010dn\u00e1, hydrolyzovan\u00fd hrachov\u00fd prote\u00edn, pr\u00edrodn\u00e9 ar\u00f3my, koncentr\u00e1t z \u010diernych r\u00edbezl\u00ed, koncentr\u00e1t z \u010diernej mrkvy, extrakt z kurkumy, koncentr\u00e1t zo svetlice farbiarskej, koncentr\u00e1t zo spiruliny, koncentr\u00e1t zo sladk\u00fdch zemiakov, koncentr\u00e1t z \u010dervenej re\u010fkovky, koncentr\u00e1t z jablka, koncentr\u00e1t z \u010derven\u00e9ho hrozna, koncentr\u00e1t z \u010dere\u0161n\u00ed, sladidlo: steviozid, palmov\u00fd olej, le\u0161tiace l\u00e1tky: karnaubsk\u00fd vosk, koenz\u00fdm Q10 (0,015 %), aloe vera (0,015 %), biot\u00edn.<\/p>\n\n\n\n<p><strong>V\u00fd\u017eivov\u00e9 hodnoty v 100 g:<\/strong>&nbsp;energia&nbsp;<strong>942 kJ \/ 225 kcal<\/strong>, tuky&nbsp;<strong>0,1 g<\/strong>, z toho nas\u00fdten\u00e9 mastn\u00e9 kyseliny&nbsp;<strong>0,1 g<\/strong>, sacharidy&nbsp;<strong>81 g<\/strong>, z toho cukry&nbsp;<strong>0,1 g<\/strong>, bielkoviny&nbsp;<strong>0,3 g<\/strong>, so\u013e&nbsp;<strong>0,2 g<\/strong>.<\/p>\n\n\n\n<p><strong>Balenie:<\/strong>&nbsp;<strong>125 g<\/strong><\/p>\n\n\n\n<p><\/p>","protected":false},"excerpt":{"rendered":"<p>Vitam\u00ednmi obohaten\u00e9 \u017eel\u00e9 cukr\u00edky\u00a0predstavuj\u00fa chutn\u00fa alternat\u00edvu pre t\u00fdch, ktor\u00ed si chc\u00fa dopria\u0165 sladkos\u0165 bez klasick\u00e9ho cukru. V\u010f&#8230; <a href=\"#tab-description\" class=\"more-link\">Cite\u0219te mai mult<\/a><\/p>","protected":false},"featured_media":11200,"comment_status":"open","ping_status":"closed","template":"","meta":{"inline_featured_image":false},"product_brand":[],"product_cat":[71,174,178],"product_tag":[],"class_list":{"0":"post-11198","1":"product","2":"type-product","3":"status-publish","4":"has-post-thumbnail","6":"product_cat-potraviny","7":"product_cat-maskrty","8":"product_cat-sladke-maskrty","10":"first","11":"instock","12":"taxable","13":"shipping-taxable","14":"purchasable","15":"product-type-simple"},"aioseo_notices":[],"_links":{"self":[{"href":"https:\/\/www.biokari.sk\/ro\/wp-json\/wp\/v2\/product\/11198","targetHints":{"allow":["GET"]}}],"collection":[{"href":"https:\/\/www.biokari.sk\/ro\/wp-json\/wp\/v2\/product"}],"about":[{"href":"https:\/\/www.biokari.sk\/ro\/wp-json\/wp\/v2\/types\/product"}],"replies":[{"embeddable":true,"href":"https:\/\/www.biokari.sk\/ro\/wp-json\/wp\/v2\/comments?post=11198"}],"wp:featuredmedia":[{"embeddable":true,"href":"https:\/\/www.biokari.sk\/ro\/wp-json\/wp\/v2\/media\/11200"}],"wp:attachment":[{"href":"https:\/\/www.biokari.sk\/ro\/wp-json\/wp\/v2\/media?parent=11198"}],"wp:term":[{"taxonomy":"product_brand","embeddable":true,"href":"https:\/\/www.biokari.sk\/ro\/wp-json\/wp\/v2\/product_brand?post=11198"},{"taxonomy":"product_cat","embeddable":true,"href":"https:\/\/www.biokari.sk\/ro\/wp-json\/wp\/v2\/product_cat?post=11198"},{"taxonomy":"product_tag","embeddable":true,"href":"https:\/\/www.biokari.sk\/ro\/wp-json\/wp\/v2\/product_tag?post=11198"}],"curies":[{"name":"wp","href":"https:\/\/api.w.org\/{rel}","templated":true}]}}