{"id":11208,"date":"2026-03-30T22:32:27","date_gmt":"2026-03-30T20:32:27","guid":{"rendered":"https:\/\/www.biokari.sk\/produkt\/cerbona-ovsena-tycinky-s-prichutou-malinou-30g\/"},"modified":"2026-05-02T19:01:06","modified_gmt":"2026-05-02T17:01:06","slug":"cerbona-ovsena-tycinky-s-prichutou-malinou-30g","status":"publish","type":"product","link":"https:\/\/www.biokari.sk\/ro\/produs\/cerbona-ovsena-tycinky-s-prichutou-malinou-30g\/","title":{"rendered":"Cerbona Ovsen\u00e1 ty\u010dinky s pr\u00edchu\u0165ou malinou 30g"},"content":{"rendered":"<p><strong>Bezlepkov\u00e1 m\u00fcsli ty\u010dinka s horkou \u010dokol\u00e1dou a malinou<\/strong>\u00a0je chutn\u00e1 a praktick\u00e1 desiata vyroben\u00e1 z kukurice, ktor\u00e1 je prirodzene\u00a0<strong>bezlepkov\u00e1<\/strong>. Kombin\u00e1cia\u00a0<strong>mal\u00edn a horkej \u010dokol\u00e1dy<\/strong>, doplnen\u00e1 o kakaov\u00fa polevu, vytv\u00e1ra bohat\u00fa a vyv\u00e1\u017een\u00fa chu\u0165. Ty\u010dinka m\u00e1 hodnotn\u00e9 nutri\u010dn\u00e9 zlo\u017eenie, je\u00a0<strong>zdrojom vl\u00e1kniny<\/strong>\u00a0a v\u010faka pou\u017eitiu\u00a0<strong>lakt\u00f3zovo neobsahuj\u00facich surov\u00edn<\/strong>sa \u013eahko za\u010dlen\u00ed do vyv\u00e1\u017een\u00e9ho stravovania. Ide\u00e1lna vo\u013eba na cesty aj po\u010das d\u0148a, ke\u010f potrebujete r\u00fdchlu energiu.<\/p>\n\n\n\n<p><strong>Compozi\u021bie:<\/strong>&nbsp;extrudovan\u00e9 obiln\u00e9 vlo\u010dky (kukuri\u010dn\u00e1 krupica, cukor, kakaov\u00fd pr\u00e1\u0161ok), kakaov\u00e1 poleva 22 % [cukor, rastlinn\u00fd tuk (palmov\u00e9 jadro, palma), n\u00edzkotu\u010dn\u00fd kakaov\u00fd pr\u00e1\u0161ok 15 %, emulg\u00e1tory: lecit\u00edny a sorbitan tristear\u00e1t; ar\u00f3ma], gluk\u00f3zo-frukt\u00f3zov\u00fd sirup, ara\u0161idy, rastlinn\u00fd tuk (palmov\u00fd), cukor, gluk\u00f3zov\u00fd sirup, maltodextr\u00edn, \u010dokol\u00e1da 1,8 % (kakaov\u00e1 hmota, cukor, n\u00edzkotu\u010dn\u00fd kakaov\u00fd pr\u00e1\u0161ok, emulg\u00e1tor: s\u00f3jov\u00fd lecit\u00edn; ar\u00f3ma), n\u00edzkotu\u010dn\u00fd kakaov\u00fd pr\u00e1\u0161ok, lyofilizovan\u00e9 k\u00fasky mal\u00edn 1,2 %, zvlh\u010dovadlo: sorbitol; farbivo: karamel; ar\u00f3ma, emulg\u00e1tor: s\u00f3jov\u00fd lecit\u00edn; regul\u00e1tor kyslosti: kyselina jabl\u010dn\u00e1.<\/p>\n\n\n\n<p><strong>Avertisment:<\/strong>&nbsp;v\u00fdrobok m\u00f4\u017ee obsahova\u0165&nbsp;<strong>orechy, sezamov\u00e9 semen\u00e1 a mlie\u010dne bielkoviny<\/strong>.<\/p>\n\n\n\n<p><strong>V\u00fd\u017eivov\u00e9 hodnoty v 100 g:<\/strong>&nbsp;energia&nbsp;<strong>1952 kJ \/ 466 kcal<\/strong>, tuky&nbsp;<strong>20,8 g<\/strong>, z toho nas\u00fdten\u00e9 mastn\u00e9 kyseliny&nbsp;<strong>11,8 g<\/strong>, sacharidy&nbsp;<strong>62 g<\/strong>, z toho cukry&nbsp;<strong>31,5 g<\/strong>, vl\u00e1knina&nbsp;<strong>3,8 g<\/strong>, bielkoviny&nbsp;<strong>5,9 g<\/strong>, so\u013e&nbsp;<strong>0,04 g<\/strong>.<\/p>\n\n\n\n<p><strong>Balenie:<\/strong>&nbsp;<strong>35 g<\/strong><\/p>","protected":false},"excerpt":{"rendered":"<p>Bezlepkov\u00e1 m\u00fcsli ty\u010dinka s horkou \u010dokol\u00e1dou a malinou\u00a0je chutn\u00e1 a praktick\u00e1 desiata vyroben\u00e1 z kukurice, ktor\u00e1 je prirodzene\u00a0bezlepkov\u00e1&#8230; <a href=\"#tab-description\" class=\"more-link\">Cite\u0219te mai mult<\/a><\/p>","protected":false},"featured_media":11214,"comment_status":"open","ping_status":"closed","template":"","meta":{"inline_featured_image":false},"product_brand":[],"product_cat":[71,174,178],"product_tag":[280,309,312,281],"class_list":{"0":"post-11208","1":"product","2":"type-product","3":"status-publish","4":"has-post-thumbnail","6":"product_cat-potraviny","7":"product_cat-maskrty","8":"product_cat-sladke-maskrty","9":"product_tag-bezglutenove","10":"product_tag-novinky","11":"product_tag-top-potraviny","12":"product_tag-veganske","14":"first","15":"instock","16":"taxable","17":"shipping-taxable","18":"purchasable","19":"product-type-simple"},"aioseo_notices":[],"_links":{"self":[{"href":"https:\/\/www.biokari.sk\/ro\/wp-json\/wp\/v2\/product\/11208","targetHints":{"allow":["GET"]}}],"collection":[{"href":"https:\/\/www.biokari.sk\/ro\/wp-json\/wp\/v2\/product"}],"about":[{"href":"https:\/\/www.biokari.sk\/ro\/wp-json\/wp\/v2\/types\/product"}],"replies":[{"embeddable":true,"href":"https:\/\/www.biokari.sk\/ro\/wp-json\/wp\/v2\/comments?post=11208"}],"wp:featuredmedia":[{"embeddable":true,"href":"https:\/\/www.biokari.sk\/ro\/wp-json\/wp\/v2\/media\/11214"}],"wp:attachment":[{"href":"https:\/\/www.biokari.sk\/ro\/wp-json\/wp\/v2\/media?parent=11208"}],"wp:term":[{"taxonomy":"product_brand","embeddable":true,"href":"https:\/\/www.biokari.sk\/ro\/wp-json\/wp\/v2\/product_brand?post=11208"},{"taxonomy":"product_cat","embeddable":true,"href":"https:\/\/www.biokari.sk\/ro\/wp-json\/wp\/v2\/product_cat?post=11208"},{"taxonomy":"product_tag","embeddable":true,"href":"https:\/\/www.biokari.sk\/ro\/wp-json\/wp\/v2\/product_tag?post=11208"}],"curies":[{"name":"wp","href":"https:\/\/api.w.org\/{rel}","templated":true}]}}