{"id":11310,"date":"2026-04-03T21:27:07","date_gmt":"2026-04-03T19:27:07","guid":{"rendered":"https:\/\/www.biokari.sk\/produkt\/naturmind-bezlepkovo-ryzova-kasa-s-kakaom-44g\/"},"modified":"2026-04-24T19:06:38","modified_gmt":"2026-04-24T17:06:38","slug":"naturmind-bezlepkovo-ryzova-kasa-s-kakaom-44g","status":"publish","type":"product","link":"https:\/\/www.biokari.sk\/ro\/produs\/naturmind-bezlepkovo-ryzova-kasa-s-kakaom-44g\/","title":{"rendered":"Naturmind Bezlepkovo-ry\u017eov\u00e1 ka\u0161a s kakaom 44g"},"content":{"rendered":"<p>K<strong>akaov\u00e1 instantn\u00e1 ry\u017eov\u00e1 ka\u0161a s rastlinn\u00fdmi bielkovinami, vitam\u00ednmi a zinkom<\/strong>\u00a0je ide\u00e1lnou vo\u013ebou pre r\u00fdchle, chutn\u00e9 a v\u00fd\u017eivn\u00e9 jedlo po\u010das d\u0148a. Vynik\u00e1 jemnou\u00a0<strong>\u010dokol\u00e1dovou chu\u0165ou<\/strong>, vyv\u00e1\u017een\u00fdm zlo\u017een\u00edm a jednoduchou pr\u00edpravou, v\u010faka \u010domu si ju m\u00f4\u017eete dopria\u0165 doma aj na cest\u00e1ch.<\/p>\n\n\n\n<p><strong>Compozi\u021bie:<\/strong>&nbsp;extrudovan\u00e1 ry\u017eov\u00e1 m\u00faka (86 %), kakaov\u00fd pr\u00e1\u0161ok (6,4 %; kakao so zn\u00ed\u017een\u00fdm obsahom tuku, uhli\u010ditan draseln\u00fd), hrachov\u00fd prote\u00edn (4 %), pr\u00edrodn\u00e9 ar\u00f3my, ry\u017eov\u00fd prote\u00edn (1 %), jedl\u00e1 so\u013e, ar\u00f3ma (vanil\u00edn), sladidl\u00e1 (sukral\u00f3za, steviol-glykozidy), glukon\u00e1t zino\u010dnat\u00fd, niac\u00edn, kyselina pantot\u00e9nov\u00e1 (D-pantoten\u00e1t v\u00e1penat\u00fd), vitam\u00edn B6 (pyridox\u00edn hydrochlorid), tiam\u00edn (tiam\u00edn mononitr\u00e1t), vitam\u00edn B12 (mannitol, metylkobalam\u00edn), biot\u00edn.<\/p>\n\n\n\n<p>T\u00e1to ka\u0161a obsahuje&nbsp;<strong>rastlinn\u00e9 bielkoviny a d\u00f4le\u017eit\u00e9 vitam\u00edny skupiny B<\/strong>, ktor\u00e9 podporuj\u00fa energiu a vitalitu organizmu, ako aj&nbsp;<strong>zinok<\/strong>, ktor\u00fd prispieva k spr\u00e1vnemu fungovaniu imunitn\u00e9ho syst\u00e9mu.<\/p>\n\n\n\n<p><strong>Preg\u0103tire:<\/strong>&nbsp;obsah vrecka (<strong>44 g<\/strong>) vysypte do misky, zalejte pribli\u017ene&nbsp;<strong>200 ml hor\u00facej vody alebo rastlinn\u00e9ho n\u00e1poja<\/strong>&nbsp;a mie\u0161ajte, k\u00fdm nevznikne hladk\u00e1 ka\u0161a bez hrudiek.<\/p>\n\n\n\n<p><strong>V\u00fd\u017eivov\u00e9 hodnoty v 100 g:<\/strong>&nbsp;energia&nbsp;<strong>1434 kJ \/ 338 kcal<\/strong>, tuky&nbsp;<strong>1,6 g<\/strong>, z toho nas\u00fdten\u00e9 mastn\u00e9 kyseliny&nbsp;<strong>0,6 g<\/strong>, sacharidy&nbsp;<strong>68,2 g<\/strong>, z toho cukry&nbsp;<strong>0,6 g<\/strong>, bielkoviny&nbsp;<strong>11,5 g<\/strong>, vl\u00e1knina&nbsp;<strong>2,5 g<\/strong>, so\u013e&nbsp;<strong>0,41 g<\/strong>.<\/p>\n\n\n\n<p><strong>Depozitare:<\/strong>&nbsp;uchov\u00e1vajte na&nbsp;<strong>suchom a chladnom mieste<\/strong>.<\/p>\n\n\n\n<p><strong>Balenie:<\/strong>&nbsp;44 g.<\/p>","protected":false},"excerpt":{"rendered":"<p>Kakaov\u00e1 instantn\u00e1 ry\u017eov\u00e1 ka\u0161a s rastlinn\u00fdmi bielkovinami, vitam\u00ednmi a zinkom\u00a0je ide\u00e1lnou vo\u013ebou pre r\u00fdchle, chutn\u00e9 a v\u00fd\u017eivn\u00e9 jedlo po\u010das d\u0148a&#8230; <a href=\"#tab-description\" class=\"more-link\">Cite\u0219te mai mult<\/a><\/p>","protected":false},"featured_media":11312,"comment_status":"open","ping_status":"closed","template":"","meta":{"inline_featured_image":false},"product_brand":[283],"product_cat":[316,71,174,178,172],"product_tag":[280,309,313,312,281],"class_list":{"0":"post-11310","1":"product","2":"type-product","3":"status-publish","4":"has-post-thumbnail","6":"product_brand-biorganik-naturmind","7":"product_cat-bezlepkove-vyrobky","8":"product_cat-potraviny","9":"product_cat-maskrty","10":"product_cat-sladke-maskrty","11":"product_cat-musli-vlocky","12":"product_tag-bezglutenove","13":"product_tag-novinky","14":"product_tag-top-ostatne","15":"product_tag-top-potraviny","16":"product_tag-veganske","18":"first","19":"instock","20":"taxable","21":"shipping-taxable","22":"purchasable","23":"product-type-simple"},"aioseo_notices":[],"_links":{"self":[{"href":"https:\/\/www.biokari.sk\/ro\/wp-json\/wp\/v2\/product\/11310","targetHints":{"allow":["GET"]}}],"collection":[{"href":"https:\/\/www.biokari.sk\/ro\/wp-json\/wp\/v2\/product"}],"about":[{"href":"https:\/\/www.biokari.sk\/ro\/wp-json\/wp\/v2\/types\/product"}],"replies":[{"embeddable":true,"href":"https:\/\/www.biokari.sk\/ro\/wp-json\/wp\/v2\/comments?post=11310"}],"wp:featuredmedia":[{"embeddable":true,"href":"https:\/\/www.biokari.sk\/ro\/wp-json\/wp\/v2\/media\/11312"}],"wp:attachment":[{"href":"https:\/\/www.biokari.sk\/ro\/wp-json\/wp\/v2\/media?parent=11310"}],"wp:term":[{"taxonomy":"product_brand","embeddable":true,"href":"https:\/\/www.biokari.sk\/ro\/wp-json\/wp\/v2\/product_brand?post=11310"},{"taxonomy":"product_cat","embeddable":true,"href":"https:\/\/www.biokari.sk\/ro\/wp-json\/wp\/v2\/product_cat?post=11310"},{"taxonomy":"product_tag","embeddable":true,"href":"https:\/\/www.biokari.sk\/ro\/wp-json\/wp\/v2\/product_tag?post=11310"}],"curies":[{"name":"wp","href":"https:\/\/api.w.org\/{rel}","templated":true}]}}