{"id":11350,"date":"2026-04-03T23:05:26","date_gmt":"2026-04-03T21:05:26","guid":{"rendered":"https:\/\/www.biokari.sk\/produkt\/naturmind-karobovy-prasok-500g\/"},"modified":"2026-04-29T19:03:10","modified_gmt":"2026-04-29T17:03:10","slug":"naturmind-karobovy-prasok-500g","status":"publish","type":"product","link":"https:\/\/www.biokari.sk\/ro\/produs\/naturmind-karobovy-prasok-500g\/","title":{"rendered":"Naturmind Karobov\u00fd pr\u00e1\u0161ok 500g"},"content":{"rendered":"<p><strong>Karobov\u00fd pr\u00e1\u0161ok (sv\u00e4toj\u00e1nsky chlieb)<\/strong>&nbsp;je ob\u013e\u00fabenou alternat\u00edvou kakaa v zdravej v\u00fd\u017eive. Vzh\u013eadom aj konzistenciou sa ve\u013emi podob\u00e1 kakau, no prirodzene m\u00e1&nbsp;<strong>slad\u0161iu chu\u0165<\/strong>&nbsp;a neobsahuje&nbsp;<strong>teobrom\u00edn<\/strong>, v\u010faka \u010domu je vhodn\u00fd aj pre citlivej\u0161\u00edch konzumentov.<\/p>\n\n\n\n<p>Karob sa z\u00edskava zo strukov sv\u00e4toj\u00e1nskeho chleba, ktor\u00e9 sa po zbere d\u00f4kladne \u010distia, su\u0161ia pribli\u017ene&nbsp;<strong>150 min\u00fat pri 90 \u00b0C<\/strong>a n\u00e1sledne sa jemne mel\u00fa na pr\u00e1\u0161ok.<\/p>\n\n\n\n<p><strong>Compozi\u021bie:<\/strong>&nbsp;100 % karobov\u00fd pr\u00e1\u0161ok (m\u00faka zo sv\u00e4toj\u00e1nskeho chleba).<\/p>\n\n\n\n<p><strong>V\u00fd\u017eivov\u00e9 hodnoty v 100 g:<\/strong>&nbsp;energia&nbsp;<strong>1529 kJ \/ 355 kcal<\/strong>, sacharidy&nbsp;<strong>84,26 g<\/strong>, z toho cukry&nbsp;<strong>38,14 g<\/strong>, vl\u00e1knina&nbsp;<strong>18,9 g<\/strong>, bielkoviny&nbsp;<strong>4,87 g<\/strong>, so\u013e&nbsp;<strong>0,017 g<\/strong>.<\/p>\n\n\n\n<p>Karob je prirodzene bohat\u00fd na&nbsp;<strong>vl\u00e1kninu<\/strong>&nbsp;a m\u00e1 sladk\u00fa chu\u0165, preto sa d\u00e1 pou\u017ei\u0165 ako&nbsp;<strong>n\u00e1hrada kakaa bez potreby \u010fal\u0161ieho sladenia<\/strong>.<\/p>\n\n\n\n<p><strong>Cerere:<\/strong>&nbsp;mo\u017eno ho pou\u017ei\u0165 rovnako ako kakao do n\u00e1pojov, dezertov, kol\u00e1\u010dov \u010di ra\u0148ajkov\u00fdch jed\u00e1l.<\/p>\n\n\n\n<p><strong>Depozitare:<\/strong>&nbsp;uchov\u00e1vajte na&nbsp;<strong>suchom a chladnom mieste<\/strong>.<\/p>\n\n\n\n<p><strong>Avertisment:<\/strong>&nbsp;v\u00fdrobok je balen\u00fd v z\u00e1vode, kde sa sprac\u00fava aj&nbsp;<strong>s\u00f3ja, lepok, zeler a orechy<\/strong>.<\/p>\n\n\n\n<p><strong>\u021aara de origine:<\/strong>&nbsp;\u0160panielsko.<\/p>\n\n\n\n<p><strong>Balenie:<\/strong>\u00a0500g<\/p>","protected":false},"excerpt":{"rendered":"<p>Karobov\u00fd pr\u00e1\u0161ok (sv\u00e4toj\u00e1nsky chlieb)\u00a0je ob\u013e\u00fabenou alternat\u00edvou kakaa v zdravej v\u00fd\u017eive. Vzh\u013eadom aj konzistenciou sa ve\u013emi podob\u00e1 kakau,&#8230; <a href=\"#tab-description\" class=\"more-link\">Cite\u0219te mai mult<\/a><\/p>","protected":false},"featured_media":11352,"comment_status":"open","ping_status":"closed","template":"","meta":{"inline_featured_image":false},"product_brand":[283],"product_cat":[71],"product_tag":[312,281],"class_list":{"0":"post-11350","1":"product","2":"type-product","3":"status-publish","4":"has-post-thumbnail","6":"product_brand-biorganik-naturmind","7":"product_cat-potraviny","8":"product_tag-top-potraviny","9":"product_tag-veganske","11":"first","12":"instock","13":"taxable","14":"shipping-taxable","15":"purchasable","16":"product-type-simple"},"aioseo_notices":[],"_links":{"self":[{"href":"https:\/\/www.biokari.sk\/ro\/wp-json\/wp\/v2\/product\/11350","targetHints":{"allow":["GET"]}}],"collection":[{"href":"https:\/\/www.biokari.sk\/ro\/wp-json\/wp\/v2\/product"}],"about":[{"href":"https:\/\/www.biokari.sk\/ro\/wp-json\/wp\/v2\/types\/product"}],"replies":[{"embeddable":true,"href":"https:\/\/www.biokari.sk\/ro\/wp-json\/wp\/v2\/comments?post=11350"}],"wp:featuredmedia":[{"embeddable":true,"href":"https:\/\/www.biokari.sk\/ro\/wp-json\/wp\/v2\/media\/11352"}],"wp:attachment":[{"href":"https:\/\/www.biokari.sk\/ro\/wp-json\/wp\/v2\/media?parent=11350"}],"wp:term":[{"taxonomy":"product_brand","embeddable":true,"href":"https:\/\/www.biokari.sk\/ro\/wp-json\/wp\/v2\/product_brand?post=11350"},{"taxonomy":"product_cat","embeddable":true,"href":"https:\/\/www.biokari.sk\/ro\/wp-json\/wp\/v2\/product_cat?post=11350"},{"taxonomy":"product_tag","embeddable":true,"href":"https:\/\/www.biokari.sk\/ro\/wp-json\/wp\/v2\/product_tag?post=11350"}],"curies":[{"name":"wp","href":"https:\/\/api.w.org\/{rel}","templated":true}]}}