{"id":11374,"date":"2026-04-05T09:24:02","date_gmt":"2026-04-05T07:24:02","guid":{"rendered":"https:\/\/www.biokari.sk\/produkt\/naturmind-mandlova-muka-500g-2\/"},"modified":"2026-04-05T09:26:35","modified_gmt":"2026-04-05T07:26:35","slug":"naturmind-mandlova-muka-500g-2","status":"publish","type":"product","link":"https:\/\/www.biokari.sk\/ro\/produs\/naturmind-mandlova-muka-500g-2\/","title":{"rendered":"Naturmind Mandlov\u00e1 m\u00faka 500g"},"content":{"rendered":"<p><strong>Mand\u013eov\u00e1 m\u00faka (100 % mand\u013eov\u00e9 jadr\u00e1)<\/strong>&nbsp;je prirodzene&nbsp;<strong>bezlepkov\u00e1 alternat\u00edva klasickej p\u0161eni\u010dnej m\u00faky<\/strong>, ktor\u00e1 je ide\u00e1lna na zdrav\u00e9 pe\u010denie aj varenie. Vyr\u00e1ba sa jemn\u00fdm mlet\u00edm&nbsp;<strong>l\u00fapan\u00fdch a \u010disten\u00fdch mandl\u00ed<\/strong>, v\u010faka \u010domu si zachov\u00e1va svoju prirodzen\u00fa chu\u0165 aj v\u00fd\u017eivov\u00e9 hodnoty.<\/p>\n\n\n\n<p>Je vhodn\u00e1 pre&nbsp;<strong>veg\u00e1nov<\/strong>&nbsp;a mo\u017eno ju pou\u017ei\u0165 ako&nbsp;<strong>n\u00e1hradu p\u0161eni\u010dnej m\u00faky v pomere 1:1<\/strong>, \u010do z nej rob\u00ed univerz\u00e1lnu surovinu do kol\u00e1\u010dov, dezertov, ale aj slan\u00fdch jed\u00e1l.<\/p>\n\n\n\n<p><strong>Compozi\u021bie:<\/strong>&nbsp;100 % mand\u013eov\u00e9 jadr\u00e1.<\/p>\n\n\n\n<p><strong>V\u00fd\u017eivov\u00e9 hodnoty v 100 g:<\/strong>&nbsp;energia&nbsp;<strong>2761 kJ \/ 668 kcal<\/strong>, tuky&nbsp;<strong>56 g<\/strong>, z toho nas\u00fdten\u00e9 mastn\u00e9 kyseliny&nbsp;<strong>4,3 g<\/strong>, sacharidy&nbsp;<strong>10 g<\/strong>, z toho cukry&nbsp;<strong>5,9 g<\/strong>, vl\u00e1knina&nbsp;<strong>14 g<\/strong>, bielkoviny&nbsp;<strong>24 g<\/strong>, so\u013e&nbsp;<strong>0,01 g<\/strong>.<\/p>\n\n\n\n<p>Mand\u013eov\u00e1 m\u00faka je bohat\u00e1 na&nbsp;<strong>zdrav\u00e9 tuky, bielkoviny a vl\u00e1kninu<\/strong>, \u010d\u00edm prispieva k vyv\u00e1\u017eenej strave a dlh\u0161iemu pocitu s\u00fdtosti.<\/p>\n\n\n\n<p><strong>Depozitare:<\/strong>&nbsp;uchov\u00e1vajte na&nbsp;<strong>suchom a chladnom mieste<\/strong>.<\/p>\n\n\n\n<p><strong>Balenie:<\/strong>&nbsp;500 g.<\/p>\n\n\n\n<p><em>Uveden\u00e9 v\u00fd\u017eivov\u00e9 hodnoty s\u00fa orienta\u010dn\u00e9.<\/em><\/p>","protected":false},"excerpt":{"rendered":"<p>Mand\u013eov\u00e1 m\u00faka (100 % mand\u013eov\u00e9 jadr\u00e1)\u00a0je prirodzene\u00a0bezlepkov\u00e1 alternat\u00edva klasickej p\u0161eni\u010dnej m\u00faky, ktor\u00e1 je ide\u00e1lna na zdrav\u00e9 pe\u010denie aj varenie&#8230; <a href=\"#tab-description\" class=\"more-link\">Cite\u0219te mai mult<\/a><\/p>","protected":false},"featured_media":11375,"comment_status":"open","ping_status":"closed","template":"","meta":{"inline_featured_image":false},"product_brand":[283],"product_cat":[316,71,166],"product_tag":[280,312,281],"class_list":{"0":"post-11374","1":"product","2":"type-product","3":"status-publish","4":"has-post-thumbnail","6":"product_brand-biorganik-naturmind","7":"product_cat-bezlepkove-vyrobky","8":"product_cat-potraviny","9":"product_cat-muky","10":"product_tag-bezglutenove","11":"product_tag-top-potraviny","12":"product_tag-veganske","14":"first","15":"onbackorder","16":"taxable","17":"shipping-taxable","18":"purchasable","19":"product-type-simple"},"aioseo_notices":[],"_links":{"self":[{"href":"https:\/\/www.biokari.sk\/ro\/wp-json\/wp\/v2\/product\/11374","targetHints":{"allow":["GET"]}}],"collection":[{"href":"https:\/\/www.biokari.sk\/ro\/wp-json\/wp\/v2\/product"}],"about":[{"href":"https:\/\/www.biokari.sk\/ro\/wp-json\/wp\/v2\/types\/product"}],"replies":[{"embeddable":true,"href":"https:\/\/www.biokari.sk\/ro\/wp-json\/wp\/v2\/comments?post=11374"}],"wp:featuredmedia":[{"embeddable":true,"href":"https:\/\/www.biokari.sk\/ro\/wp-json\/wp\/v2\/media\/11375"}],"wp:attachment":[{"href":"https:\/\/www.biokari.sk\/ro\/wp-json\/wp\/v2\/media?parent=11374"}],"wp:term":[{"taxonomy":"product_brand","embeddable":true,"href":"https:\/\/www.biokari.sk\/ro\/wp-json\/wp\/v2\/product_brand?post=11374"},{"taxonomy":"product_cat","embeddable":true,"href":"https:\/\/www.biokari.sk\/ro\/wp-json\/wp\/v2\/product_cat?post=11374"},{"taxonomy":"product_tag","embeddable":true,"href":"https:\/\/www.biokari.sk\/ro\/wp-json\/wp\/v2\/product_tag?post=11374"}],"curies":[{"name":"wp","href":"https:\/\/api.w.org\/{rel}","templated":true}]}}