{"id":11448,"date":"2026-04-06T22:48:36","date_gmt":"2026-04-06T20:48:36","guid":{"rendered":"https:\/\/www.biokari.sk\/produkt\/naturmind-psenicny-lepok-250g\/"},"modified":"2026-04-27T19:02:03","modified_gmt":"2026-04-27T17:02:03","slug":"naturmind-psenicny-lepok-250g","status":"publish","type":"product","link":"https:\/\/www.biokari.sk\/ro\/produs\/naturmind-psenicny-lepok-250g\/","title":{"rendered":"Naturmind P\u0161eni\u010dn\u00fd lepok 250g"},"content":{"rendered":"<p data-start=\"79\" data-end=\"271\"><strong data-start=\"79\" data-end=\"106\">P\u0161eni\u010dn\u00fd lepok (glut\u00e9n)<\/strong> je pr\u00edrodn\u00e1 zlo\u017eka p\u0161enice s v\u00fdnimo\u010dn\u00fdmi vlastnos\u0165ami \u2013 je <strong data-start=\"166\" data-end=\"214\">elastick\u00fd, via\u017ee vodu a zv\u00e4\u010d\u0161uje objem cesta<\/strong>, v\u010faka \u010domu umo\u017e\u0148uje piec\u0165 <strong data-start=\"242\" data-end=\"270\">nad\u00fdchan\u00fd, vysok\u00fd chlieb<\/strong>.<\/p>\n<p data-start=\"273\" data-end=\"302\"><strong data-start=\"273\" data-end=\"286\">Compozi\u021bie:<\/strong> p\u0161eni\u010dn\u00fd lepok.<\/p>\n<p data-start=\"304\" data-end=\"522\">P\u0161eni\u010dn\u00fd lepok je bohat\u00fd na <strong data-start=\"332\" data-end=\"356\">rastlinn\u00e9 bielkoviny<\/strong> a zohr\u00e1va k\u013e\u00fa\u010dov\u00fa \u00falohu pri tvorbe \u0161trukt\u00fary cesta. Vyu\u017e\u00edva sa najm\u00e4 na <strong data-start=\"429\" data-end=\"477\">zlep\u0161enie kvality m\u00fak s n\u00edzkym obsahom lepku<\/strong>, \u010d\u00edm zlep\u0161uje pru\u017enos\u0165 a konzistenciu cesta.<\/p>\n<p data-start=\"524\" data-end=\"735\">Okrem pe\u010denia je ide\u00e1lny aj na pr\u00edpravu <strong data-start=\"564\" data-end=\"596\">sejtanu (tzv. p\u0161eni\u010dn\u00e9 m\u00e4so)<\/strong>. Po spr\u00e1vnom dochuten\u00ed a tepelnej \u00faprave m\u00e1 <strong data-start=\"641\" data-end=\"672\">text\u00faru a chu\u0165 podobn\u00fa m\u00e4su<\/strong>, preto je ob\u013e\u00faben\u00fd najm\u00e4 v vegetari\u00e1nskej a veg\u00e1nskej kuchyni.<\/p>\n<p data-start=\"737\" data-end=\"931\"><strong data-start=\"737\" data-end=\"766\">V\u00fd\u017eivov\u00e9 hodnoty v 100 g:<\/strong> energia <strong data-start=\"775\" data-end=\"797\">1632 kJ \/ 386 kcal<\/strong>, tuky <strong data-start=\"804\" data-end=\"811\">6 g<\/strong>, z toho nas\u00fdten\u00e9 mastn\u00e9 kyseliny <strong data-start=\"845\" data-end=\"852\">1 g<\/strong>, sacharidy <strong data-start=\"864\" data-end=\"871\">9 g<\/strong>, z toho cukry <strong data-start=\"886\" data-end=\"893\">4 g<\/strong>, bielkoviny <strong data-start=\"906\" data-end=\"914\">75 g<\/strong>, so\u013e <strong data-start=\"920\" data-end=\"930\">0,25 g<\/strong>.<\/p>\n<p data-start=\"933\" data-end=\"1069\"><strong data-start=\"933\" data-end=\"946\">Cerere:<\/strong> vhodn\u00fd na <strong data-start=\"957\" data-end=\"1002\">zlep\u0161enie kvality cesta pri pe\u010den\u00ed chleba<\/strong>, ako aj na pr\u00edpravu sejtanu a r\u00f4znych rastlinn\u00fdch alternat\u00edv m\u00e4sa.<\/p>\n<p data-start=\"1071\" data-end=\"1188\"><strong data-start=\"1071\" data-end=\"1087\">Avertisment:<\/strong> obsahuje <strong data-start=\"1097\" data-end=\"1106\">lepok<\/strong>. Produkt je balen\u00fd v z\u00e1vode, kde sa sprac\u00fava aj <strong data-start=\"1155\" data-end=\"1187\">s\u00f3ja, zeler, hor\u010dica a sezam<\/strong>.<\/p>\n<p data-start=\"1190\" data-end=\"1251\"><strong data-start=\"1190\" data-end=\"1206\">Depozitare:<\/strong> uchov\u00e1vajte na <strong data-start=\"1222\" data-end=\"1250\">suchom a chladnom mieste<\/strong>.<\/p>\n<p data-start=\"1253\" data-end=\"1280\"><strong data-start=\"1253\" data-end=\"1272\">\u021aara de origine:<\/strong> Po\u013esko.<\/p>\n<p data-start=\"1282\" data-end=\"1445\"><strong data-start=\"1282\" data-end=\"1298\">Avertisment:<\/strong> napriek maxim\u00e1lnej snahe o presnos\u0165 inform\u00e1ci\u00ed sa \u00fadaje na e-shope m\u00f4\u017eu mierne l\u00ed\u0161i\u0165. V\u017edy si overte aktu\u00e1lne inform\u00e1cie priamo na obale produktu.<\/p>\n<p data-start=\"1447\" data-end=\"1466\" data-is-last-node=\"\" data-is-only-node=\"\"><strong data-start=\"1447\" data-end=\"1459\">Balenie:<\/strong> 250 g<\/p>","protected":false},"excerpt":{"rendered":"<p>P\u0161eni\u010dn\u00fd lepok (glut\u00e9n) je pr\u00edrodn\u00e1 zlo\u017eka p\u0161enice s v\u00fdnimo\u010dn\u00fdmi vlastnos\u0165ami \u2013 je elastick\u00fd, via\u017ee vodu a zv\u00e4\u010d\u0161uje objem cesta&#8230; <a href=\"#tab-description\" class=\"more-link\">Cite\u0219te mai mult<\/a><\/p>","protected":false},"featured_media":11450,"comment_status":"open","ping_status":"closed","template":"","meta":{"inline_featured_image":false},"product_brand":[283],"product_cat":[71,166],"product_tag":[312,281],"class_list":{"0":"post-11448","1":"product","2":"type-product","3":"status-publish","4":"has-post-thumbnail","6":"product_brand-biorganik-naturmind","7":"product_cat-potraviny","8":"product_cat-muky","9":"product_tag-top-potraviny","10":"product_tag-veganske","12":"first","13":"instock","14":"taxable","15":"shipping-taxable","16":"purchasable","17":"product-type-simple"},"aioseo_notices":[],"_links":{"self":[{"href":"https:\/\/www.biokari.sk\/ro\/wp-json\/wp\/v2\/product\/11448","targetHints":{"allow":["GET"]}}],"collection":[{"href":"https:\/\/www.biokari.sk\/ro\/wp-json\/wp\/v2\/product"}],"about":[{"href":"https:\/\/www.biokari.sk\/ro\/wp-json\/wp\/v2\/types\/product"}],"replies":[{"embeddable":true,"href":"https:\/\/www.biokari.sk\/ro\/wp-json\/wp\/v2\/comments?post=11448"}],"wp:featuredmedia":[{"embeddable":true,"href":"https:\/\/www.biokari.sk\/ro\/wp-json\/wp\/v2\/media\/11450"}],"wp:attachment":[{"href":"https:\/\/www.biokari.sk\/ro\/wp-json\/wp\/v2\/media?parent=11448"}],"wp:term":[{"taxonomy":"product_brand","embeddable":true,"href":"https:\/\/www.biokari.sk\/ro\/wp-json\/wp\/v2\/product_brand?post=11448"},{"taxonomy":"product_cat","embeddable":true,"href":"https:\/\/www.biokari.sk\/ro\/wp-json\/wp\/v2\/product_cat?post=11448"},{"taxonomy":"product_tag","embeddable":true,"href":"https:\/\/www.biokari.sk\/ro\/wp-json\/wp\/v2\/product_tag?post=11448"}],"curies":[{"name":"wp","href":"https:\/\/api.w.org\/{rel}","templated":true}]}}