{"id":11456,"date":"2026-04-06T22:59:49","date_gmt":"2026-04-06T20:59:49","guid":{"rendered":"https:\/\/www.biokari.sk\/produkt\/naturmind-psenova-kasa-300g\/"},"modified":"2026-04-27T19:02:06","modified_gmt":"2026-04-27T17:02:06","slug":"naturmind-psenova-kasa-300g","status":"publish","type":"product","link":"https:\/\/www.biokari.sk\/ro\/produs\/naturmind-psenova-kasa-300g\/","title":{"rendered":"Naturmind P\u0161enov\u00e1 ka\u0161a 300g"},"content":{"rendered":"<p><strong>Neochuten\u00e1 p\u0161enov\u00e1 ka\u0161a<\/strong>&nbsp;je prirodzene&nbsp;<strong>bezlepkov\u00e1 a bez pridan\u00fdch l\u00e1tok<\/strong>, ide\u00e1lna ako z\u00e1klad zdrav\u00e9ho jed\u00e1lni\u010dka. V\u010faka svojmu zlo\u017eeniu je vhodn\u00e1 nielen ako pr\u00edloha, ale aj ako&nbsp;<strong>v\u00fd\u017eivn\u00e9 ra\u0148ajky<\/strong>.<\/p>\n\n\n\n<p><strong>Compozi\u021bie:<\/strong>&nbsp;proso.<\/p>\n\n\n\n<p>Proso patr\u00ed medzi najstar\u0161ie pestovan\u00e9 obilniny a je cenen\u00e9 pre svoj obsah&nbsp;<strong>vl\u00e1kniny, aminokysel\u00edn, vitam\u00ednov a miner\u00e1lov<\/strong>. Pri v\u00fdrobe ka\u0161e sa neprid\u00e1vaj\u00fa \u017eiadne adit\u00edva a zachov\u00e1vaj\u00fa sa v\u0161etky prirodzen\u00e9 \u017eiviny.<\/p>\n\n\n\n<p><strong>V\u00fd\u017eivov\u00e9 hodnoty v 100 g:<\/strong>&nbsp;energia&nbsp;<strong>1474 kJ \/ 348 kcal<\/strong>, tuky&nbsp;<strong>4,1 g<\/strong>, z toho nas\u00fdten\u00e9 mastn\u00e9 kyseliny&nbsp;<strong>0,2 g<\/strong>, sacharidy&nbsp;<strong>71 g<\/strong>, z toho cukry&nbsp;<strong>0,7 g<\/strong>, bielkoviny&nbsp;<strong>13 g<\/strong>, so\u013e&nbsp;<strong>0,02 g<\/strong>.<\/p>\n\n\n\n<p>P\u0161enov\u00e1 ka\u0161a je \u013eahko str\u00e1vite\u013en\u00e1 a v\u010faka vy\u0161\u0161iemu obsahu tukov v porovnan\u00ed s in\u00fdmi obilninami m\u00f4\u017ee by\u0165 n\u00e1chylnej\u0161ia na \u017eltnutie, preto sa odpor\u00fa\u010da po otvoren\u00ed&nbsp;<strong>uchov\u00e1va\u0165 ju v chlade<\/strong>.<\/p>\n\n\n\n<p><strong>Cerere:<\/strong>&nbsp;zalejte dvojn\u00e1sobn\u00fdm mno\u017estvom hor\u00facej vody alebo rastlinn\u00e9ho n\u00e1poja a nechajte odst\u00e1\u0165&nbsp;<strong>5\u201310 min\u00fat<\/strong>. Mo\u017eno ju pripravi\u0165 na sladko aj na slano, ochuti\u0165 ovoc\u00edm, zeleninou, \u0161koricou alebo karobom. Vhodn\u00e1 je aj na&nbsp;<strong>zahus\u0165ovanie jed\u00e1l<\/strong>.<\/p>\n\n\n\n<p><strong>Depozitare:<\/strong>&nbsp;uchov\u00e1vajte na&nbsp;<strong>suchom a chladnom mieste<\/strong>.<\/p>\n\n\n\n<p><strong>\u021aara de origine:<\/strong>&nbsp;uveden\u00e1 na obale produktu.<\/p>\n\n\n\n<p><strong>Avertisment:<\/strong>&nbsp;napriek maxim\u00e1lnej snahe o presnos\u0165 inform\u00e1ci\u00ed sa \u00fadaje na e-shope m\u00f4\u017eu mierne l\u00ed\u0161i\u0165. V\u017edy si overte aktu\u00e1lne inform\u00e1cie priamo na obale produktu.<\/p>\n\n\n\n<p><strong>Greutate: <\/strong>300g<\/p>","protected":false},"excerpt":{"rendered":"<p>&#8230; <a href=\"#tab-description\" class=\"more-link\">Cite\u0219te mai mult<\/a><\/p>","protected":false},"featured_media":11458,"comment_status":"open","ping_status":"closed","template":"","meta":{"inline_featured_image":false},"product_brand":[283],"product_cat":[316,71,166,172],"product_tag":[280,281],"class_list":{"0":"post-11456","1":"product","2":"type-product","3":"status-publish","4":"has-post-thumbnail","6":"product_brand-biorganik-naturmind","7":"product_cat-bezlepkove-vyrobky","8":"product_cat-potraviny","9":"product_cat-muky","10":"product_cat-musli-vlocky","11":"product_tag-bezglutenove","12":"product_tag-veganske","14":"first","15":"onbackorder","16":"taxable","17":"shipping-taxable","18":"purchasable","19":"product-type-simple"},"aioseo_notices":[],"_links":{"self":[{"href":"https:\/\/www.biokari.sk\/ro\/wp-json\/wp\/v2\/product\/11456","targetHints":{"allow":["GET"]}}],"collection":[{"href":"https:\/\/www.biokari.sk\/ro\/wp-json\/wp\/v2\/product"}],"about":[{"href":"https:\/\/www.biokari.sk\/ro\/wp-json\/wp\/v2\/types\/product"}],"replies":[{"embeddable":true,"href":"https:\/\/www.biokari.sk\/ro\/wp-json\/wp\/v2\/comments?post=11456"}],"wp:featuredmedia":[{"embeddable":true,"href":"https:\/\/www.biokari.sk\/ro\/wp-json\/wp\/v2\/media\/11458"}],"wp:attachment":[{"href":"https:\/\/www.biokari.sk\/ro\/wp-json\/wp\/v2\/media?parent=11456"}],"wp:term":[{"taxonomy":"product_brand","embeddable":true,"href":"https:\/\/www.biokari.sk\/ro\/wp-json\/wp\/v2\/product_brand?post=11456"},{"taxonomy":"product_cat","embeddable":true,"href":"https:\/\/www.biokari.sk\/ro\/wp-json\/wp\/v2\/product_cat?post=11456"},{"taxonomy":"product_tag","embeddable":true,"href":"https:\/\/www.biokari.sk\/ro\/wp-json\/wp\/v2\/product_tag?post=11456"}],"curies":[{"name":"wp","href":"https:\/\/api.w.org\/{rel}","templated":true}]}}