{"id":11475,"date":"2026-04-07T21:48:22","date_gmt":"2026-04-07T19:48:22","guid":{"rendered":"https:\/\/www.biokari.sk\/produkt\/apivitalis-vceli-pel-100g\/"},"modified":"2026-04-25T19:02:15","modified_gmt":"2026-04-25T17:02:15","slug":"apivitalis-vceli-pel-100g","status":"publish","type":"product","link":"https:\/\/www.biokari.sk\/ro\/produs\/apivitalis-vceli-pel-100g\/","title":{"rendered":"Apivitalis V\u010del\u00ed pe\u013e 100g"},"content":{"rendered":"<p><strong>V\u010del\u00ed pe\u013e z l\u00fa\u010dnych kvetov (multi-floral pollen)<\/strong>&nbsp;patr\u00ed medzi najkomplexnej\u0161ie&nbsp;<strong>superpotraviny<\/strong>, bohat\u00e9 na&nbsp;<strong>bielkoviny, aminokyseliny, vitam\u00edny a miner\u00e1ly<\/strong>. Je prirodzen\u00fdm zdrojom energie a vitality pre ka\u017edodenn\u00fd \u017eivot.<\/p>\n\n\n\n<p><strong>Compozi\u021bie:<\/strong>&nbsp;100 % su\u0161en\u00fd v\u010del\u00ed pe\u013e z l\u00fa\u010dnych kvetov.<\/p>\n\n\n\n<p>V\u010del\u00ed pe\u013e obsahuje a\u017e&nbsp;<strong>22 aminokysel\u00edn<\/strong>&nbsp;a \u0161irok\u00e9 spektrum vitam\u00ednov, najm\u00e4&nbsp;<strong>vitam\u00edny skupiny B, vitam\u00edn C, D, E, A (provitam\u00edn A)<\/strong>, ako aj kyselinu listov\u00fa, biot\u00edn a \u010fal\u0161ie bioakt\u00edvne l\u00e1tky. Okrem toho je bohat\u00fd na&nbsp;<strong>miner\u00e1ly<\/strong>&nbsp;ako v\u00e1pnik, hor\u010d\u00edk, drasl\u00edk, \u017eelezo, zinok \u010di fosfor.<\/p>\n\n\n\n<p>V porovnan\u00ed s be\u017en\u00fdmi potravinami obsahuje mimoriadne vysok\u00e9 mno\u017estvo \u017eiv\u00edn \u2013 napr\u00edklad&nbsp;<strong>viac bielkov\u00edn ako m\u00e4so<\/strong>&nbsp;a v\u00fdznamn\u00e9 mno\u017estvo antioxidantov, ktor\u00e9 pom\u00e1haj\u00fa chr\u00e1ni\u0165 organizmus pred \u0161kodliv\u00fdmi vplyvmi.<\/p>\n\n\n\n<p>V\u010faka svojmu zlo\u017eeniu p\u00f4sob\u00ed ako&nbsp;<strong>pr\u00edrodn\u00fd antioxidant<\/strong>, podporuje&nbsp;<strong>imunitn\u00fd syst\u00e9m<\/strong>, vitalitu a celkov\u00fa pohodu organizmu. M\u00f4\u017ee prispie\u0165 k&nbsp;<strong>lep\u0161iemu tr\u00e1veniu<\/strong>, regul\u00e1cii \u010drevnej \u010dinnosti a k zn\u00ed\u017eeniu hladiny cholesterolu.<\/p>\n\n\n\n<p><strong>Odpor\u00fa\u010dan\u00e9 pou\u017eitie:<\/strong>&nbsp;vhodn\u00fd pri \u00fanave, strese, vy\u010derpan\u00ed, zn\u00ed\u017eenej imunite, poruch\u00e1ch sp\u00e1nku alebo pri d\u00fdchac\u00edch \u0165a\u017ekostiach. Odpor\u00fa\u010dan\u00e1 denn\u00e1 d\u00e1vka pre dospel\u00fdch je&nbsp;<strong>2 polievkov\u00e9 ly\u017eice (15\u201330 g) pred jedlom<\/strong>, pre deti&nbsp;<strong>1\u20132 \u010dajov\u00e9 ly\u017ei\u010dky denne (5\u201310 g)<\/strong>.<\/p>\n\n\n\n<p>Odpor\u00fa\u010da sa u\u017e\u00edva\u0165 vo forme k\u00fary&nbsp;<strong>2\u20133\u00d7 ro\u010dne po dobu 6 t\u00fd\u017ed\u0148ov<\/strong>, najm\u00e4 na jar a jese\u0148, ale m\u00f4\u017ee sa konzumova\u0165 aj celoro\u010dne.<\/p>\n\n\n\n<p><strong>Depozitare:<\/strong>&nbsp;uchov\u00e1vajte na&nbsp;<strong>suchom, chladnom a tmavom mieste do 25 \u00b0C<\/strong>, mo\u017en\u00e9 je aj skladovanie v chladni\u010dke.<\/p>\n\n\n\n<p><strong>\u021aara de origine:<\/strong>&nbsp;Rumunsko.<\/p>\n\n\n\n<p><strong>Avertisment:<\/strong>&nbsp;nevhodn\u00e9 pre osoby alergick\u00e9 na v\u010delie produkty. Neprekra\u010dujte odpor\u00fa\u010dan\u00fa denn\u00fa d\u00e1vku. Produkt nenahr\u00e1dza pestr\u00fa a vyv\u00e1\u017een\u00fa stravu a zdrav\u00fd \u017eivotn\u00fd \u0161t\u00fdl. Uchov\u00e1vajte mimo dosahu det\u00ed.<\/p>\n\n\n\n<p><strong>Balenie:<\/strong>&nbsp;100 g<\/p>","protected":false},"excerpt":{"rendered":"<p>V\u010del\u00ed pe\u013e z l\u00fa\u010dnych kvetov (multi-floral pollen) patr\u00ed medzi najkomplexnej\u0161ie superpotraviny, bohat\u00e9 na bielkoviny, aminokyseliny&#8230; <a href=\"#tab-description\" class=\"more-link\">Cite\u0219te mai mult<\/a><\/p>","protected":false},"featured_media":11477,"comment_status":"open","ping_status":"closed","template":"","meta":{"inline_featured_image":false},"product_brand":[358],"product_cat":[360,71],"product_tag":[309,312],"class_list":{"0":"post-11475","1":"product","2":"type-product","3":"status-publish","4":"has-post-thumbnail","6":"product_brand-apivitalis","7":"product_cat-ostatne-potraviny","8":"product_cat-potraviny","9":"product_tag-novinky","10":"product_tag-top-potraviny","12":"first","13":"onbackorder","14":"taxable","15":"shipping-taxable","16":"purchasable","17":"product-type-simple"},"aioseo_notices":[],"_links":{"self":[{"href":"https:\/\/www.biokari.sk\/ro\/wp-json\/wp\/v2\/product\/11475","targetHints":{"allow":["GET"]}}],"collection":[{"href":"https:\/\/www.biokari.sk\/ro\/wp-json\/wp\/v2\/product"}],"about":[{"href":"https:\/\/www.biokari.sk\/ro\/wp-json\/wp\/v2\/types\/product"}],"replies":[{"embeddable":true,"href":"https:\/\/www.biokari.sk\/ro\/wp-json\/wp\/v2\/comments?post=11475"}],"wp:featuredmedia":[{"embeddable":true,"href":"https:\/\/www.biokari.sk\/ro\/wp-json\/wp\/v2\/media\/11477"}],"wp:attachment":[{"href":"https:\/\/www.biokari.sk\/ro\/wp-json\/wp\/v2\/media?parent=11475"}],"wp:term":[{"taxonomy":"product_brand","embeddable":true,"href":"https:\/\/www.biokari.sk\/ro\/wp-json\/wp\/v2\/product_brand?post=11475"},{"taxonomy":"product_cat","embeddable":true,"href":"https:\/\/www.biokari.sk\/ro\/wp-json\/wp\/v2\/product_cat?post=11475"},{"taxonomy":"product_tag","embeddable":true,"href":"https:\/\/www.biokari.sk\/ro\/wp-json\/wp\/v2\/product_tag?post=11475"}],"curies":[{"name":"wp","href":"https:\/\/api.w.org\/{rel}","templated":true}]}}