{"id":11530,"date":"2026-04-10T21:59:15","date_gmt":"2026-04-10T19:59:15","guid":{"rendered":"https:\/\/www.biokari.sk\/produkt\/interherb-kolagenovo-hyaluronove-kyseliny-kapsuly-30ks\/"},"modified":"2026-04-10T22:17:32","modified_gmt":"2026-04-10T20:17:32","slug":"interherb-kolagenovo-hyaluronove-kyseliny-kapsuly-30ks","status":"publish","type":"product","link":"https:\/\/www.biokari.sk\/ro\/produs\/interherb-kolagenovo-hyaluronove-kyseliny-kapsuly-30ks\/","title":{"rendered":"Interherb Kolag\u00e9novo-hyaluronov\u00e9 kyseliny kapsuly 30ks"},"content":{"rendered":"<p><strong>INTERHERB Kolag\u00e9n &amp; Kyselina hyalur\u00f3nov\u00e1 INTENSE tablety<\/strong>&nbsp;predstavuj\u00fa modern\u00fd doplnok v\u00fd\u017eivy navrhnut\u00fd pre podporu kr\u00e1sy a vitality zvn\u00fatra. Kombin\u00e1cia hydrolyzovan\u00e9ho kolag\u00e9nu, kyseliny hyalur\u00f3novej, vitam\u00ednu C, vitam\u00ednu A a biot\u00ednu vytv\u00e1ra komplexn\u00fa starostlivos\u0165 o poko\u017eku, vlasy a celkov\u00fd vzh\u013ead. Kolag\u00e9n je prirodzenou s\u00fa\u010das\u0165ou ko\u017ee, chrupaviek a kost\u00ed, pri\u010dom spolu s kyselinou hyalur\u00f3novou prispieva k \u0161trukt\u00fare poko\u017eky a jej hydrat\u00e1cii.<\/p>\n\n\n\n<p>Vitam\u00edn C prispieva k norm\u00e1lnej tvorbe kolag\u00e9nu pre spr\u00e1vnu funkciu poko\u017eky, vitam\u00edn A podporuje udr\u017eanie norm\u00e1lneho stavu poko\u017eky a slizn\u00edc a biot\u00edn prispieva k udr\u017eaniu zdrav\u00fdch vlasov a poko\u017eky. V\u010faka vyv\u00e1\u017een\u00e9mu zlo\u017eeniu je tento produkt ide\u00e1lnou vo\u013ebou pre ka\u017ed\u00e9ho, kto chce podpori\u0165 svoj vzh\u013ead a starostlivos\u0165 o telo prirodzen\u00fdm sp\u00f4sobom.<\/p>\n\n\n\n<p><strong>Compozi\u021bie:<\/strong>&nbsp;hydrolyzovan\u00fd kolag\u00e9n, sodn\u00e1 so\u013e kyseliny hyalur\u00f3novej, plniv\u00e1 (mikrokry\u0161talick\u00e1 celul\u00f3za, sodn\u00e1 so\u013e karboxymetylcelul\u00f3zy, hydroxypropylmetylcelul\u00f3za, hydroxypropylcelul\u00f3za), vitam\u00edn C (kyselina L-askorbov\u00e1), vitam\u00edn A (retinylacet\u00e1t), protihrudkuj\u00face l\u00e1tky (hore\u010dnat\u00e9 soli mastn\u00fdch kysel\u00edn, mastenec), polyetyl\u00e9nglykol, farbivo: karm\u00edn, biot\u00edn (D-biot\u00edn).<\/p>\n\n\n\n<p><strong>Dozaj:<\/strong>&nbsp;odpor\u00fa\u010da sa u\u017e\u00edva\u0165 1 tabletu denne po\u010das jedla a zapi\u0165 dostato\u010dn\u00fdm mno\u017estvom tekutiny.<\/p>\n\n\n\n<p><strong>Avertisment:<\/strong>&nbsp;neprekra\u010dujte odpor\u00fa\u010dan\u00fa denn\u00fa d\u00e1vku. V\u00fd\u017eivov\u00fd doplnok nenahr\u00e1dza pestr\u00fa a vyv\u00e1\u017een\u00fa stravu a zdrav\u00fd \u017eivotn\u00fd \u0161t\u00fdl. Uchov\u00e1vajte mimo dosahu det\u00ed.<\/p>\n\n\n\n<p><strong>Depozitare:<\/strong>&nbsp;uchov\u00e1vajte na suchom mieste pri teplote 15\u201325 \u00b0C.<\/p>\n\n\n\n<p><strong>\u021aara de origine:<\/strong>&nbsp;pod\u013ea \u00fadajov na obale.<\/p>\n\n\n\n<p><strong>Balenie:<\/strong>&nbsp;30 tabliet<\/p>","protected":false},"excerpt":{"rendered":"<p>&#8230; <a href=\"#tab-description\" class=\"more-link\">Cite\u0219te mai mult<\/a><\/p>","protected":false},"featured_media":11532,"comment_status":"open","ping_status":"closed","template":"","meta":{"inline_featured_image":false},"product_brand":[344],"product_cat":[367,368,69,146,145],"product_tag":[],"class_list":{"0":"post-11530","1":"product","2":"type-product","3":"status-publish","4":"has-post-thumbnail","6":"product_brand-interherb","7":"product_cat-tabletky","8":"product_cat-tabletky-klby-a-reuma","9":"product_cat-vyzivove-doplnky","10":"product_cat-klby-a-reuma","11":"product_cat-krasa","13":"first","14":"onbackorder","15":"taxable","16":"shipping-taxable","17":"purchasable","18":"product-type-simple"},"aioseo_notices":[],"_links":{"self":[{"href":"https:\/\/www.biokari.sk\/ro\/wp-json\/wp\/v2\/product\/11530","targetHints":{"allow":["GET"]}}],"collection":[{"href":"https:\/\/www.biokari.sk\/ro\/wp-json\/wp\/v2\/product"}],"about":[{"href":"https:\/\/www.biokari.sk\/ro\/wp-json\/wp\/v2\/types\/product"}],"replies":[{"embeddable":true,"href":"https:\/\/www.biokari.sk\/ro\/wp-json\/wp\/v2\/comments?post=11530"}],"wp:featuredmedia":[{"embeddable":true,"href":"https:\/\/www.biokari.sk\/ro\/wp-json\/wp\/v2\/media\/11532"}],"wp:attachment":[{"href":"https:\/\/www.biokari.sk\/ro\/wp-json\/wp\/v2\/media?parent=11530"}],"wp:term":[{"taxonomy":"product_brand","embeddable":true,"href":"https:\/\/www.biokari.sk\/ro\/wp-json\/wp\/v2\/product_brand?post=11530"},{"taxonomy":"product_cat","embeddable":true,"href":"https:\/\/www.biokari.sk\/ro\/wp-json\/wp\/v2\/product_cat?post=11530"},{"taxonomy":"product_tag","embeddable":true,"href":"https:\/\/www.biokari.sk\/ro\/wp-json\/wp\/v2\/product_tag?post=11530"}],"curies":[{"name":"wp","href":"https:\/\/api.w.org\/{rel}","templated":true}]}}