{"id":11548,"date":"2026-04-10T22:53:28","date_gmt":"2026-04-10T20:53:28","guid":{"rendered":"https:\/\/www.biokari.sk\/produkt\/lakhsmi-medvedi-cesnak-korenie-10g\/"},"modified":"2026-04-17T19:01:46","modified_gmt":"2026-04-17T17:01:46","slug":"lakhsmi-medvedi-cesnak-korenie-10g","status":"publish","type":"product","link":"https:\/\/www.biokari.sk\/ro\/produs\/lakhsmi-medvedi-cesnak-korenie-10g\/","title":{"rendered":"Lakhsmi Medved\u00ed cesnak korenie 10g"},"content":{"rendered":"<p><strong>LAKHSMY Su\u0161en\u00fd medved\u00ed cesnak<\/strong>&nbsp;predstavuje aromatick\u00e9 pr\u00edrodn\u00e9 korenie, ktor\u00e9 dod\u00e1 jedl\u00e1m v\u00fdrazn\u00fa, svie\u017eu chu\u0165 a jedine\u010dn\u00fd charakter. V\u010faka svojej intenz\u00edvnej ar\u00f3me je ide\u00e1lny na dochutenie \u0161irok\u00e9ho spektra pokrmov \u2013 od \u0161al\u00e1tov cez n\u00e1tierky a\u017e po tepl\u00e9 jedl\u00e1.<\/p>\n\n\n\n<p>Tento produkt obsahuje&nbsp;<strong>100 % su\u0161en\u00fd medved\u00ed cesnak z pr\u00edrodn\u00fdch zdrojov<\/strong>, bez pridan\u00fdch l\u00e1tok. Je vhodn\u00fd na ka\u017edodenn\u00e9 pou\u017eitie v kuchyni a jednoducho sa za\u010dlen\u00ed do r\u00f4znych receptov, kde prirodzene zv\u00fdrazn\u00ed chu\u0165 jedla.<\/p>\n\n\n\n<p><strong>Compozi\u021bie:<\/strong>&nbsp;100 % su\u0161en\u00fd medved\u00ed cesnak.<\/p>\n\n\n\n<p><strong>Cerere:<\/strong>&nbsp;vhodn\u00fd na dochutenie jed\u00e1l pri varen\u00ed aj po pr\u00edprave. Ide\u00e1lny do \u0161al\u00e1tov, n\u00e1tierok, om\u00e1\u010dok, polievok, pr\u00edloh alebo zeleninov\u00fdch jed\u00e1l.<\/p>\n\n\n\n<p><strong>Doza recomandat\u0103:<\/strong>&nbsp;pribli\u017ene 1 \u010dajov\u00e1 ly\u017ei\u010dka denne, pod\u013ea chuti.<\/p>\n\n\n\n<p>Medved\u00ed cesnak je tradi\u010dne vyu\u017e\u00edvan\u00fd v kuchyni a je prirodzenou s\u00fa\u010das\u0165ou vyv\u00e1\u017eenej stravy. V\u010faka svojej v\u00fdraznej chuti dok\u00e1\u017ee obohati\u0165 ka\u017edodenn\u00e9 jedl\u00e1 a prinies\u0165 nov\u00e9 kulin\u00e1rske z\u00e1\u017eitky.<\/p>\n\n\n\n<p><strong>Depozitare:<\/strong>&nbsp;uchov\u00e1vajte na suchom a chladnom mieste, ide\u00e1lne v uzavretej n\u00e1dobe, chr\u00e1nen\u00e9 pred svetlom a vlhkos\u0165ou.<\/p>\n\n\n\n<p><strong>\u021aara de origine:<\/strong>&nbsp;uveden\u00e1 na obale.<\/p>\n\n\n\n<p><strong>Balenie: <\/strong>10g<\/p>","protected":false},"excerpt":{"rendered":"<p>LAKHSMY Su\u0161en\u00fd medved\u00ed cesnak\u00a0predstavuje aromatick\u00e9 pr\u00edrodn\u00e9 korenie, ktor\u00e9 dod\u00e1 jedl\u00e1m v\u00fdrazn\u00fa, svie\u017eu chu\u0165 a jedine\u010dn\u00fd charakter&#8230; <a href=\"#tab-description\" class=\"more-link\">Cite\u0219te mai mult<\/a><\/p>","protected":false},"featured_media":11550,"comment_status":"open","ping_status":"closed","template":"","meta":{"inline_featured_image":false},"product_brand":[],"product_cat":[370,71],"product_tag":[280,312,281],"class_list":{"0":"post-11548","1":"product","2":"type-product","3":"status-publish","4":"has-post-thumbnail","6":"product_cat-koreninove-zmesi","7":"product_cat-potraviny","8":"product_tag-bezglutenove","9":"product_tag-top-potraviny","10":"product_tag-veganske","12":"first","13":"onbackorder","14":"taxable","15":"shipping-taxable","16":"purchasable","17":"product-type-simple"},"aioseo_notices":[],"_links":{"self":[{"href":"https:\/\/www.biokari.sk\/ro\/wp-json\/wp\/v2\/product\/11548","targetHints":{"allow":["GET"]}}],"collection":[{"href":"https:\/\/www.biokari.sk\/ro\/wp-json\/wp\/v2\/product"}],"about":[{"href":"https:\/\/www.biokari.sk\/ro\/wp-json\/wp\/v2\/types\/product"}],"replies":[{"embeddable":true,"href":"https:\/\/www.biokari.sk\/ro\/wp-json\/wp\/v2\/comments?post=11548"}],"wp:featuredmedia":[{"embeddable":true,"href":"https:\/\/www.biokari.sk\/ro\/wp-json\/wp\/v2\/media\/11550"}],"wp:attachment":[{"href":"https:\/\/www.biokari.sk\/ro\/wp-json\/wp\/v2\/media?parent=11548"}],"wp:term":[{"taxonomy":"product_brand","embeddable":true,"href":"https:\/\/www.biokari.sk\/ro\/wp-json\/wp\/v2\/product_brand?post=11548"},{"taxonomy":"product_cat","embeddable":true,"href":"https:\/\/www.biokari.sk\/ro\/wp-json\/wp\/v2\/product_cat?post=11548"},{"taxonomy":"product_tag","embeddable":true,"href":"https:\/\/www.biokari.sk\/ro\/wp-json\/wp\/v2\/product_tag?post=11548"}],"curies":[{"name":"wp","href":"https:\/\/api.w.org\/{rel}","templated":true}]}}